{"id":8700,"date":"2022-07-11T18:37:49","date_gmt":"2022-07-11T17:37:49","guid":{"rendered":"https:\/\/www.altag.nl\/?post_type=product&#038;p=8700"},"modified":"2025-12-03T10:37:02","modified_gmt":"2025-12-03T09:37:02","slug":"heide-zloto","status":"publish","type":"product","link":"https:\/\/www.altag.nl\/pl\/produkt\/heide-zloto\/","title":{"rendered":"Heide Gold"},"content":{"rendered":"<div class=\"wpb-content-wrapper\"><section data-vc-full-width=\"true\" data-vc-full-width-temp=\"true\" data-vc-full-width-init=\"false\" class=\"vc_section vc_custom_1497864350266 vc_section-has-fill wd-row-gradient-enable\"><div class=\"woodmart-row-gradient wd-fill\" style=\"background-image:radial-gradient(ellipse at center center, rgba(255, 255, 255, 0) 15%, rgba(0, 0, 0, 0.07) 100%);\"><\/div><div class=\"vc_row wpb_row vc_row-fluid vc_row-o-content-middle vc_row-flex\"><div class=\"wpb_column vc_column_container vc_col-sm-6\"><div class=\"vc_column-inner vc_custom_1497883959176\"><div class=\"wpb_wrapper\"><h5 style=\"font-size: 18px;color: #777777;text-align: center\" class=\"vc_custom_heading vc_do_custom_heading visible-lg vc_custom_1645188580764\" >Wygl\u0105d premium<\/h5>\n\t\t<div id=\"wd-62cc601400f43\" class=\"title-wrapper wd-wpb wd-set-mb reset-last-child  wd-rs-62cc601400f43 wd-title-color-primary wd-title-style-default text-center vc_custom_1657561113167 wd-width-enabled wd-underline-colored\" style=\"--wd-max-width: 90%;\">\n\t\t\t\n\t\t\t<div class=\"liner-continer\">\n\t\t\t\t<h4 class=\"woodmart-title-container title  wd-font-weight- wd-fontsize-xxxl\" >Modne z\u0142oto<\/h4>\n\t\t\t\t\t\t\t<\/div>\n\t\t\t\n\t\t\t\t\t\t\t<div class=\"title-after_title reset-last-child  wd-fontsize-s\">Ten uchwyt jest dost\u0119pny w r\u00f3\u017cnych kolorach, takich jak czarny, z\u0142oty i srebrny.<\/div>\n\t\t\t\n\t\t\t\n\t\t<\/div>\n\t\t\n\t\t<\/div><\/div><\/div><div class=\"wpb_column text-center vc_column_container vc_col-sm-6\"><div class=\"vc_column-inner\"><div class=\"wpb_wrapper\">\n\t\t<div id=\"wd-605c74afe6fc8\" class=\"title-wrapper wd-wpb wd-set-mb reset-last-child  wd-rs-605c74afe6fc8 wd-title-color-default wd-title-style-underlined text-left vc_custom_1616671930666 wd-underline-colored\">\n\t\t\t\n\t\t\t<div class=\"liner-continer\">\n\t\t\t\t<h4 class=\"woodmart-title-container title  wd-font-weight- wd-fontsize-l\" >Specyfikacja<\/h4>\n\t\t\t\t\t\t\t<\/div>\n\t\t\t\n\t\t\t\n\t\t\t\n\t\t<\/div>\n\t\t\n\t\t\n\t<div class=\"wpb_text_column wpb_content_element vc_custom_1738679577791\" >\n\t\t<div class=\"wpb_wrapper\">\n\t\t\t<table>\n<tbody>\n<tr>\n<th>Kolekcja<\/th>\n<td>Heide<\/td>\n<\/tr>\n<tr>\n<th>Kolor:<\/th>\n<td>Z\u0142oto<\/td>\n<\/tr>\n<tr>\n<th>Materia\u0142:<\/th>\n<td>Stal nierdzewna<\/td>\n<\/tr>\n<tr>\n<th>Monta\u017c:<\/th>\n<td>Mocowanie za pomoc\u0105 dostarczonych \u015brub<\/td>\n<\/tr>\n<tr>\n<th>Wysoko\u015b\u0107:<\/th>\n<td>3,2 cm<\/td>\n<\/tr>\n<tr>\n<th>Szeroko\u015b\u0107:<\/th>\n<td>1,2 cm<\/td>\n<\/tr>\n<tr>\n<th>Gwarancja:<\/th>\n<td>1 rok<\/td>\n<\/tr>\n<\/tbody>\n<\/table>\n\n\t\t<\/div>\n\t<\/div>\n<\/div><\/div><\/div><\/div><div data-vc-full-width=\"true\" data-vc-full-width-temp=\"true\" data-vc-full-width-init=\"false\" data-vc-stretch-content=\"true\" class=\"vc_row wpb_row vc_row-fluid vc_row-no-padding\"><div class=\"wpb_column vc_column_container vc_col-sm-12\"><div class=\"vc_column-inner\"><div class=\"wpb_wrapper\">\t\t\t<div id=\"wd-69e4db4bc2963\" class=\"wd-row-divider wd-69e4db4bc2963 dvr-position-bottom dvr-style-curved-line\">\n\t\t\t\t<svg xmlns=\"http:\/\/www.w3.org\/2000\/svg\" xmlns:xlink=\"http:\/\/www.w3.org\/1999\/xlink\" x=\"0px\" y=\"0px\"\n\t viewbox=\"0 0 100 100\" width=\"100%\" height=\"50px\" preserveaspectratio=\"none\">\n<path display=\"none\" d=\"M100,25.8V100H0V52.5c-4.9-6.8-9.5-13.8-15-19.7V101h125V20.9C106.3,22,103,23.7,100,25.8z\"\/>\n<path d=\"M100,100V0.8C77.8,21.4,71.3,70.5,38.6,70.5c-18.8,0-29.1-16.2-38.6-34V100H100z\"\/>\n<\/svg>\n\t\t\t\t\t\t\t<\/div>\n\t\t<\/div><\/div><\/div><\/div><div class=\"vc_row-full-width vc_clearfix\"><\/div><\/section><div class=\"vc_row-full-width vc_clearfix\"><\/div><div class=\"vc_row wpb_row vc_row-fluid vc_custom_1497864642484\"><div class=\"wpb_column vc_column_container vc_col-sm-4\"><div class=\"vc_column-inner vc_custom_1497864611596\"><div class=\"wpb_wrapper\">\n\t\t<div id=\"wd-62cb3f207cad7\" class=\"title-wrapper wd-wpb wd-set-mb reset-last-child  wd-rs-62cb3f207cad7 wd-title-color-primary wd-title-style-default text-center vc_custom_1657487139542 wd-underline-colored\">\n\t\t\t\n\t\t\t<div class=\"liner-continer\">\n\t\t\t\t<h4 class=\"woodmart-title-container title  wd-font-weight- wd-fontsize-xxl\" >Czarny<\/h4>\n\t\t\t\t\t\t\t<\/div>\n\t\t\t\n\t\t\t\t\t\t\t<div class=\"title-after_title reset-last-child  wd-fontsize-s\">Czarny matowy uchwyt<br \/>\nNowoczesny i modny wygl\u0105d.<\/div>\n\t\t\t\n\t\t\t\n\t\t<\/div>\n\t\t\n\t\t<div class=\"vc_empty_space\"   style=\"height: 25px\"><span class=\"vc_empty_space_inner\"><\/span><\/div>\t\t<div id=\"gallery_571\" class=\"wd-images-gallery wd-wpb wd-rs-62cd6d706b576\" style=\"--wd-justify-content:center;--wd-align-items:center;\">\n\t\t\t\n\t\t\t<div class=\"wd-grid-g\" style=\"--wd-col-lg:1;--wd-col-md:1;--wd-col-sm:1;--wd-gap-lg:0px;\">\n\t\t\t\t\n\t\t\t\t\t\t\t\t\t\t\t\t\t\t\t<div class=\"wd-gallery-item wd-col\">\n\t\t\t\t\t\t\t\t\t\t\t\t\t\t<a href=\"\/pl\/produkt\/heide-czarny\/\" data-elementor-open-lightbox=\"no\" data-index=\"1\" data-width=\"1000\" data-height=\"1000\" \n\t\t\t\t\t\t\t\t\t\t\t\t\t\t\t\t\t\t\t\t>\n\t\t\t\t\t\t\t\t\n\t\t\t\t\t\t\t\t<img loading=\"lazy\" decoding=\"async\" width=\"300\" height=\"300\" src=\"https:\/\/www.altag.nl\/wp-content\/uploads\/2022\/07\/handgreep-zwart-soorten-300x300.jpg\" class=\"wd-gallery-image image-1\" alt=\"uchwyt-czarny-gatunek\" srcset=\"https:\/\/www.altag.nl\/wp-content\/uploads\/2022\/07\/handgreep-zwart-soorten-300x300.jpg 300w, https:\/\/www.altag.nl\/wp-content\/uploads\/2022\/07\/handgreep-zwart-soorten-430x430.jpg 430w, https:\/\/www.altag.nl\/wp-content\/uploads\/2022\/07\/handgreep-zwart-soorten-75x75.jpg 75w, https:\/\/www.altag.nl\/wp-content\/uploads\/2022\/07\/handgreep-zwart-soorten-700x700.jpg 700w, https:\/\/www.altag.nl\/wp-content\/uploads\/2022\/07\/handgreep-zwart-soorten-800x800.jpg 800w, https:\/\/www.altag.nl\/wp-content\/uploads\/2022\/07\/handgreep-zwart-soorten-150x150.jpg 150w, https:\/\/www.altag.nl\/wp-content\/uploads\/2022\/07\/handgreep-zwart-soorten-768x768.jpg 768w, https:\/\/www.altag.nl\/wp-content\/uploads\/2022\/07\/handgreep-zwart-soorten-860x860.jpg 860w, https:\/\/www.altag.nl\/wp-content\/uploads\/2022\/07\/handgreep-zwart-soorten-400x400.jpg 400w, https:\/\/www.altag.nl\/wp-content\/uploads\/2022\/07\/handgreep-zwart-soorten.jpg 1000w\" sizes=\"auto, (max-width: 300px) 100vw, 300px\" \/>\n\t\t\t\t\t\t\t\t\t\t\t\t\t\t\t<\/a>\n\t\t\t\t\t\t\t\t\t\t\t\t<\/div>\n\t\t\t\t\t\t\t\t\t\n\t\t\t\t\t\t\t<\/div>\n\n\t\t\t\t\t<\/div>\n\t\t<\/div><\/div><\/div><div class=\"wpb_column vc_column_container vc_col-sm-4\"><div class=\"vc_column-inner vc_custom_1497864617187\"><div class=\"wpb_wrapper\">\n\t\t<div id=\"wd-62cb4fd3970c9\" class=\"title-wrapper wd-wpb wd-set-mb reset-last-child  wd-rs-62cb4fd3970c9 wd-title-color-primary wd-title-style-default text-center vc_custom_1657491419442 wd-underline-colored\">\n\t\t\t\n\t\t\t<div class=\"liner-continer\">\n\t\t\t\t<h4 class=\"woodmart-title-container title  wd-font-weight- wd-fontsize-xxl\" >Z\u0142oto<\/h4>\n\t\t\t\t\t\t\t<\/div>\n\t\t\t\n\t\t\t\t\t\t\t<div class=\"title-after_title reset-last-child  wd-fontsize-s\">Matowy z\u0142oty uchwyt<br \/>\nLuksus i elegancja.<\/div>\n\t\t\t\n\t\t\t\n\t\t<\/div>\n\t\t\n\t\t<div class=\"vc_empty_space\"   style=\"height: 25px\"><span class=\"vc_empty_space_inner\"><\/span><\/div>\t\t<div id=\"gallery_295\" class=\"wd-images-gallery wd-wpb wd-rs-62cd6d676cbd1\" style=\"--wd-justify-content:center;--wd-align-items:center;\">\n\t\t\t\n\t\t\t<div class=\"wd-grid-g\" style=\"--wd-col-lg:1;--wd-col-md:1;--wd-col-sm:1;--wd-gap-lg:0px;\">\n\t\t\t\t\n\t\t\t\t\t\t\t\t\t\t\t\t\t\t\t<div class=\"wd-gallery-item wd-col\">\n\t\t\t\t\t\t\t\n\t\t\t\t\t\t\t\t<img loading=\"lazy\" decoding=\"async\" width=\"300\" height=\"300\" src=\"https:\/\/www.altag.nl\/wp-content\/uploads\/2022\/07\/Handgreep-goud-rond-300x300.jpg\" class=\"wd-gallery-image image-1\" alt=\"Uchwyt z\u0142oty okr\u0105g\u0142y\" srcset=\"https:\/\/www.altag.nl\/wp-content\/uploads\/2022\/07\/Handgreep-goud-rond-300x300.jpg 300w, https:\/\/www.altag.nl\/wp-content\/uploads\/2022\/07\/Handgreep-goud-rond-430x430.jpg 430w, https:\/\/www.altag.nl\/wp-content\/uploads\/2022\/07\/Handgreep-goud-rond-75x75.jpg 75w, https:\/\/www.altag.nl\/wp-content\/uploads\/2022\/07\/Handgreep-goud-rond-700x700.jpg 700w, https:\/\/www.altag.nl\/wp-content\/uploads\/2022\/07\/Handgreep-goud-rond-800x800.jpg 800w, https:\/\/www.altag.nl\/wp-content\/uploads\/2022\/07\/Handgreep-goud-rond-150x150.jpg 150w, https:\/\/www.altag.nl\/wp-content\/uploads\/2022\/07\/Handgreep-goud-rond-768x768.jpg 768w, https:\/\/www.altag.nl\/wp-content\/uploads\/2022\/07\/Handgreep-goud-rond-860x860.jpg 860w, https:\/\/www.altag.nl\/wp-content\/uploads\/2022\/07\/Handgreep-goud-rond-400x400.jpg 400w, https:\/\/www.altag.nl\/wp-content\/uploads\/2022\/07\/Handgreep-goud-rond.jpg 1000w\" sizes=\"auto, (max-width: 300px) 100vw, 300px\" \/>\n\t\t\t\t\t\t\t\t\t\t\t\t\t\t<\/div>\n\t\t\t\t\t\t\t\t\t\n\t\t\t\t\t\t\t<\/div>\n\n\t\t\t\t\t<\/div>\n\t\t<\/div><\/div><\/div><div class=\"wpb_column vc_column_container vc_col-sm-4\"><div class=\"vc_column-inner vc_custom_1497864622411\"><div class=\"wpb_wrapper\">\n\t\t<div id=\"wd-62cb4fa7d752e\" class=\"title-wrapper wd-wpb wd-set-mb reset-last-child  wd-rs-62cb4fa7d752e wd-title-color-primary wd-title-style-default text-center vc_custom_1657491385809 wd-underline-colored\">\n\t\t\t\n\t\t\t<div class=\"liner-continer\">\n\t\t\t\t<h4 class=\"woodmart-title-container title  wd-font-weight- wd-fontsize-xxl\" >Srebro<\/h4>\n\t\t\t\t\t\t\t<\/div>\n\t\t\t\n\t\t\t\t\t\t\t<div class=\"title-after_title reset-last-child  wd-fontsize-s\">Matowy srebrny uchwyt<br \/>\nSzykowny i nowoczesny wygl\u0105d.<\/div>\n\t\t\t\n\t\t\t\n\t\t<\/div>\n\t\t\n\t\t<div class=\"vc_empty_space\"   style=\"height: 25px\"><span class=\"vc_empty_space_inner\"><\/span><\/div>\t\t<div id=\"gallery_400\" class=\"wd-images-gallery wd-wpb wd-rs-62cc5e1fe8c23\" style=\"--wd-justify-content:center;--wd-align-items:center;\">\n\t\t\t\n\t\t\t<div class=\"wd-grid-g\" style=\"--wd-col-lg:1;--wd-col-md:1;--wd-col-sm:1;--wd-gap-lg:0px;\">\n\t\t\t\t\n\t\t\t\t\t\t\t\t\t\t\t\t\t\t\t<div class=\"wd-gallery-item wd-col\">\n\t\t\t\t\t\t\t\t\t\t\t\t\t\t<a href=\"\/pl\/produkt\/wrzosowy-srebrny\/\" data-elementor-open-lightbox=\"no\" data-index=\"1\" data-width=\"1200\" data-height=\"1124\" \n\t\t\t\t\t\t\t\t\t\t\t\t\t\t\t\t\t\t\t\t>\n\t\t\t\t\t\t\t\t\n\t\t\t\t\t\t\t\t<img loading=\"lazy\" decoding=\"async\" width=\"320\" height=\"300\" src=\"https:\/\/www.altag.nl\/wp-content\/uploads\/2022\/07\/handgreep-RVS-Zilver-soorten-320x300.jpg\" class=\"wd-gallery-image image-1\" alt=\"Uchwyt ze stali nierdzewnej srebrny - rodzaje\" srcset=\"https:\/\/www.altag.nl\/wp-content\/uploads\/2022\/07\/handgreep-RVS-Zilver-soorten-320x300.jpg 320w, https:\/\/www.altag.nl\/wp-content\/uploads\/2022\/07\/handgreep-RVS-Zilver-soorten-430x403.jpg 430w, https:\/\/www.altag.nl\/wp-content\/uploads\/2022\/07\/handgreep-RVS-Zilver-soorten-75x70.jpg 75w, https:\/\/www.altag.nl\/wp-content\/uploads\/2022\/07\/handgreep-RVS-Zilver-soorten-700x656.jpg 700w, https:\/\/www.altag.nl\/wp-content\/uploads\/2022\/07\/handgreep-RVS-Zilver-soorten-854x800.jpg 854w, https:\/\/www.altag.nl\/wp-content\/uploads\/2022\/07\/handgreep-RVS-Zilver-soorten-768x719.jpg 768w, https:\/\/www.altag.nl\/wp-content\/uploads\/2022\/07\/handgreep-RVS-Zilver-soorten-860x806.jpg 860w, https:\/\/www.altag.nl\/wp-content\/uploads\/2022\/07\/handgreep-RVS-Zilver-soorten-150x141.jpg 150w, https:\/\/www.altag.nl\/wp-content\/uploads\/2022\/07\/handgreep-RVS-Zilver-soorten.jpg 1200w\" sizes=\"auto, (max-width: 320px) 100vw, 320px\" \/>\n\t\t\t\t\t\t\t\t\t\t\t\t\t\t\t<\/a>\n\t\t\t\t\t\t\t\t\t\t\t\t<\/div>\n\t\t\t\t\t\t\t\t\t\n\t\t\t\t\t\t\t<\/div>\n\n\t\t\t\t\t<\/div>\n\t\t<\/div><\/div><\/div><\/div><div class=\"vc_row wpb_row vc_row-fluid\"><div class=\"wpb_column vc_column_container vc_col-sm-12\"><div class=\"vc_column-inner\"><div class=\"wpb_wrapper\"><div class=\"vc_separator wpb_content_element vc_separator_align_center vc_sep_width_100 vc_sep_pos_align_center vc_separator_no_text vc_sep_color_grey\" ><span class=\"vc_sep_holder vc_sep_holder_l\"><span class=\"vc_sep_line\"><\/span><\/span><span class=\"vc_sep_holder vc_sep_holder_r\"><span class=\"vc_sep_line\"><\/span><\/span>\n<\/div><\/div><\/div><\/div><\/div><div class=\"vc_row wpb_row vc_row-fluid\"><div class=\"wpb_column vc_column_container vc_col-sm-6\"><div class=\"vc_column-inner\"><div class=\"wpb_wrapper\">\n\t\t<div id=\"wd-605f446f0a20a\" class=\"title-wrapper wd-wpb wd-set-mb reset-last-child  wd-rs-605f446f0a20a wd-title-color-default wd-title-style-default text-left vc_custom_1616856174702 wd-underline-colored\">\n\t\t\t\n\t\t\t<div class=\"liner-continer\">\n\t\t\t\t<h4 class=\"woodmart-title-container title  wd-font-weight- wd-fontsize-m\" ><strong>Zalety<\/strong><\/h4>\n\t\t\t\t\t\t\t<\/div>\n\t\t\t\n\t\t\t\n\t\t\t\n\t\t<\/div>\n\t\t\n\t\t\n\t<div class=\"wpb_text_column wpb_content_element\" >\n\t\t<div class=\"wpb_wrapper\">\n\t\t\t<p><strong>\u0141adny design, zupe\u0142nie nowy wygl\u0105d:<\/strong><br \/>\nDzi\u0119ki naszemu szerokiemu asortymentowi oferujemy odpowiednie uchwyty do ka\u017cdego rodzaju kuchni lub szafki, r\u00f3\u017cni\u0105ce si\u0119 r\u00f3\u017cnymi kolorami i d\u0142ugo\u015bciami.<\/p>\n<p><strong>Antykorozyjne, d\u0142uga \u017cywotno\u015b\u0107:<\/strong><br \/>\nWszystkie nasze uchwyty s\u0105 wykonane ze stali nierdzewnej, dzi\u0119ki czemu s\u0105 trwa\u0142e i nie blakn\u0105.<\/p>\n<p><strong>Monta\u017c:<\/strong><br \/>\nNasze uchwyty mo\u017cna zamontowa\u0107 na r\u00f3\u017cnych szafkach za pomoc\u0105 do\u0142\u0105czonych \u015brub. Dzi\u0119ki temu monta\u017c jest dziecinnie prosty!<\/p>\n<p>Uchwyty s\u0105 dost\u0119pne w kilku standardowych rozmiarach. Odleg\u0142o\u015b\u0107 mi\u0119dzy \u015brodkami mo\u017cna zmierzy\u0107, mierz\u0105c dwa otwory. Nazywa si\u0119 to r\u00f3wnie\u017c rozstawem wierte\u0142. Uchwyty s\u0105 dost\u0119pne w nast\u0119puj\u0105cych rozstawach: ga\u0142ka, 64 mm, 96 mm, 128 mm, 160 mm, 192 mm i 224 mm.<\/p>\n\n\t\t<\/div>\n\t<\/div>\n<\/div><\/div><\/div><div class=\"wpb_column vc_column_container vc_col-sm-6\"><div class=\"vc_column-inner\"><div class=\"wpb_wrapper\">\n\t\t<div id=\"wd-605f4432a0513\" class=\"title-wrapper wd-wpb wd-set-mb reset-last-child  wd-rs-605f4432a0513 wd-title-color-default wd-title-style-default text-left vc_custom_1616856125128 wd-underline-colored\">\n\t\t\t\n\t\t\t<div class=\"liner-continer\">\n\t\t\t\t<h4 class=\"woodmart-title-container title  wd-font-weight- wd-fontsize-m\" ><strong>Zawarto\u015b\u0107 opakowania<\/strong><\/h4>\n\t\t\t\t\t\t\t<\/div>\n\t\t\t\n\t\t\t\n\t\t\t\n\t\t<\/div>\n\t\t\n\t\t\n\t<div class=\"wpb_text_column wpb_content_element\" >\n\t\t<div class=\"wpb_wrapper\">\n\t\t\t<p>\u2022 Z\u0142ota r\u0105czka<br \/>\n- Materia\u0142 mocuj\u0105cy: \u015bruby<\/p>\n\n\t\t<\/div>\n\t<\/div>\n<\/div><\/div><\/div><\/div>\n<\/div>","protected":false},"excerpt":{"rendered":"<p>Ze wzgl\u0119du na nasz szeroki asortyment, oferujemy odpowiednie uchwyty do ka\u017cdego rodzaju kuchni, szafki lub szuflady, r\u00f3\u017cni\u0105ce si\u0119 r\u00f3\u017cnymi kolorami i d\u0142ugo\u015bciami. Wszystkie nasze uchwyty s\u0105 wykonane ze stali nierdzewnej, dzi\u0119ki czemu s\u0105 trwa\u0142e i nie blakn\u0105. Uchwyty mo\u017cna zamontowa\u0107 na r\u00f3\u017cnych szafkach za pomoc\u0105 do\u0142\u0105czonych \u015brub. Dzi\u0119ki temu monta\u017c jest dziecinnie prosty! Uchwyty s\u0105 dost\u0119pne w wielu standardowych rozmiarach. Odleg\u0142o\u015b\u0107 od \u015brodka mo\u017cna zmierzy\u0107, mierz\u0105c dwa wywiercone otwory. Jest to r\u00f3wnie\u017c nazywane odleg\u0142o\u015bci\u0105 wiercenia. Uchwyty mo\u017cna kupi\u0107 w nast\u0119puj\u0105cych rozstawach: ga\u0142ka, 64 mm, 96 mm, 128 mm, 160 mm, 192 mm, 224 mm i 320 mm.<\/p>","protected":false},"featured_media":8746,"template":"","meta":[],"product_brand":[],"product_cat":[242],"product_tag":[],"class_list":{"0":"post-8700","1":"product","2":"type-product","3":"status-publish","4":"has-post-thumbnail","6":"product_cat-handgrepen","8":"first","9":"instock","10":"sale","11":"taxable","12":"shipping-taxable","13":"purchasable","14":"product-type-variable"},"yoast_head":"<!-- This site is optimized with the Yoast SEO plugin v27.4 - https:\/\/yoast.com\/product\/yoast-seo-wordpress\/ -->\n<title>Handgreep Rond Goud<\/title>\n<meta name=\"description\" content=\"Handgreep Rond Goud nodig? Verkrijgbaar in diverse vormen, kleuren en maten. \u2713Morgen in huis \u2713Gratis verzending \u2713Achteraf betalen\" \/>\n<meta name=\"robots\" content=\"index, follow, max-snippet:-1, max-image-preview:large, max-video-preview:-1\" \/>\n<link rel=\"canonical\" href=\"https:\/\/www.altag.nl\/pl\/produkt\/heide-zloto\/\" \/>\n<meta property=\"og:locale\" content=\"pl_PL\" \/>\n<meta property=\"og:type\" content=\"article\" \/>\n<meta property=\"og:title\" content=\"Handgreep Rond Goud\" \/>\n<meta property=\"og:description\" content=\"Handgreep Rond Goud nodig? Verkrijgbaar in diverse vormen, kleuren en maten. \u2713Morgen in huis \u2713Gratis verzending \u2713Achteraf betalen\" \/>\n<meta property=\"og:url\" content=\"https:\/\/www.altag.nl\/pl\/produkt\/heide-zloto\/\" \/>\n<meta property=\"og:site_name\" content=\"ALTAG\" \/>\n<meta property=\"article:modified_time\" content=\"2025-12-03T09:37:02+00:00\" \/>\n<meta property=\"og:image\" content=\"https:\/\/www.altag.nl\/wp-content\/uploads\/2022\/07\/Handgreep-goud-rond.jpg\" \/>\n\t<meta property=\"og:image:width\" content=\"1000\" \/>\n\t<meta property=\"og:image:height\" content=\"1000\" \/>\n\t<meta property=\"og:image:type\" content=\"image\/jpeg\" \/>\n<meta name=\"twitter:card\" content=\"summary_large_image\" \/>\n<meta name=\"twitter:label1\" content=\"Szacowany czas czytania\" \/>\n\t<meta name=\"twitter:data1\" content=\"2 minuty\" \/>\n<script type=\"application\/ld+json\" class=\"yoast-schema-graph\">{\"@context\":\"https:\\\/\\\/schema.org\",\"@graph\":[{\"@type\":[\"WebPage\",\"ItemPage\"],\"@id\":\"https:\\\/\\\/www.altag.nl\\\/product\\\/heide-goud\\\/\",\"url\":\"https:\\\/\\\/www.altag.nl\\\/product\\\/heide-goud\\\/\",\"name\":\"Handgreep Rond Goud\",\"isPartOf\":{\"@id\":\"https:\\\/\\\/www.altag.nl\\\/#website\"},\"primaryImageOfPage\":{\"@id\":\"https:\\\/\\\/www.altag.nl\\\/product\\\/heide-goud\\\/#primaryimage\"},\"image\":{\"@id\":\"https:\\\/\\\/www.altag.nl\\\/product\\\/heide-goud\\\/#primaryimage\"},\"thumbnailUrl\":\"https:\\\/\\\/www.altag.nl\\\/wp-content\\\/uploads\\\/2022\\\/07\\\/Handgreep-goud-rond.jpg\",\"datePublished\":\"2022-07-11T17:37:49+00:00\",\"dateModified\":\"2025-12-03T09:37:02+00:00\",\"description\":\"Handgreep Rond Goud nodig? Verkrijgbaar in diverse vormen, kleuren en maten. \u2713Morgen in huis \u2713Gratis verzending \u2713Achteraf betalen\",\"breadcrumb\":{\"@id\":\"https:\\\/\\\/www.altag.nl\\\/product\\\/heide-goud\\\/#breadcrumb\"},\"inLanguage\":\"pl-PL\",\"potentialAction\":[{\"@type\":\"ReadAction\",\"target\":[\"https:\\\/\\\/www.altag.nl\\\/product\\\/heide-goud\\\/\"]}]},{\"@type\":\"ImageObject\",\"inLanguage\":\"pl-PL\",\"@id\":\"https:\\\/\\\/www.altag.nl\\\/product\\\/heide-goud\\\/#primaryimage\",\"url\":\"https:\\\/\\\/www.altag.nl\\\/wp-content\\\/uploads\\\/2022\\\/07\\\/Handgreep-goud-rond.jpg\",\"contentUrl\":\"https:\\\/\\\/www.altag.nl\\\/wp-content\\\/uploads\\\/2022\\\/07\\\/Handgreep-goud-rond.jpg\",\"width\":1000,\"height\":1000,\"caption\":\"Handgreep goud rond\"},{\"@type\":\"BreadcrumbList\",\"@id\":\"https:\\\/\\\/www.altag.nl\\\/product\\\/heide-goud\\\/#breadcrumb\",\"itemListElement\":[{\"@type\":\"ListItem\",\"position\":1,\"name\":\"Home\",\"item\":\"https:\\\/\\\/www.altag.nl\\\/\"},{\"@type\":\"ListItem\",\"position\":2,\"name\":\"Ons assortiment\",\"item\":\"https:\\\/\\\/www.altag.nl\\\/shop\\\/\"},{\"@type\":\"ListItem\",\"position\":3,\"name\":\"Heide Goud\"}]},{\"@type\":\"WebSite\",\"@id\":\"https:\\\/\\\/www.altag.nl\\\/#website\",\"url\":\"https:\\\/\\\/www.altag.nl\\\/\",\"name\":\"ALTAG\",\"description\":\"Moderne Huisnummers\",\"publisher\":{\"@id\":\"https:\\\/\\\/www.altag.nl\\\/#organization\"},\"potentialAction\":[{\"@type\":\"SearchAction\",\"target\":{\"@type\":\"EntryPoint\",\"urlTemplate\":\"https:\\\/\\\/www.altag.nl\\\/?s={search_term_string}\"},\"query-input\":{\"@type\":\"PropertyValueSpecification\",\"valueRequired\":true,\"valueName\":\"search_term_string\"}}],\"inLanguage\":\"pl-PL\"},{\"@type\":\"Organization\",\"@id\":\"https:\\\/\\\/www.altag.nl\\\/#organization\",\"name\":\"Altag\",\"url\":\"https:\\\/\\\/www.altag.nl\\\/\",\"logo\":{\"@type\":\"ImageObject\",\"inLanguage\":\"pl-PL\",\"@id\":\"https:\\\/\\\/www.altag.nl\\\/#\\\/schema\\\/logo\\\/image\\\/\",\"url\":\"https:\\\/\\\/www.altag.nl\\\/wp-content\\\/uploads\\\/2022\\\/10\\\/cropped-favicon-altag.png\",\"contentUrl\":\"https:\\\/\\\/www.altag.nl\\\/wp-content\\\/uploads\\\/2022\\\/10\\\/cropped-favicon-altag.png\",\"width\":512,\"height\":512,\"caption\":\"Altag\"},\"image\":{\"@id\":\"https:\\\/\\\/www.altag.nl\\\/#\\\/schema\\\/logo\\\/image\\\/\"}}]}<\/script>\n<!-- \/ Yoast SEO plugin. -->","yoast_head_json":{"title":"Uchwyt okr\u0105g\u0142y z\u0142oty","description":"Potrzebujesz okr\u0105g\u0142ego, z\u0142otego uchwytu? Dost\u0119pne w r\u00f3\u017cnych kszta\u0142tach, kolorach i rozmiarach. \u2713Dostawa jutro \u2713Darmowa wysy\u0142ka \u2713Zap\u0142a\u0107 p\u00f3\u017aniej","robots":{"index":"index","follow":"follow","max-snippet":"max-snippet:-1","max-image-preview":"max-image-preview:large","max-video-preview":"max-video-preview:-1"},"canonical":"https:\/\/www.altag.nl\/pl\/produkt\/heide-zloto\/","og_locale":"pl_PL","og_type":"article","og_title":"Handgreep Rond Goud","og_description":"Handgreep Rond Goud nodig? Verkrijgbaar in diverse vormen, kleuren en maten. \u2713Morgen in huis \u2713Gratis verzending \u2713Achteraf betalen","og_url":"https:\/\/www.altag.nl\/pl\/produkt\/heide-zloto\/","og_site_name":"ALTAG","article_modified_time":"2025-12-03T09:37:02+00:00","og_image":[{"width":1000,"height":1000,"url":"https:\/\/www.altag.nl\/wp-content\/uploads\/2022\/07\/Handgreep-goud-rond.jpg","type":"image\/jpeg"}],"twitter_card":"summary_large_image","twitter_misc":{"Szacowany czas czytania":"2 minuty"},"schema":{"@context":"https:\/\/schema.org","@graph":[{"@type":["WebPage","ItemPage"],"@id":"https:\/\/www.altag.nl\/product\/heide-goud\/","url":"https:\/\/www.altag.nl\/product\/heide-goud\/","name":"Uchwyt okr\u0105g\u0142y z\u0142oty","isPartOf":{"@id":"https:\/\/www.altag.nl\/#website"},"primaryImageOfPage":{"@id":"https:\/\/www.altag.nl\/product\/heide-goud\/#primaryimage"},"image":{"@id":"https:\/\/www.altag.nl\/product\/heide-goud\/#primaryimage"},"thumbnailUrl":"https:\/\/www.altag.nl\/wp-content\/uploads\/2022\/07\/Handgreep-goud-rond.jpg","datePublished":"2022-07-11T17:37:49+00:00","dateModified":"2025-12-03T09:37:02+00:00","description":"Potrzebujesz okr\u0105g\u0142ego, z\u0142otego uchwytu? Dost\u0119pne w r\u00f3\u017cnych kszta\u0142tach, kolorach i rozmiarach. \u2713Dostawa jutro \u2713Darmowa wysy\u0142ka \u2713Zap\u0142a\u0107 p\u00f3\u017aniej","breadcrumb":{"@id":"https:\/\/www.altag.nl\/product\/heide-goud\/#breadcrumb"},"inLanguage":"pl-PL","potentialAction":[{"@type":"ReadAction","target":["https:\/\/www.altag.nl\/product\/heide-goud\/"]}]},{"@type":"ImageObject","inLanguage":"pl-PL","@id":"https:\/\/www.altag.nl\/product\/heide-goud\/#primaryimage","url":"https:\/\/www.altag.nl\/wp-content\/uploads\/2022\/07\/Handgreep-goud-rond.jpg","contentUrl":"https:\/\/www.altag.nl\/wp-content\/uploads\/2022\/07\/Handgreep-goud-rond.jpg","width":1000,"height":1000,"caption":"Handgreep goud rond"},{"@type":"BreadcrumbList","@id":"https:\/\/www.altag.nl\/product\/heide-goud\/#breadcrumb","itemListElement":[{"@type":"ListItem","position":1,"name":"Home","item":"https:\/\/www.altag.nl\/"},{"@type":"ListItem","position":2,"name":"Ons assortiment","item":"https:\/\/www.altag.nl\/shop\/"},{"@type":"ListItem","position":3,"name":"Heide Goud"}]},{"@type":"WebSite","@id":"https:\/\/www.altag.nl\/#website","url":"https:\/\/www.altag.nl\/","name":"ALTAG","description":"Nowoczesne numery dom\u00f3w","publisher":{"@id":"https:\/\/www.altag.nl\/#organization"},"potentialAction":[{"@type":"SearchAction","target":{"@type":"EntryPoint","urlTemplate":"https:\/\/www.altag.nl\/?s={search_term_string}"},"query-input":{"@type":"PropertyValueSpecification","valueRequired":true,"valueName":"search_term_string"}}],"inLanguage":"pl-PL"},{"@type":"Organization","@id":"https:\/\/www.altag.nl\/#organization","name":"Altag","url":"https:\/\/www.altag.nl\/","logo":{"@type":"ImageObject","inLanguage":"pl-PL","@id":"https:\/\/www.altag.nl\/#\/schema\/logo\/image\/","url":"https:\/\/www.altag.nl\/wp-content\/uploads\/2022\/10\/cropped-favicon-altag.png","contentUrl":"https:\/\/www.altag.nl\/wp-content\/uploads\/2022\/10\/cropped-favicon-altag.png","width":512,"height":512,"caption":"Altag"},"image":{"@id":"https:\/\/www.altag.nl\/#\/schema\/logo\/image\/"}}]}},"_links":{"self":[{"href":"https:\/\/www.altag.nl\/pl\/wp-json\/wp\/v2\/product\/8700","targetHints":{"allow":["GET"]}}],"collection":[{"href":"https:\/\/www.altag.nl\/pl\/wp-json\/wp\/v2\/product"}],"about":[{"href":"https:\/\/www.altag.nl\/pl\/wp-json\/wp\/v2\/types\/product"}],"wp:featuredmedia":[{"embeddable":true,"href":"https:\/\/www.altag.nl\/pl\/wp-json\/wp\/v2\/media\/8746"}],"wp:attachment":[{"href":"https:\/\/www.altag.nl\/pl\/wp-json\/wp\/v2\/media?parent=8700"}],"wp:term":[{"taxonomy":"product_brand","embeddable":true,"href":"https:\/\/www.altag.nl\/pl\/wp-json\/wp\/v2\/product_brand?post=8700"},{"taxonomy":"product_cat","embeddable":true,"href":"https:\/\/www.altag.nl\/pl\/wp-json\/wp\/v2\/product_cat?post=8700"},{"taxonomy":"product_tag","embeddable":true,"href":"https:\/\/www.altag.nl\/pl\/wp-json\/wp\/v2\/product_tag?post=8700"}],"curies":[{"name":"wp","href":"https:\/\/api.w.org\/{rel}","templated":true}]}}