{"id":7309,"date":"2022-01-18T15:03:18","date_gmt":"2022-01-18T15:03:18","guid":{"rendered":"https:\/\/www.altag.nl\/?post_type=product&#038;p=7309"},"modified":"2026-04-09T15:00:51","modified_gmt":"2026-04-09T13:00:51","slug":"kemp-czarny-aluminium-10-cm","status":"publish","type":"product","link":"https:\/\/www.altag.nl\/pl\/produkt\/kemp-czarny-aluminium-10-cm\/","title":{"rendered":"Kemp Czarny 10 cm"},"content":{"rendered":"<div class=\"wpb-content-wrapper\"><section data-vc-full-width=\"true\" data-vc-full-width-temp=\"true\" data-vc-full-width-init=\"false\" class=\"vc_section vc_custom_1497864350266 vc_section-has-fill wd-row-gradient-enable\"><div class=\"woodmart-row-gradient wd-fill\" style=\"background-image:radial-gradient(ellipse at center center, rgba(255, 255, 255, 0) 15%, rgba(0, 0, 0, 0.07) 100%);\"><\/div><div class=\"vc_row wpb_row vc_row-fluid vc_row-o-content-middle vc_row-flex\"><div class=\"wpb_column vc_column_container vc_col-sm-6\"><div class=\"vc_column-inner vc_custom_1497883959176\"><div class=\"wpb_wrapper\"><h5 style=\"font-size: 18px;color: #777777;text-align: center\" class=\"vc_custom_heading vc_do_custom_heading visible-lg vc_custom_1645188580764\" >Wygl\u0105d premium<\/h5>\n\t\t<div id=\"wd-620fcc1b15240\" class=\"title-wrapper wd-wpb wd-set-mb reset-last-child  wd-rs-620fcc1b15240 wd-title-color-primary wd-title-style-default text-center vc_custom_1645202466999 wd-width-enabled wd-underline-colored\" style=\"--wd-max-width: 90%;\">\n\t\t\t\n\t\t\t<div class=\"liner-continer\">\n\t\t\t\t<h4 class=\"woodmart-title-container title  wd-font-weight- wd-fontsize-xxxl\" >Nowoczesna czer\u0144<\/h4>\n\t\t\t\t\t\t\t<\/div>\n\t\t\t\n\t\t\t\t\t\t\t<div class=\"title-after_title reset-last-child  wd-fontsize-s\">Ten numer domu jest dost\u0119pny w r\u00f3\u017cnych kolorach, takich jak czarny, z\u0142oty i br\u0105zowy.<\/div>\n\t\t\t\n\t\t\t\n\t\t<\/div>\n\t\t\n\t\t<\/div><\/div><\/div><div class=\"wpb_column text-center vc_column_container vc_col-sm-6\"><div class=\"vc_column-inner\"><div class=\"wpb_wrapper\">\n\t\t<div id=\"wd-605c74afe6fc8\" class=\"title-wrapper wd-wpb wd-set-mb reset-last-child  wd-rs-605c74afe6fc8 wd-title-color-default wd-title-style-underlined text-left vc_custom_1616671930666 wd-underline-colored\">\n\t\t\t\n\t\t\t<div class=\"liner-continer\">\n\t\t\t\t<h4 class=\"woodmart-title-container title  wd-font-weight- wd-fontsize-l\" >Specyfikacja<\/h4>\n\t\t\t\t\t\t\t<\/div>\n\t\t\t\n\t\t\t\n\t\t\t\n\t\t<\/div>\n\t\t\n\t\t\n\t<div class=\"wpb_text_column wpb_content_element vc_custom_1696926706880\" >\n\t\t<div class=\"wpb_wrapper\">\n\t\t\t<table>\n<tbody>\n<tr>\n<th>Kolekcja<\/th>\n<td>Kemp<\/td>\n<\/tr>\n<tr>\n<th>Kolor:<\/th>\n<td>Czarny<\/td>\n<\/tr>\n<tr>\n<th>Materia\u0142:<\/th>\n<td>Aluminium<\/td>\n<\/tr>\n<tr>\n<th>Monta\u017c:<\/th>\n<td>Sta\u0142e lub p\u0142ywaj\u0105ce (przy u\u017cyciu element\u00f3w dystansowych)<\/td>\n<\/tr>\n<tr>\n<th>Wysoko\u015b\u0107:<\/th>\n<td>10 cm<\/td>\n<\/tr>\n<tr>\n<th>Grubo\u015b\u0107:<\/th>\n<td>1 cm<\/td>\n<\/tr>\n<tr>\n<th>Odleg\u0142o\u015b\u0107 od \u015bciany:<\/th>\n<td>1 cm (przy u\u017cyciu element\u00f3w dystansowych)<\/td>\n<\/tr>\n<tr>\n<th>Gwarancja:<\/th>\n<td>1 rok<\/td>\n<\/tr>\n<\/tbody>\n<\/table>\n\n\t\t<\/div>\n\t<\/div>\n<\/div><\/div><\/div><\/div><div data-vc-full-width=\"true\" data-vc-full-width-temp=\"true\" data-vc-full-width-init=\"false\" data-vc-stretch-content=\"true\" class=\"vc_row wpb_row vc_row-fluid vc_row-no-padding\"><div class=\"wpb_column vc_column_container vc_col-sm-12\"><div class=\"vc_column-inner\"><div class=\"wpb_wrapper\">\t\t\t<div id=\"wd-69e1b7f945523\" class=\"wd-row-divider wd-69e1b7f945523 dvr-position-bottom dvr-style-curved-line\">\n\t\t\t\t<svg xmlns=\"http:\/\/www.w3.org\/2000\/svg\" xmlns:xlink=\"http:\/\/www.w3.org\/1999\/xlink\" x=\"0px\" y=\"0px\"\n\t viewbox=\"0 0 100 100\" width=\"100%\" height=\"50px\" preserveaspectratio=\"none\">\n<path display=\"none\" d=\"M100,25.8V100H0V52.5c-4.9-6.8-9.5-13.8-15-19.7V101h125V20.9C106.3,22,103,23.7,100,25.8z\"\/>\n<path d=\"M100,100V0.8C77.8,21.4,71.3,70.5,38.6,70.5c-18.8,0-29.1-16.2-38.6-34V100H100z\"\/>\n<\/svg>\n\t\t\t\t\t\t\t<\/div>\n\t\t<\/div><\/div><\/div><\/div><div class=\"vc_row-full-width vc_clearfix\"><\/div><\/section><div class=\"vc_row-full-width vc_clearfix\"><\/div><div class=\"vc_row wpb_row vc_row-fluid\"><div class=\"wpb_column vc_column_container vc_col-sm-6\"><div class=\"vc_column-inner\"><div class=\"wpb_wrapper\">\n\t\t<div id=\"wd-605f446f0a20a\" class=\"title-wrapper wd-wpb wd-set-mb reset-last-child  wd-rs-605f446f0a20a wd-title-color-default wd-title-style-default text-left vc_custom_1616856174702 wd-underline-colored\">\n\t\t\t\n\t\t\t<div class=\"liner-continer\">\n\t\t\t\t<h4 class=\"woodmart-title-container title  wd-font-weight- wd-fontsize-m\" ><strong>Zalety<\/strong><\/h4>\n\t\t\t\t\t\t\t<\/div>\n\t\t\t\n\t\t\t\n\t\t\t\n\t\t<\/div>\n\t\t\n\t\t\n\t<div class=\"wpb_text_column wpb_content_element\" >\n\t\t<div class=\"wpb_wrapper\">\n\t\t\t<p><strong>\u0141adny design, \u0142atwy do odczytania:<\/strong><br \/>\nCzarno-z\u0142ote numery dom\u00f3w to tegoroczny trend!<br \/>\nDzi\u0119ki naszemu szerokiemu asortymentowi oferujemy odpowiedni numer domu dla ka\u017cdego typu domu, r\u00f3\u017cni\u0105cy si\u0119 r\u00f3\u017cnymi kolorami i wysoko\u015bciami.<\/p>\n<p><strong>Antykorozyjne, d\u0142uga \u017cywotno\u015b\u0107:<\/strong><br \/>\nDzi\u0119ki zastosowaniu specjalnego stopu wszystkie nasze numery dom\u00f3w s\u0105 odporne na warunki atmosferyczne.<\/p>\n<p><strong>Monta\u017c na dowolnym materiale:<\/strong><br \/>\nNasze numery dom\u00f3w mo\u017cna zamontowa\u0107 na r\u00f3\u017cnych powierzchniach (\u015bcianach z ceg\u0142y, tynku lub tabliczkach drewnianych) za pomoc\u0105 do\u0142\u0105czonych element\u00f3w monta\u017cowych. Dzi\u0119ki temu monta\u017c jest niezwykle prosty!<\/p>\n\n\t\t<\/div>\n\t<\/div>\n<\/div><\/div><\/div><div class=\"wpb_column vc_column_container vc_col-sm-6\"><div class=\"vc_column-inner\"><div class=\"wpb_wrapper\">\n\t\t<div id=\"wd-605f4432a0513\" class=\"title-wrapper wd-wpb wd-set-mb reset-last-child  wd-rs-605f4432a0513 wd-title-color-default wd-title-style-default text-left vc_custom_1616856125128 wd-underline-colored\">\n\t\t\t\n\t\t\t<div class=\"liner-continer\">\n\t\t\t\t<h4 class=\"woodmart-title-container title  wd-font-weight- wd-fontsize-m\" ><strong>Zawarto\u015b\u0107 opakowania<\/strong><\/h4>\n\t\t\t\t\t\t\t<\/div>\n\t\t\t\n\t\t\t\n\t\t\t\n\t\t<\/div>\n\t\t\n\t\t\n\t<div class=\"wpb_text_column wpb_content_element\" >\n\t\t<div class=\"wpb_wrapper\">\n\t\t\t<p>- Numer domu<br \/>\n- Materia\u0142 mocuj\u0105cy: \u015bruby, ko\u0142ki i podk\u0142adki dystansowe (do monta\u017cu p\u0142ywaj\u0105cego)<\/p>\n\n\t\t<\/div>\n\t<\/div>\n<\/div><\/div><\/div><\/div>\n<\/div>","protected":false},"excerpt":{"rendered":"<p>Odkryj nasz\u0105 r\u00f3\u017cnorodn\u0105 kolekcj\u0119 nowoczesnych numer\u00f3w dom\u00f3w w r\u00f3\u017cnych kszta\u0142tach i rozmiarach, w tym w stylowych kolorach, takich jak czarny, z\u0142oty, srebrny, br\u0105zowy i miedziany. Nadaj swojemu domowi niepowtarzalny wygl\u0105d dzi\u0119ki numerom domu, kt\u00f3re idealnie pasuj\u0105 do Twoich preferencji. Wybieraj spo\u015br\u00f3d wielu styl\u00f3w, aby znale\u017a\u0107 idealny numer domu pasuj\u0105cy do Twoich drzwi wej\u015bciowych. Zwi\u0119ksz mo\u017cliwo\u015bci odnalezienia swojego domu dzi\u0119ki stylowym i funkcjonalnym numerom domu. Bestel ju\u017c dzi\u015b i nadaj swojemu domowi odrobin\u0119 osobowo\u015bci i elegancji.<\/p>","protected":false},"featured_media":18922,"template":"","meta":[],"product_brand":[],"product_cat":[175],"product_tag":[215,209,210,218,207],"class_list":{"0":"post-7309","1":"product","2":"type-product","3":"status-publish","4":"has-post-thumbnail","6":"product_cat-huisnummers","7":"product_tag-10-cm","8":"product_tag-aluminium","9":"product_tag-huisnummer","10":"product_tag-kemp","11":"product_tag-zwart","13":"first","14":"instock","15":"sale","16":"taxable","17":"shipping-taxable","18":"purchasable","19":"product-type-variable"},"yoast_head":"<!-- This site is optimized with the Yoast SEO plugin v27.4 - https:\/\/yoast.com\/product\/yoast-seo-wordpress\/ -->\n<title>Huisnummer Zwart 10 cm<\/title>\n<meta name=\"description\" content=\"Huisnummer Zwart 10 cm nodig? Verkrijgbaar in diverse vormen, kleuren en maten. \u2713Morgen in huis \u2713Gratis verzending \u2713Achteraf betalen\" \/>\n<meta name=\"robots\" content=\"index, follow, max-snippet:-1, max-image-preview:large, max-video-preview:-1\" \/>\n<link rel=\"canonical\" href=\"https:\/\/www.altag.nl\/pl\/produkt\/kemp-czarny-aluminium-10-cm\/\" \/>\n<meta property=\"og:locale\" content=\"pl_PL\" \/>\n<meta property=\"og:type\" content=\"article\" \/>\n<meta property=\"og:title\" content=\"Huisnummer Zwart 10 cm\" \/>\n<meta property=\"og:description\" content=\"Huisnummer Zwart 10 cm nodig? Verkrijgbaar in diverse vormen, kleuren en maten. \u2713Morgen in huis \u2713Gratis verzending \u2713Achteraf betalen\" \/>\n<meta property=\"og:url\" content=\"https:\/\/www.altag.nl\/pl\/produkt\/kemp-czarny-aluminium-10-cm\/\" \/>\n<meta property=\"og:site_name\" content=\"ALTAG\" \/>\n<meta property=\"article:modified_time\" content=\"2026-04-09T13:00:51+00:00\" \/>\n<meta property=\"og:image\" content=\"https:\/\/www.altag.nl\/wp-content\/uploads\/2022\/01\/Kemp-zwart-huisnummers-10cm-zijaanzicht1-aluminium-huisnummer-scaled.webp\" \/>\n\t<meta property=\"og:image:width\" content=\"2560\" \/>\n\t<meta property=\"og:image:height\" content=\"2560\" \/>\n\t<meta property=\"og:image:type\" content=\"image\/webp\" \/>\n<meta name=\"twitter:card\" content=\"summary_large_image\" \/>\n<meta name=\"twitter:label1\" content=\"Szacowany czas czytania\" \/>\n\t<meta name=\"twitter:data1\" content=\"2 minuty\" \/>\n<script type=\"application\/ld+json\" class=\"yoast-schema-graph\">{\"@context\":\"https:\\\/\\\/schema.org\",\"@graph\":[{\"@type\":[\"WebPage\",\"ItemPage\"],\"@id\":\"https:\\\/\\\/www.altag.nl\\\/product\\\/kemp-zwart-aluminium-10-cm\\\/\",\"url\":\"https:\\\/\\\/www.altag.nl\\\/product\\\/kemp-zwart-aluminium-10-cm\\\/\",\"name\":\"Huisnummer Zwart 10 cm\",\"isPartOf\":{\"@id\":\"https:\\\/\\\/www.altag.nl\\\/#website\"},\"primaryImageOfPage\":{\"@id\":\"https:\\\/\\\/www.altag.nl\\\/product\\\/kemp-zwart-aluminium-10-cm\\\/#primaryimage\"},\"image\":{\"@id\":\"https:\\\/\\\/www.altag.nl\\\/product\\\/kemp-zwart-aluminium-10-cm\\\/#primaryimage\"},\"thumbnailUrl\":\"https:\\\/\\\/www.altag.nl\\\/wp-content\\\/uploads\\\/2022\\\/01\\\/Kemp-zwart-huisnummers-10cm-zijaanzicht1-aluminium-huisnummer-scaled.webp\",\"datePublished\":\"2022-01-18T15:03:18+00:00\",\"dateModified\":\"2026-04-09T13:00:51+00:00\",\"description\":\"Huisnummer Zwart 10 cm nodig? Verkrijgbaar in diverse vormen, kleuren en maten. \u2713Morgen in huis \u2713Gratis verzending \u2713Achteraf betalen\",\"breadcrumb\":{\"@id\":\"https:\\\/\\\/www.altag.nl\\\/product\\\/kemp-zwart-aluminium-10-cm\\\/#breadcrumb\"},\"inLanguage\":\"pl-PL\",\"potentialAction\":[{\"@type\":\"ReadAction\",\"target\":[\"https:\\\/\\\/www.altag.nl\\\/product\\\/kemp-zwart-aluminium-10-cm\\\/\"]}]},{\"@type\":\"ImageObject\",\"inLanguage\":\"pl-PL\",\"@id\":\"https:\\\/\\\/www.altag.nl\\\/product\\\/kemp-zwart-aluminium-10-cm\\\/#primaryimage\",\"url\":\"https:\\\/\\\/www.altag.nl\\\/wp-content\\\/uploads\\\/2022\\\/01\\\/Kemp-zwart-huisnummers-10cm-zijaanzicht1-aluminium-huisnummer-scaled.webp\",\"contentUrl\":\"https:\\\/\\\/www.altag.nl\\\/wp-content\\\/uploads\\\/2022\\\/01\\\/Kemp-zwart-huisnummers-10cm-zijaanzicht1-aluminium-huisnummer-scaled.webp\",\"width\":2560,\"height\":2560,\"caption\":\"Kemp-zwart-huisnummers-10cm-zijaanzicht1-aluminium-huisnummer\"},{\"@type\":\"BreadcrumbList\",\"@id\":\"https:\\\/\\\/www.altag.nl\\\/product\\\/kemp-zwart-aluminium-10-cm\\\/#breadcrumb\",\"itemListElement\":[{\"@type\":\"ListItem\",\"position\":1,\"name\":\"Home\",\"item\":\"https:\\\/\\\/www.altag.nl\\\/\"},{\"@type\":\"ListItem\",\"position\":2,\"name\":\"Ons assortiment\",\"item\":\"https:\\\/\\\/www.altag.nl\\\/shop\\\/\"},{\"@type\":\"ListItem\",\"position\":3,\"name\":\"Kemp Zwart 10 cm\"}]},{\"@type\":\"WebSite\",\"@id\":\"https:\\\/\\\/www.altag.nl\\\/#website\",\"url\":\"https:\\\/\\\/www.altag.nl\\\/\",\"name\":\"ALTAG\",\"description\":\"Moderne Huisnummers\",\"publisher\":{\"@id\":\"https:\\\/\\\/www.altag.nl\\\/#organization\"},\"potentialAction\":[{\"@type\":\"SearchAction\",\"target\":{\"@type\":\"EntryPoint\",\"urlTemplate\":\"https:\\\/\\\/www.altag.nl\\\/?s={search_term_string}\"},\"query-input\":{\"@type\":\"PropertyValueSpecification\",\"valueRequired\":true,\"valueName\":\"search_term_string\"}}],\"inLanguage\":\"pl-PL\"},{\"@type\":\"Organization\",\"@id\":\"https:\\\/\\\/www.altag.nl\\\/#organization\",\"name\":\"Altag\",\"url\":\"https:\\\/\\\/www.altag.nl\\\/\",\"logo\":{\"@type\":\"ImageObject\",\"inLanguage\":\"pl-PL\",\"@id\":\"https:\\\/\\\/www.altag.nl\\\/#\\\/schema\\\/logo\\\/image\\\/\",\"url\":\"https:\\\/\\\/www.altag.nl\\\/wp-content\\\/uploads\\\/2022\\\/10\\\/cropped-favicon-altag.png\",\"contentUrl\":\"https:\\\/\\\/www.altag.nl\\\/wp-content\\\/uploads\\\/2022\\\/10\\\/cropped-favicon-altag.png\",\"width\":512,\"height\":512,\"caption\":\"Altag\"},\"image\":{\"@id\":\"https:\\\/\\\/www.altag.nl\\\/#\\\/schema\\\/logo\\\/image\\\/\"}}]}<\/script>\n<!-- \/ Yoast SEO plugin. -->","yoast_head_json":{"title":"Numer domu Czarny 10 cm","description":"Potrzebujesz czarnego numeru domu o \u015brednicy 10 cm? Dost\u0119pny w r\u00f3\u017cnych kszta\u0142tach, kolorach i rozmiarach. \u2713Dostawa jutro \u2713Darmowa wysy\u0142ka \u2713Zap\u0142a\u0107 p\u00f3\u017aniej","robots":{"index":"index","follow":"follow","max-snippet":"max-snippet:-1","max-image-preview":"max-image-preview:large","max-video-preview":"max-video-preview:-1"},"canonical":"https:\/\/www.altag.nl\/pl\/produkt\/kemp-czarny-aluminium-10-cm\/","og_locale":"pl_PL","og_type":"article","og_title":"Huisnummer Zwart 10 cm","og_description":"Huisnummer Zwart 10 cm nodig? Verkrijgbaar in diverse vormen, kleuren en maten. \u2713Morgen in huis \u2713Gratis verzending \u2713Achteraf betalen","og_url":"https:\/\/www.altag.nl\/pl\/produkt\/kemp-czarny-aluminium-10-cm\/","og_site_name":"ALTAG","article_modified_time":"2026-04-09T13:00:51+00:00","og_image":[{"width":2560,"height":2560,"url":"https:\/\/www.altag.nl\/wp-content\/uploads\/2022\/01\/Kemp-zwart-huisnummers-10cm-zijaanzicht1-aluminium-huisnummer-scaled.webp","type":"image\/webp"}],"twitter_card":"summary_large_image","twitter_misc":{"Szacowany czas czytania":"2 minuty"},"schema":{"@context":"https:\/\/schema.org","@graph":[{"@type":["WebPage","ItemPage"],"@id":"https:\/\/www.altag.nl\/product\/kemp-zwart-aluminium-10-cm\/","url":"https:\/\/www.altag.nl\/product\/kemp-zwart-aluminium-10-cm\/","name":"Numer domu Czarny 10 cm","isPartOf":{"@id":"https:\/\/www.altag.nl\/#website"},"primaryImageOfPage":{"@id":"https:\/\/www.altag.nl\/product\/kemp-zwart-aluminium-10-cm\/#primaryimage"},"image":{"@id":"https:\/\/www.altag.nl\/product\/kemp-zwart-aluminium-10-cm\/#primaryimage"},"thumbnailUrl":"https:\/\/www.altag.nl\/wp-content\/uploads\/2022\/01\/Kemp-zwart-huisnummers-10cm-zijaanzicht1-aluminium-huisnummer-scaled.webp","datePublished":"2022-01-18T15:03:18+00:00","dateModified":"2026-04-09T13:00:51+00:00","description":"Potrzebujesz czarnego numeru domu o \u015brednicy 10 cm? Dost\u0119pny w r\u00f3\u017cnych kszta\u0142tach, kolorach i rozmiarach. \u2713Dostawa jutro \u2713Darmowa wysy\u0142ka \u2713Zap\u0142a\u0107 p\u00f3\u017aniej","breadcrumb":{"@id":"https:\/\/www.altag.nl\/product\/kemp-zwart-aluminium-10-cm\/#breadcrumb"},"inLanguage":"pl-PL","potentialAction":[{"@type":"ReadAction","target":["https:\/\/www.altag.nl\/product\/kemp-zwart-aluminium-10-cm\/"]}]},{"@type":"ImageObject","inLanguage":"pl-PL","@id":"https:\/\/www.altag.nl\/product\/kemp-zwart-aluminium-10-cm\/#primaryimage","url":"https:\/\/www.altag.nl\/wp-content\/uploads\/2022\/01\/Kemp-zwart-huisnummers-10cm-zijaanzicht1-aluminium-huisnummer-scaled.webp","contentUrl":"https:\/\/www.altag.nl\/wp-content\/uploads\/2022\/01\/Kemp-zwart-huisnummers-10cm-zijaanzicht1-aluminium-huisnummer-scaled.webp","width":2560,"height":2560,"caption":"Kemp-zwart-huisnummers-10cm-zijaanzicht1-aluminium-huisnummer"},{"@type":"BreadcrumbList","@id":"https:\/\/www.altag.nl\/product\/kemp-zwart-aluminium-10-cm\/#breadcrumb","itemListElement":[{"@type":"ListItem","position":1,"name":"Home","item":"https:\/\/www.altag.nl\/"},{"@type":"ListItem","position":2,"name":"Ons assortiment","item":"https:\/\/www.altag.nl\/shop\/"},{"@type":"ListItem","position":3,"name":"Kemp Zwart 10 cm"}]},{"@type":"WebSite","@id":"https:\/\/www.altag.nl\/#website","url":"https:\/\/www.altag.nl\/","name":"ALTAG","description":"Nowoczesne numery dom\u00f3w","publisher":{"@id":"https:\/\/www.altag.nl\/#organization"},"potentialAction":[{"@type":"SearchAction","target":{"@type":"EntryPoint","urlTemplate":"https:\/\/www.altag.nl\/?s={search_term_string}"},"query-input":{"@type":"PropertyValueSpecification","valueRequired":true,"valueName":"search_term_string"}}],"inLanguage":"pl-PL"},{"@type":"Organization","@id":"https:\/\/www.altag.nl\/#organization","name":"Altag","url":"https:\/\/www.altag.nl\/","logo":{"@type":"ImageObject","inLanguage":"pl-PL","@id":"https:\/\/www.altag.nl\/#\/schema\/logo\/image\/","url":"https:\/\/www.altag.nl\/wp-content\/uploads\/2022\/10\/cropped-favicon-altag.png","contentUrl":"https:\/\/www.altag.nl\/wp-content\/uploads\/2022\/10\/cropped-favicon-altag.png","width":512,"height":512,"caption":"Altag"},"image":{"@id":"https:\/\/www.altag.nl\/#\/schema\/logo\/image\/"}}]}},"_links":{"self":[{"href":"https:\/\/www.altag.nl\/pl\/wp-json\/wp\/v2\/product\/7309","targetHints":{"allow":["GET"]}}],"collection":[{"href":"https:\/\/www.altag.nl\/pl\/wp-json\/wp\/v2\/product"}],"about":[{"href":"https:\/\/www.altag.nl\/pl\/wp-json\/wp\/v2\/types\/product"}],"wp:featuredmedia":[{"embeddable":true,"href":"https:\/\/www.altag.nl\/pl\/wp-json\/wp\/v2\/media\/18922"}],"wp:attachment":[{"href":"https:\/\/www.altag.nl\/pl\/wp-json\/wp\/v2\/media?parent=7309"}],"wp:term":[{"taxonomy":"product_brand","embeddable":true,"href":"https:\/\/www.altag.nl\/pl\/wp-json\/wp\/v2\/product_brand?post=7309"},{"taxonomy":"product_cat","embeddable":true,"href":"https:\/\/www.altag.nl\/pl\/wp-json\/wp\/v2\/product_cat?post=7309"},{"taxonomy":"product_tag","embeddable":true,"href":"https:\/\/www.altag.nl\/pl\/wp-json\/wp\/v2\/product_tag?post=7309"}],"curies":[{"name":"wp","href":"https:\/\/api.w.org\/{rel}","templated":true}]}}