{"id":10443,"date":"2023-10-17T11:42:57","date_gmt":"2023-10-17T10:42:57","guid":{"rendered":"https:\/\/www.altag.nl\/?page_id=10443"},"modified":"2023-11-28T18:21:29","modified_gmt":"2023-11-28T18:21:29","slug":"uchwyty","status":"publish","type":"page","link":"https:\/\/www.altag.nl\/pl\/uchwyty\/","title":{"rendered":"Uchwyty"},"content":{"rendered":"<div class=\"wpb-content-wrapper\"><div class=\"vc_row wpb_row vc_row-fluid\"><div class=\"wpb_column vc_column_container vc_col-sm-12\"><div class=\"vc_column-inner\"><div class=\"wpb_wrapper\">\t\t<div class=\"wd-el-breadcrumbs wd-wpb wd-rs-653790688c117 text-left\">\n\t\t\t<nav class=\"wd-breadcrumbs woocommerce-breadcrumb\" aria-label=\"Breadcrumb\">\t\t\t\t<span class=\"wd-last\">\n\t\t\t\t\tStrona g\u0142\u00f3wna\t\t\t\t<\/span>\n\t\t\t<\/nav>\t\t<\/div>\n\t\t\n\t\t<div id=\"wd-654f9d97e6010\" class=\"title-wrapper wd-wpb wd-set-mb reset-last-child  wd-rs-654f9d97e6010 wd-title-color-default wd-title-style-default text-center  wd-underline-colored\">\n\t\t\t\n\t\t\t<div class=\"liner-continer\">\n\t\t\t\t<h1 class=\"woodmart-title-container title  wd-font-weight- wd-fontsize-l\" >NOWOCZESNE UCHWYTY<\/h1>\n\t\t\t\t\t\t\t<\/div>\n\t\t\t\n\t\t\t\t\t\t\t<div class=\"title-after_title reset-last-child  wd-fontsize-xs\">Odkryj nasz\u0105 szerok\u0105 gam\u0119 uchwyt\u00f3w. Nasze eleganckie uchwyty s\u0105 nie tylko funkcjonalne, ale tak\u017ce dodaj\u0105 stylu Twoim meblom lub szafkom. Wybierz uchwyty, kt\u00f3re pasuj\u0105 do Twojej estetyki i potrzeb, aby nada\u0107 wn\u0119trzu osobisty charakter. Nasze wysokiej jako\u015bci materia\u0142y gwarantuj\u0105 trwa\u0142o\u015b\u0107, a dzi\u0119ki r\u00f3\u017cnym rozmiarom i wzorom z pewno\u015bci\u0105 znajdziesz u nas idealne uchwyty.<br \/>\nMo\u017ce by\u0107 stosowany jako uchwyt kuchenny, uchwyt do drzwi, uchwyt meblowy lub uchwyt do szuflady.<\/div>\n\t\t\t\n\t\t\t\n\t\t<\/div>\n\t\t\n\t\t\n<valued-widget layout=\"rating\" size=\"small\" align=\"center\" star-color=\"green\" theme=\"dark\"><\/valued-widget>\n\n\n<div class=\"vc_separator wpb_content_element vc_separator_align_center vc_sep_width_100 vc_sep_pos_align_center vc_separator_no_text vc_sep_color_grey\" ><span class=\"vc_sep_holder vc_sep_holder_l\"><span class=\"vc_sep_line\"><\/span><\/span><span class=\"vc_sep_holder vc_sep_holder_r\"><span class=\"vc_sep_line\"><\/span><\/span>\n<\/div><\/div><\/div><\/div><\/div><div class=\"vc_row wpb_row vc_row-fluid vc_custom_1697373567460 wd-rs-652bdd7cafa12\"><div class=\"wpb_column vc_column_container vc_col-sm-12\"><div class=\"vc_column-inner\"><div class=\"wpb_wrapper\">\n\t\t<div id=\"wd-654f9d5b4de14\" class=\"title-wrapper wd-wpb wd-set-mb reset-last-child  wd-rs-654f9d5b4de14 wd-title-color-default wd-title-style-default text-center vc_custom_1699716447273 wd-underline-colored\">\n\t\t\t\n\t\t\t<div class=\"liner-continer\">\n\t\t\t\t<h2 class=\"woodmart-title-container title  wd-font-weight- wd-fontsize-l\" >UCHWYTY WED\u0141UG KOLORU<\/h2>\n\t\t\t\t\t\t\t<\/div>\n\t\t\t\n\t\t\t\t\t\t\t<div class=\"title-after_title reset-last-child  wd-fontsize-xs\">Filtruj poni\u017cej spo\u015br\u00f3d r\u00f3\u017cnych kolor\u00f3w uchwyt\u00f3w!<\/div>\n\t\t\t\n\t\t\t\n\t\t<\/div>\n\t\t\n\t\t\t\t<div id=\"wd-652be377f06eb\" class=\"wd-tabs wd-products-tabs wd-wpb tabs-wd-652be377f06eb tabs-design-default  wd-rs-652be377f06eb\">\n\t\t\t<div class=\"wd-tabs-header text-center\">\n\t\t\t\t\n\t\t\t\t\n\t\t\t\t<div class=\"wd-nav-wrapper wd-nav-tabs-wrapper tabs-navigation-wrapper wd-mb-action-swipe\">\n\t\t\t\t\t<ul class=\"wd-nav wd-nav-tabs products-tabs-title wd-style-underline wd-icon-pos-left\"><li data-atts=\"{&quot;post_type&quot;:&quot;ids&quot;,&quot;columns&quot;:&quot;5&quot;,&quot;items_per_page&quot;:&quot;10&quot;,&quot;product_hover&quot;:&quot;quick&quot;,&quot;rounding_size&quot;:&quot;&quot;,&quot;title&quot;:&quot;Zwart&quot;,&quot;img_size&quot;:&quot;300x333&quot;,&quot;sale_countdown&quot;:&quot;0&quot;,&quot;stock_progress_bar&quot;:&quot;0&quot;,&quot;products_bordered_grid&quot;:&quot;0&quot;,&quot;lazy_loading&quot;:&quot;no&quot;,&quot;woodmart_css_id&quot;:&quot;652e6790b1fe0&quot;,&quot;stretch_product_desktop&quot;:&quot;0&quot;,&quot;stretch_product_tablet&quot;:&quot;0&quot;,&quot;stretch_product_mobile&quot;:&quot;0&quot;,&quot;hide_out_of_stock&quot;:&quot;no&quot;,&quot;include&quot;:&quot;8624, 8681, 9821&quot;,&quot;icon_size&quot;:&quot;25x25&quot;}\" class=\"wd-active\"><a href=\"#\" class=\"wd-nav-link\"><span class=\"tab-label nav-link-text\">Czarny<\/span><\/a><\/li><li data-atts=\"{&quot;post_type&quot;:&quot;ids&quot;,&quot;columns&quot;:&quot;5&quot;,&quot;items_per_page&quot;:&quot;10&quot;,&quot;product_hover&quot;:&quot;quick&quot;,&quot;rounding_size&quot;:&quot;&quot;,&quot;orderby&quot;:&quot;rand&quot;,&quot;title&quot;:&quot;Zilver&quot;,&quot;img_size&quot;:&quot;300x333&quot;,&quot;sale_countdown&quot;:&quot;0&quot;,&quot;stock_progress_bar&quot;:&quot;0&quot;,&quot;products_bordered_grid&quot;:&quot;0&quot;,&quot;lazy_loading&quot;:&quot;no&quot;,&quot;woodmart_css_id&quot;:&quot;652e67e14deed&quot;,&quot;stretch_product_desktop&quot;:&quot;0&quot;,&quot;stretch_product_tablet&quot;:&quot;0&quot;,&quot;stretch_product_mobile&quot;:&quot;0&quot;,&quot;hide_out_of_stock&quot;:&quot;no&quot;,&quot;include&quot;:&quot;8669, 8715&quot;,&quot;icon_size&quot;:&quot;25x25&quot;}\" class=\"\"><a href=\"#\" class=\"wd-nav-link\"><span class=\"tab-label nav-link-text\">Srebro<\/span><\/a><\/li><li data-atts=\"{&quot;post_type&quot;:&quot;ids&quot;,&quot;columns&quot;:&quot;5&quot;,&quot;items_per_page&quot;:&quot;10&quot;,&quot;product_hover&quot;:&quot;quick&quot;,&quot;rounding_size&quot;:&quot;&quot;,&quot;orderby&quot;:&quot;rand&quot;,&quot;query_type&quot;:&quot;AND&quot;,&quot;title&quot;:&quot;Goud&quot;,&quot;img_size&quot;:&quot;300x333&quot;,&quot;sale_countdown&quot;:&quot;0&quot;,&quot;lazy_loading&quot;:&quot;no&quot;,&quot;stock_progress_bar&quot;:&quot;0&quot;,&quot;products_bordered_grid&quot;:&quot;0&quot;,&quot;woodmart_css_id&quot;:&quot;652e67f9d0dc9&quot;,&quot;stretch_product_desktop&quot;:&quot;0&quot;,&quot;stretch_product_tablet&quot;:&quot;0&quot;,&quot;stretch_product_mobile&quot;:&quot;0&quot;,&quot;hide_out_of_stock&quot;:&quot;no&quot;,&quot;include&quot;:&quot;8653, 8700&quot;,&quot;icon_size&quot;:&quot;25x25&quot;}\" class=\"\"><a href=\"#\" class=\"wd-nav-link\"><span class=\"tab-label nav-link-text\">Z\u0142oto<\/span><\/a><\/li><\/ul>\t\t\t\t<\/div>\n\t\t\t<\/div>\n\t\t\t\t\t\t\t\t<div class=\"wd-tabs-content-wrapper\" >\n\t\t\t\t\t<div class=\"wd-sticky-loader\"><span class=\"wd-loader\"><\/span><\/div>\n\t\t\t\t\t\t\n\t\t\t\t\t<div class=\"wd-products-element wd-rs-652e6790b1fe0 wd-wpb wd-tab-content wd-active wd-in\">\n\t\t\t\n\t\t\n\t\t\t\t\t<div class=\"products wd-products  grid-columns-5 elements-grid wd-grid-g wd-loop-builder-off title-line-one\" data-paged=\"1\" data-atts=\"{&quot;post_type&quot;:&quot;ids&quot;,&quot;include&quot;:&quot;8624, 8681, 9821&quot;,&quot;items_per_page&quot;:&quot;10&quot;,&quot;product_hover&quot;:&quot;quick&quot;,&quot;columns&quot;:&quot;5&quot;,&quot;sale_countdown&quot;:&quot;0&quot;,&quot;stretch_product_desktop&quot;:&quot;0&quot;,&quot;stretch_product_tablet&quot;:&quot;0&quot;,&quot;stretch_product_mobile&quot;:&quot;0&quot;,&quot;stock_progress_bar&quot;:&quot;0&quot;,&quot;products_bordered_grid&quot;:&quot;0&quot;,&quot;img_size&quot;:&quot;300x333&quot;,&quot;force_not_ajax&quot;:&quot;no&quot;,&quot;woodmart_css_id&quot;:&quot;652e6790b1fe0&quot;,&quot;wrapper_classes&quot;:&quot; wd-tab-content wd-active wd-in&quot;}\" data-source=\"shortcode\" data-columns=\"5\" style=\"--wd-col-lg:5;--wd-col-md:4;--wd-col-sm:2;--wd-gap-lg:20px;--wd-gap-sm:10px;\">\n\t\t\t<div class=\"wd-product wd-col wd-hover-quick product-grid-item product type-product post-8624 status-publish instock product_cat-handgrepen has-post-thumbnail sale taxable shipping-taxable purchasable product-type-variable\" data-loop=\"1\" data-id=\"8624\">\n\t\n<div class=\"wd-product-wrapper product-wrapper\">\n\t<div class=\"wd-product-thumb product-element-top wd-quick-shop\">\n\t\t<a href=\"https:\/\/www.altag.nl\/pl\/produkt\/serwatka-czarna\/\" class=\"wd-product-img-link product-image-link\" tabindex=\"-1\" aria-label=\"Weerd Black\">\n\t\t\t\t\t\t<div class=\"product-labels labels-rectangular\">\n\t\t\t\t<span class=\"onsale product-label wd-shape-rect-sm\">Sale<\/span>\t\t\t<\/div>\n\t\t\t<img loading=\"lazy\" decoding=\"async\" width=\"300\" height=\"333\" src=\"https:\/\/www.altag.nl\/wp-content\/uploads\/2022\/07\/Weerd-Handgreep-Zwart-keukengreep-1-300x333.jpg\" class=\"attachment-300x333 size-300x333\" alt=\"Klamka czarna - klamka do drzwi - klamka kuchenna - klamka meblowa - uchwyty\" \/>\t\t<\/a>\n\n\t\t\t\t<div class=\"wd-buttons wd-pos-r-t\">\n\t\t\t\t\t\t\t\t\t\t\t\t\t\t<\/div>\n\n\t\t\t\t\t<div class=\"wd-add-btn wd-add-btn-replace\">\n\t\t\t\t\n\t\t\t\t<a href=\"https:\/\/www.altag.nl\/pl\/produkt\/serwatka-czarna\/\" aria-describedby=\"woocommerce_loop_add_to_cart_link_describedby_8624\" data-quantity=\"1\" class=\"button product_type_variable add_to_cart_button add-to-cart-loop\" data-product_id=\"8624\" data-product_sku=\"\" aria-label=\"Wybierz opcje dla \u201cWeerd Zwart\u201d\" rel=\"nofollow\" data-no-translation-aria-label=\"\"><span class=\"wd-action-icon\"><span class=\"wd-check-icon\"><\/span><\/span><span class=\"wd-action-text\" data-no-translation=\"\" data-trp-gettext=\"\">Wybierz opcje<\/span><\/a>\t<span id=\"woocommerce_loop_add_to_cart_link_describedby_8624\" class=\"screen-reader-text\">\n\t\tTen produkt ma wiele wariant\u00f3w. Opcje mo\u017cna wybra\u0107 na stronie produktu\t<\/span>\n\t\t\t\t\t\t\t<\/div>\n\t\t\t<\/div>\n\t\t\t<h3 class=\"wd-entities-title\"><a href=\"https:\/\/www.altag.nl\/pl\/produkt\/serwatka-czarna\/\">Weerd Black<\/a><\/h3>\n\t\t\t\n\t<span class=\"price\"><span class=\"woocommerce-Price-amount amount\" aria-hidden=\"true\"><bdi><span class=\"woocommerce-Price-currencySymbol\">&euro;<\/span>&nbsp;2,95<\/bdi><\/span> <span aria-hidden=\"true\">-<\/span> <span class=\"woocommerce-Price-amount amount\" aria-hidden=\"true\"><bdi><span class=\"woocommerce-Price-currencySymbol\">&euro;<\/span>&nbsp;8,95<\/bdi><\/span><span class=\"screen-reader-text\" data-no-translation=\"\" data-trp-gettext=\"\">Zakres cen: &euro;&nbsp;2,95 do &euro;&nbsp;8,95<\/span> <small class=\"woocommerce-price-suffix\">w tym VAT<\/small><\/span>\n\n\t<span class=\"gtm4wp_productdata\" style=\"display:none; visibility:hidden;\" data-gtm4wp_product_data=\"{&quot;internal_id&quot;:8624,&quot;item_id&quot;:8624,&quot;item_name&quot;:&quot;Weerd Zwart&quot;,&quot;sku&quot;:8624,&quot;price&quot;:2.95,&quot;stocklevel&quot;:null,&quot;stockstatus&quot;:&quot;instock&quot;,&quot;google_business_vertical&quot;:&quot;retail&quot;,&quot;item_category&quot;:&quot;Handgrepen&quot;,&quot;id&quot;:8624,&quot;productlink&quot;:&quot;https:\\\/\\\/www.altag.nl\\\/pl\\\/produkt\\\/serwatka-czarna\\\/&quot;,&quot;item_list_name&quot;:&quot;General Product List&quot;,&quot;index&quot;:2,&quot;product_type&quot;:&quot;variable&quot;,&quot;item_brand&quot;:&quot;&quot;}\"><\/span>\n\t\n\t\t<\/div>\n<\/div>\n<div class=\"wd-product wd-col wd-hover-quick product-grid-item product type-product post-8681 status-publish instock product_cat-handgrepen has-post-thumbnail sale taxable shipping-taxable purchasable product-type-variable\" data-loop=\"2\" data-id=\"8681\">\n\t\n<div class=\"wd-product-wrapper product-wrapper\">\n\t<div class=\"wd-product-thumb product-element-top wd-quick-shop\">\n\t\t<a href=\"https:\/\/www.altag.nl\/pl\/produkt\/heide-czarny\/\" class=\"wd-product-img-link product-image-link\" tabindex=\"-1\" aria-label=\"Heide Czarny\">\n\t\t\t\t\t\t<div class=\"product-labels labels-rectangular\">\n\t\t\t\t<span class=\"onsale product-label wd-shape-rect-sm\">Sale<\/span>\t\t\t<\/div>\n\t\t\t<img loading=\"lazy\" decoding=\"async\" width=\"300\" height=\"333\" src=\"https:\/\/www.altag.nl\/wp-content\/uploads\/2022\/07\/handgreep-zwart-soorten-300x333.jpg\" class=\"attachment-300x333 size-300x333\" alt=\"uchwyt-czarny-gatunek\" \/>\t\t<\/a>\n\n\t\t\t\t<div class=\"wd-buttons wd-pos-r-t\">\n\t\t\t\t\t\t\t\t\t\t\t\t\t\t<\/div>\n\n\t\t\t\t\t<div class=\"wd-add-btn wd-add-btn-replace\">\n\t\t\t\t\n\t\t\t\t<a href=\"https:\/\/www.altag.nl\/pl\/produkt\/heide-czarny\/\" aria-describedby=\"woocommerce_loop_add_to_cart_link_describedby_8681\" data-quantity=\"1\" class=\"button product_type_variable add_to_cart_button add-to-cart-loop\" data-product_id=\"8681\" data-product_sku=\"\" aria-label=\"Wybierz opcje dla \u201cHeide Zwart\u201d\" rel=\"nofollow\" data-no-translation-aria-label=\"\"><span class=\"wd-action-icon\"><span class=\"wd-check-icon\"><\/span><\/span><span class=\"wd-action-text\" data-no-translation=\"\" data-trp-gettext=\"\">Wybierz opcje<\/span><\/a>\t<span id=\"woocommerce_loop_add_to_cart_link_describedby_8681\" class=\"screen-reader-text\">\n\t\tTen produkt ma wiele wariant\u00f3w. Opcje mo\u017cna wybra\u0107 na stronie produktu\t<\/span>\n\t\t\t\t\t\t\t<\/div>\n\t\t\t<\/div>\n\t\t\t<h3 class=\"wd-entities-title\"><a href=\"https:\/\/www.altag.nl\/pl\/produkt\/heide-czarny\/\">Heide Czarny<\/a><\/h3>\n\t\t\t\n\t<span class=\"price\"><span class=\"woocommerce-Price-amount amount\" aria-hidden=\"true\"><bdi><span class=\"woocommerce-Price-currencySymbol\">&euro;<\/span>&nbsp;2,95<\/bdi><\/span> <span aria-hidden=\"true\">-<\/span> <span class=\"woocommerce-Price-amount amount\" aria-hidden=\"true\"><bdi><span class=\"woocommerce-Price-currencySymbol\">&euro;<\/span>&nbsp;4,95<\/bdi><\/span><span class=\"screen-reader-text\" data-no-translation=\"\" data-trp-gettext=\"\">Zakres cen: &euro;&nbsp;2,95 do &euro;&nbsp;4,95<\/span> <small class=\"woocommerce-price-suffix\">w tym VAT<\/small><\/span>\n\n\t<span class=\"gtm4wp_productdata\" style=\"display:none; visibility:hidden;\" data-gtm4wp_product_data=\"{&quot;internal_id&quot;:8681,&quot;item_id&quot;:8681,&quot;item_name&quot;:&quot;Heide Zwart&quot;,&quot;sku&quot;:8681,&quot;price&quot;:2.95,&quot;stocklevel&quot;:null,&quot;stockstatus&quot;:&quot;instock&quot;,&quot;google_business_vertical&quot;:&quot;retail&quot;,&quot;item_category&quot;:&quot;Handgrepen&quot;,&quot;id&quot;:8681,&quot;productlink&quot;:&quot;https:\\\/\\\/www.altag.nl\\\/pl\\\/produkt\\\/heide-czarny\\\/&quot;,&quot;item_list_name&quot;:&quot;General Product List&quot;,&quot;index&quot;:3,&quot;product_type&quot;:&quot;variable&quot;,&quot;item_brand&quot;:&quot;&quot;}\"><\/span>\n\t\n\t\t<\/div>\n<\/div>\n\t\t\t<\/div>\n\t\t\t<\/div>\t\t\t\t\t<\/div>\n\t\t\t\t\t\t<\/div>\n\t\t<\/div><\/div><\/div><\/div>\n<\/div>","protected":false},"excerpt":{"rendered":"Premium uitstraling Modern zwart Deze handgreep is beschikbaar in diverse kleuren, zoals zwart, goud &amp; zilver. Specificaties Collectie Heide Kleur:","protected":false},"author":6,"featured_media":8962,"parent":0,"menu_order":0,"comment_status":"closed","ping_status":"closed","template":"","meta":{"footnotes":""},"class_list":["post-10443","page","type-page","status-publish","has-post-thumbnail","hentry"],"yoast_head":"<!-- This site is optimized with the Yoast SEO plugin v27.4 - https:\/\/yoast.com\/product\/yoast-seo-wordpress\/ -->\n<title>Handgrepen &amp; knoppen voor deuren en lades | Ontdek ze hier!<\/title>\n<meta name=\"description\" content=\"Verrijk uw interieur met onze stijlvolle handgrepen. Handgrepen in de kleur Zwart, Goud en Zilver\/RVS verkrijgbaar!\" \/>\n<meta name=\"robots\" content=\"index, follow, max-snippet:-1, max-image-preview:large, max-video-preview:-1\" \/>\n<link rel=\"canonical\" href=\"https:\/\/www.altag.nl\/pl\/uchwyty\/\" \/>\n<meta property=\"og:locale\" content=\"pl_PL\" \/>\n<meta property=\"og:type\" content=\"article\" \/>\n<meta property=\"og:title\" content=\"Handgrepen &amp; knoppen voor deuren en lades | Ontdek ze hier!\" \/>\n<meta property=\"og:description\" content=\"Verrijk uw interieur met onze stijlvolle handgrepen. Handgrepen in de kleur Zwart, Goud en Zilver\/RVS verkrijgbaar!\" \/>\n<meta property=\"og:url\" content=\"https:\/\/www.altag.nl\/pl\/uchwyty\/\" \/>\n<meta property=\"og:site_name\" content=\"ALTAG\" \/>\n<meta property=\"article:modified_time\" content=\"2023-11-28T18:21:29+00:00\" \/>\n<meta property=\"og:image\" content=\"https:\/\/www.altag.nl\/wp-content\/uploads\/2022\/07\/Weerd-Handgreep-Zwart-keukengreep-1.jpg\" \/>\n\t<meta property=\"og:image:width\" content=\"1000\" \/>\n\t<meta property=\"og:image:height\" content=\"1000\" \/>\n\t<meta property=\"og:image:type\" content=\"image\/jpeg\" \/>\n<meta name=\"twitter:card\" content=\"summary_large_image\" \/>\n<meta name=\"twitter:label1\" content=\"Szacowany czas czytania\" \/>\n\t<meta name=\"twitter:data1\" content=\"2 minuty\" \/>\n<script type=\"application\/ld+json\" class=\"yoast-schema-graph\">{\"@context\":\"https:\\\/\\\/schema.org\",\"@graph\":[{\"@type\":\"WebPage\",\"@id\":\"https:\\\/\\\/www.altag.nl\\\/handgrepen\\\/\",\"url\":\"https:\\\/\\\/www.altag.nl\\\/handgrepen\\\/\",\"name\":\"Handgrepen & knoppen voor deuren en lades | Ontdek ze hier!\",\"isPartOf\":{\"@id\":\"https:\\\/\\\/www.altag.nl\\\/#website\"},\"primaryImageOfPage\":{\"@id\":\"https:\\\/\\\/www.altag.nl\\\/handgrepen\\\/#primaryimage\"},\"image\":{\"@id\":\"https:\\\/\\\/www.altag.nl\\\/handgrepen\\\/#primaryimage\"},\"thumbnailUrl\":\"https:\\\/\\\/www.altag.nl\\\/wp-content\\\/uploads\\\/2022\\\/07\\\/Weerd-Handgreep-Zwart-keukengreep-1.jpg\",\"datePublished\":\"2023-10-17T10:42:57+00:00\",\"dateModified\":\"2023-11-28T18:21:29+00:00\",\"description\":\"Verrijk uw interieur met onze stijlvolle handgrepen. Handgrepen in de kleur Zwart, Goud en Zilver\\\/RVS verkrijgbaar!\",\"breadcrumb\":{\"@id\":\"https:\\\/\\\/www.altag.nl\\\/handgrepen\\\/#breadcrumb\"},\"inLanguage\":\"pl-PL\",\"potentialAction\":[{\"@type\":\"ReadAction\",\"target\":[\"https:\\\/\\\/www.altag.nl\\\/handgrepen\\\/\"]}]},{\"@type\":\"ImageObject\",\"inLanguage\":\"pl-PL\",\"@id\":\"https:\\\/\\\/www.altag.nl\\\/handgrepen\\\/#primaryimage\",\"url\":\"https:\\\/\\\/www.altag.nl\\\/wp-content\\\/uploads\\\/2022\\\/07\\\/Weerd-Handgreep-Zwart-keukengreep-1.jpg\",\"contentUrl\":\"https:\\\/\\\/www.altag.nl\\\/wp-content\\\/uploads\\\/2022\\\/07\\\/Weerd-Handgreep-Zwart-keukengreep-1.jpg\",\"width\":1000,\"height\":1000,\"caption\":\"Handgreep zwart - deurgreep - keukengreep- meubelgreep - greepjes\"},{\"@type\":\"BreadcrumbList\",\"@id\":\"https:\\\/\\\/www.altag.nl\\\/handgrepen\\\/#breadcrumb\",\"itemListElement\":[{\"@type\":\"ListItem\",\"position\":1,\"name\":\"Home\",\"item\":\"https:\\\/\\\/www.altag.nl\\\/\"},{\"@type\":\"ListItem\",\"position\":2,\"name\":\"Handgrepen\"}]},{\"@type\":\"WebSite\",\"@id\":\"https:\\\/\\\/www.altag.nl\\\/#website\",\"url\":\"https:\\\/\\\/www.altag.nl\\\/\",\"name\":\"ALTAG\",\"description\":\"Moderne Huisnummers\",\"publisher\":{\"@id\":\"https:\\\/\\\/www.altag.nl\\\/#organization\"},\"potentialAction\":[{\"@type\":\"SearchAction\",\"target\":{\"@type\":\"EntryPoint\",\"urlTemplate\":\"https:\\\/\\\/www.altag.nl\\\/?s={search_term_string}\"},\"query-input\":{\"@type\":\"PropertyValueSpecification\",\"valueRequired\":true,\"valueName\":\"search_term_string\"}}],\"inLanguage\":\"pl-PL\"},{\"@type\":\"Organization\",\"@id\":\"https:\\\/\\\/www.altag.nl\\\/#organization\",\"name\":\"Altag\",\"url\":\"https:\\\/\\\/www.altag.nl\\\/\",\"logo\":{\"@type\":\"ImageObject\",\"inLanguage\":\"pl-PL\",\"@id\":\"https:\\\/\\\/www.altag.nl\\\/#\\\/schema\\\/logo\\\/image\\\/\",\"url\":\"https:\\\/\\\/www.altag.nl\\\/wp-content\\\/uploads\\\/2022\\\/10\\\/cropped-favicon-altag.png\",\"contentUrl\":\"https:\\\/\\\/www.altag.nl\\\/wp-content\\\/uploads\\\/2022\\\/10\\\/cropped-favicon-altag.png\",\"width\":512,\"height\":512,\"caption\":\"Altag\"},\"image\":{\"@id\":\"https:\\\/\\\/www.altag.nl\\\/#\\\/schema\\\/logo\\\/image\\\/\"}}]}<\/script>\n<!-- \/ Yoast SEO plugin. -->","yoast_head_json":{"title":"Uchwyty i ga\u0142ki do drzwi i szuflad | Odkryj je tutaj!","description":"Wzboga\u0107 swoje wn\u0119trze dzi\u0119ki naszym stylowym uchwytom. Uchwyty dost\u0119pne w kolorze czarnym, z\u0142otym i srebrnym\/stal nierdzewna!","robots":{"index":"index","follow":"follow","max-snippet":"max-snippet:-1","max-image-preview":"max-image-preview:large","max-video-preview":"max-video-preview:-1"},"canonical":"https:\/\/www.altag.nl\/pl\/uchwyty\/","og_locale":"pl_PL","og_type":"article","og_title":"Handgrepen & knoppen voor deuren en lades | Ontdek ze hier!","og_description":"Verrijk uw interieur met onze stijlvolle handgrepen. Handgrepen in de kleur Zwart, Goud en Zilver\/RVS verkrijgbaar!","og_url":"https:\/\/www.altag.nl\/pl\/uchwyty\/","og_site_name":"ALTAG","article_modified_time":"2023-11-28T18:21:29+00:00","og_image":[{"width":1000,"height":1000,"url":"https:\/\/www.altag.nl\/wp-content\/uploads\/2022\/07\/Weerd-Handgreep-Zwart-keukengreep-1.jpg","type":"image\/jpeg"}],"twitter_card":"summary_large_image","twitter_misc":{"Szacowany czas czytania":"2 minuty"},"schema":{"@context":"https:\/\/schema.org","@graph":[{"@type":"WebPage","@id":"https:\/\/www.altag.nl\/handgrepen\/","url":"https:\/\/www.altag.nl\/handgrepen\/","name":"Uchwyty i ga\u0142ki do drzwi i szuflad | Odkryj je tutaj!","isPartOf":{"@id":"https:\/\/www.altag.nl\/#website"},"primaryImageOfPage":{"@id":"https:\/\/www.altag.nl\/handgrepen\/#primaryimage"},"image":{"@id":"https:\/\/www.altag.nl\/handgrepen\/#primaryimage"},"thumbnailUrl":"https:\/\/www.altag.nl\/wp-content\/uploads\/2022\/07\/Weerd-Handgreep-Zwart-keukengreep-1.jpg","datePublished":"2023-10-17T10:42:57+00:00","dateModified":"2023-11-28T18:21:29+00:00","description":"Wzboga\u0107 swoje wn\u0119trze dzi\u0119ki naszym stylowym uchwytom. Uchwyty dost\u0119pne w kolorze czarnym, z\u0142otym i srebrnym\/stal nierdzewna!","breadcrumb":{"@id":"https:\/\/www.altag.nl\/handgrepen\/#breadcrumb"},"inLanguage":"pl-PL","potentialAction":[{"@type":"ReadAction","target":["https:\/\/www.altag.nl\/handgrepen\/"]}]},{"@type":"ImageObject","inLanguage":"pl-PL","@id":"https:\/\/www.altag.nl\/handgrepen\/#primaryimage","url":"https:\/\/www.altag.nl\/wp-content\/uploads\/2022\/07\/Weerd-Handgreep-Zwart-keukengreep-1.jpg","contentUrl":"https:\/\/www.altag.nl\/wp-content\/uploads\/2022\/07\/Weerd-Handgreep-Zwart-keukengreep-1.jpg","width":1000,"height":1000,"caption":"Handgreep zwart - deurgreep - keukengreep- meubelgreep - greepjes"},{"@type":"BreadcrumbList","@id":"https:\/\/www.altag.nl\/handgrepen\/#breadcrumb","itemListElement":[{"@type":"ListItem","position":1,"name":"Home","item":"https:\/\/www.altag.nl\/"},{"@type":"ListItem","position":2,"name":"Handgrepen"}]},{"@type":"WebSite","@id":"https:\/\/www.altag.nl\/#website","url":"https:\/\/www.altag.nl\/","name":"ALTAG","description":"Nowoczesne numery dom\u00f3w","publisher":{"@id":"https:\/\/www.altag.nl\/#organization"},"potentialAction":[{"@type":"SearchAction","target":{"@type":"EntryPoint","urlTemplate":"https:\/\/www.altag.nl\/?s={search_term_string}"},"query-input":{"@type":"PropertyValueSpecification","valueRequired":true,"valueName":"search_term_string"}}],"inLanguage":"pl-PL"},{"@type":"Organization","@id":"https:\/\/www.altag.nl\/#organization","name":"Altag","url":"https:\/\/www.altag.nl\/","logo":{"@type":"ImageObject","inLanguage":"pl-PL","@id":"https:\/\/www.altag.nl\/#\/schema\/logo\/image\/","url":"https:\/\/www.altag.nl\/wp-content\/uploads\/2022\/10\/cropped-favicon-altag.png","contentUrl":"https:\/\/www.altag.nl\/wp-content\/uploads\/2022\/10\/cropped-favicon-altag.png","width":512,"height":512,"caption":"Altag"},"image":{"@id":"https:\/\/www.altag.nl\/#\/schema\/logo\/image\/"}}]}},"_links":{"self":[{"href":"https:\/\/www.altag.nl\/pl\/wp-json\/wp\/v2\/pages\/10443","targetHints":{"allow":["GET"]}}],"collection":[{"href":"https:\/\/www.altag.nl\/pl\/wp-json\/wp\/v2\/pages"}],"about":[{"href":"https:\/\/www.altag.nl\/pl\/wp-json\/wp\/v2\/types\/page"}],"author":[{"embeddable":true,"href":"https:\/\/www.altag.nl\/pl\/wp-json\/wp\/v2\/users\/6"}],"replies":[{"embeddable":true,"href":"https:\/\/www.altag.nl\/pl\/wp-json\/wp\/v2\/comments?post=10443"}],"version-history":[{"count":0,"href":"https:\/\/www.altag.nl\/pl\/wp-json\/wp\/v2\/pages\/10443\/revisions"}],"wp:featuredmedia":[{"embeddable":true,"href":"https:\/\/www.altag.nl\/pl\/wp-json\/wp\/v2\/media\/8962"}],"wp:attachment":[{"href":"https:\/\/www.altag.nl\/pl\/wp-json\/wp\/v2\/media?parent=10443"}],"curies":[{"name":"wp","href":"https:\/\/api.w.org\/{rel}","templated":true}]}}