{"id":8715,"date":"2022-07-11T18:43:47","date_gmt":"2022-07-11T17:43:47","guid":{"rendered":"https:\/\/www.altag.nl\/?post_type=product&#038;p=8715"},"modified":"2025-12-03T10:36:13","modified_gmt":"2025-12-03T09:36:13","slug":"heide-argento","status":"publish","type":"product","link":"https:\/\/www.altag.nl\/it\/prodotto\/heide-argento\/","title":{"rendered":"Heide Argento"},"content":{"rendered":"<div class=\"wpb-content-wrapper\"><section data-vc-full-width=\"true\" data-vc-full-width-temp=\"true\" data-vc-full-width-init=\"false\" class=\"vc_section vc_custom_1497864350266 vc_section-has-fill wd-row-gradient-enable\"><div class=\"woodmart-row-gradient wd-fill\" style=\"background-image:radial-gradient(ellipse at center center, rgba(255, 255, 255, 0) 15%, rgba(0, 0, 0, 0.07) 100%);\"><\/div><div class=\"vc_row wpb_row vc_row-fluid vc_row-o-content-middle vc_row-flex\"><div class=\"wpb_column vc_column_container vc_col-sm-6\"><div class=\"vc_column-inner vc_custom_1497883959176\"><div class=\"wpb_wrapper\"><h5 style=\"font-size: 18px;color: #777777;text-align: center\" class=\"vc_custom_heading vc_do_custom_heading visible-lg vc_custom_1645188580764\" >Aspetto premium<\/h5>\n\t\t<div id=\"wd-62cc6169773b0\" class=\"title-wrapper wd-wpb wd-set-mb reset-last-child  wd-rs-62cc6169773b0 wd-title-color-primary wd-title-style-default text-center vc_custom_1657561454402 wd-width-enabled wd-underline-colored\" style=\"--wd-max-width: 90%;\">\n\t\t\t\n\t\t\t<div class=\"liner-continer\">\n\t\t\t\t<h4 class=\"woodmart-title-container title  wd-font-weight- wd-fontsize-xxxl\" >Argento classico<\/h4>\n\t\t\t\t\t\t\t<\/div>\n\t\t\t\n\t\t\t\t\t\t\t<div class=\"title-after_title reset-last-child  wd-fontsize-s\">Questa maniglia \u00e8 disponibile in vari colori, come nero, oro e argento.<\/div>\n\t\t\t\n\t\t\t\n\t\t<\/div>\n\t\t\n\t\t<\/div><\/div><\/div><div class=\"wpb_column text-center vc_column_container vc_col-sm-6\"><div class=\"vc_column-inner\"><div class=\"wpb_wrapper\">\n\t\t<div id=\"wd-605c74afe6fc8\" class=\"title-wrapper wd-wpb wd-set-mb reset-last-child  wd-rs-605c74afe6fc8 wd-title-color-default wd-title-style-underlined text-left vc_custom_1616671930666 wd-underline-colored\">\n\t\t\t\n\t\t\t<div class=\"liner-continer\">\n\t\t\t\t<h4 class=\"woodmart-title-container title  wd-font-weight- wd-fontsize-l\" >Specifiche<\/h4>\n\t\t\t\t\t\t\t<\/div>\n\t\t\t\n\t\t\t\n\t\t\t\n\t\t<\/div>\n\t\t\n\t\t\n\t<div class=\"wpb_text_column wpb_content_element vc_custom_1738679544477\" >\n\t\t<div class=\"wpb_wrapper\">\n\t\t\t<table>\n<tbody>\n<tr>\n<th>Collezione<\/th>\n<td>Heide<\/td>\n<\/tr>\n<tr>\n<th>Colore:<\/th>\n<td>Argento in acciaio inossidabile<\/td>\n<\/tr>\n<tr>\n<th>Materiale:<\/th>\n<td>Acciaio inossidabile<\/td>\n<\/tr>\n<tr>\n<th>Assemblea:<\/th>\n<td>Fissato utilizzando le viti in dotazione<\/td>\n<\/tr>\n<tr>\n<th>Altezza:<\/th>\n<td>3,2 cm<\/td>\n<\/tr>\n<tr>\n<th>Larghezza:<\/th>\n<td>1,2 cm<\/td>\n<\/tr>\n<tr>\n<th>Garanzia:<\/th>\n<td>1 anno<\/td>\n<\/tr>\n<\/tbody>\n<\/table>\n\n\t\t<\/div>\n\t<\/div>\n<\/div><\/div><\/div><\/div><div data-vc-full-width=\"true\" data-vc-full-width-temp=\"true\" data-vc-full-width-init=\"false\" data-vc-stretch-content=\"true\" class=\"vc_row wpb_row vc_row-fluid vc_row-no-padding\"><div class=\"wpb_column vc_column_container vc_col-sm-12\"><div class=\"vc_column-inner\"><div class=\"wpb_wrapper\">\t\t\t<div id=\"wd-69e4f2d0d08d6\" class=\"wd-row-divider wd-69e4f2d0d08d6 dvr-position-bottom dvr-style-curved-line\">\n\t\t\t\t<svg xmlns=\"http:\/\/www.w3.org\/2000\/svg\" xmlns:xlink=\"http:\/\/www.w3.org\/1999\/xlink\" x=\"0px\" y=\"0px\"\n\t viewbox=\"0 0 100 100\" width=\"100%\" height=\"50px\" preserveaspectratio=\"none\">\n<path display=\"none\" d=\"M100,25.8V100H0V52.5c-4.9-6.8-9.5-13.8-15-19.7V101h125V20.9C106.3,22,103,23.7,100,25.8z\"\/>\n<path d=\"M100,100V0.8C77.8,21.4,71.3,70.5,38.6,70.5c-18.8,0-29.1-16.2-38.6-34V100H100z\"\/>\n<\/svg>\n\t\t\t\t\t\t\t<\/div>\n\t\t<\/div><\/div><\/div><\/div><div class=\"vc_row-full-width vc_clearfix\"><\/div><\/section><div class=\"vc_row-full-width vc_clearfix\"><\/div><div class=\"vc_row wpb_row vc_row-fluid vc_custom_1497864642484\"><div class=\"wpb_column vc_column_container vc_col-sm-4\"><div class=\"vc_column-inner vc_custom_1497864611596\"><div class=\"wpb_wrapper\">\n\t\t<div id=\"wd-62cb3f207cad7\" class=\"title-wrapper wd-wpb wd-set-mb reset-last-child  wd-rs-62cb3f207cad7 wd-title-color-primary wd-title-style-default text-center vc_custom_1657487139542 wd-underline-colored\">\n\t\t\t\n\t\t\t<div class=\"liner-continer\">\n\t\t\t\t<h4 class=\"woodmart-title-container title  wd-font-weight- wd-fontsize-xxl\" >Nero<\/h4>\n\t\t\t\t\t\t\t<\/div>\n\t\t\t\n\t\t\t\t\t\t\t<div class=\"title-after_title reset-last-child  wd-fontsize-s\">Manico nero opaco<br \/>\nAspetto moderno e alla moda.<\/div>\n\t\t\t\n\t\t\t\n\t\t<\/div>\n\t\t\n\t\t<div class=\"vc_empty_space\"   style=\"height: 25px\"><span class=\"vc_empty_space_inner\"><\/span><\/div>\t\t<div id=\"gallery_415\" class=\"wd-images-gallery wd-wpb wd-rs-62cd6d3a36aed\" style=\"--wd-justify-content:center;--wd-align-items:center;\">\n\t\t\t\n\t\t\t<div class=\"wd-grid-g\" style=\"--wd-col-lg:1;--wd-col-md:1;--wd-col-sm:1;--wd-gap-lg:0px;\">\n\t\t\t\t\n\t\t\t\t\t\t\t\t\t\t\t\t\t\t\t<div class=\"wd-gallery-item wd-col\">\n\t\t\t\t\t\t\t\t\t\t\t\t\t\t<a href=\"\/it\/prodotto\/heide-nero\/\" data-elementor-open-lightbox=\"no\" data-index=\"1\" data-width=\"1000\" data-height=\"1000\" \n\t\t\t\t\t\t\t\t\t\t\t\t\t\t\t\t\t\t\t\t>\n\t\t\t\t\t\t\t\t\n\t\t\t\t\t\t\t\t<img loading=\"lazy\" decoding=\"async\" width=\"300\" height=\"300\" src=\"https:\/\/www.altag.nl\/wp-content\/uploads\/2022\/07\/handgreep-zwart-soorten-300x300.jpg\" class=\"wd-gallery-image image-1\" alt=\"tipi con manico nero\" srcset=\"https:\/\/www.altag.nl\/wp-content\/uploads\/2022\/07\/handgreep-zwart-soorten-300x300.jpg 300w, https:\/\/www.altag.nl\/wp-content\/uploads\/2022\/07\/handgreep-zwart-soorten-430x430.jpg 430w, https:\/\/www.altag.nl\/wp-content\/uploads\/2022\/07\/handgreep-zwart-soorten-75x75.jpg 75w, https:\/\/www.altag.nl\/wp-content\/uploads\/2022\/07\/handgreep-zwart-soorten-700x700.jpg 700w, https:\/\/www.altag.nl\/wp-content\/uploads\/2022\/07\/handgreep-zwart-soorten-800x800.jpg 800w, https:\/\/www.altag.nl\/wp-content\/uploads\/2022\/07\/handgreep-zwart-soorten-150x150.jpg 150w, https:\/\/www.altag.nl\/wp-content\/uploads\/2022\/07\/handgreep-zwart-soorten-768x768.jpg 768w, https:\/\/www.altag.nl\/wp-content\/uploads\/2022\/07\/handgreep-zwart-soorten-860x860.jpg 860w, https:\/\/www.altag.nl\/wp-content\/uploads\/2022\/07\/handgreep-zwart-soorten-400x400.jpg 400w, https:\/\/www.altag.nl\/wp-content\/uploads\/2022\/07\/handgreep-zwart-soorten.jpg 1000w\" sizes=\"auto, (max-width: 300px) 100vw, 300px\" \/>\n\t\t\t\t\t\t\t\t\t\t\t\t\t\t\t<\/a>\n\t\t\t\t\t\t\t\t\t\t\t\t<\/div>\n\t\t\t\t\t\t\t\t\t\n\t\t\t\t\t\t\t<\/div>\n\n\t\t\t\t\t<\/div>\n\t\t<\/div><\/div><\/div><div class=\"wpb_column vc_column_container vc_col-sm-4\"><div class=\"vc_column-inner vc_custom_1497864617187\"><div class=\"wpb_wrapper\">\n\t\t<div id=\"wd-62cb4fd3970c9\" class=\"title-wrapper wd-wpb wd-set-mb reset-last-child  wd-rs-62cb4fd3970c9 wd-title-color-primary wd-title-style-default text-center vc_custom_1657491419442 wd-underline-colored\">\n\t\t\t\n\t\t\t<div class=\"liner-continer\">\n\t\t\t\t<h4 class=\"woodmart-title-container title  wd-font-weight- wd-fontsize-xxl\" >Oro<\/h4>\n\t\t\t\t\t\t\t<\/div>\n\t\t\t\n\t\t\t\t\t\t\t<div class=\"title-after_title reset-last-child  wd-fontsize-s\">Manico in oro opaco<br \/>\nAspetto lussuoso ed elegante.<\/div>\n\t\t\t\n\t\t\t\n\t\t<\/div>\n\t\t\n\t\t<div class=\"vc_empty_space\"   style=\"height: 25px\"><span class=\"vc_empty_space_inner\"><\/span><\/div>\t\t<div id=\"gallery_626\" class=\"wd-images-gallery wd-wpb wd-rs-62cd6d2d4673d\" style=\"--wd-justify-content:center;--wd-align-items:center;\">\n\t\t\t\n\t\t\t<div class=\"wd-grid-g\" style=\"--wd-col-lg:1;--wd-col-md:1;--wd-col-sm:1;--wd-gap-lg:0px;\">\n\t\t\t\t\n\t\t\t\t\t\t\t\t\t\t\t\t\t\t\t<div class=\"wd-gallery-item wd-col\">\n\t\t\t\t\t\t\t\t\t\t\t\t\t\t<a href=\"\/it\/prodotto\/heide-oro\/\" data-elementor-open-lightbox=\"no\" data-index=\"1\" data-width=\"1000\" data-height=\"1000\" \n\t\t\t\t\t\t\t\t\t\t\t\t\t\t\t\t\t\t\t\t>\n\t\t\t\t\t\t\t\t\n\t\t\t\t\t\t\t\t<img loading=\"lazy\" decoding=\"async\" width=\"300\" height=\"300\" src=\"https:\/\/www.altag.nl\/wp-content\/uploads\/2022\/07\/Handgreep-goud-rond-300x300.jpg\" class=\"wd-gallery-image image-1\" alt=\"Maniglia tonda dorata\" srcset=\"https:\/\/www.altag.nl\/wp-content\/uploads\/2022\/07\/Handgreep-goud-rond-300x300.jpg 300w, https:\/\/www.altag.nl\/wp-content\/uploads\/2022\/07\/Handgreep-goud-rond-430x430.jpg 430w, https:\/\/www.altag.nl\/wp-content\/uploads\/2022\/07\/Handgreep-goud-rond-75x75.jpg 75w, https:\/\/www.altag.nl\/wp-content\/uploads\/2022\/07\/Handgreep-goud-rond-700x700.jpg 700w, https:\/\/www.altag.nl\/wp-content\/uploads\/2022\/07\/Handgreep-goud-rond-800x800.jpg 800w, https:\/\/www.altag.nl\/wp-content\/uploads\/2022\/07\/Handgreep-goud-rond-150x150.jpg 150w, https:\/\/www.altag.nl\/wp-content\/uploads\/2022\/07\/Handgreep-goud-rond-768x768.jpg 768w, https:\/\/www.altag.nl\/wp-content\/uploads\/2022\/07\/Handgreep-goud-rond-860x860.jpg 860w, https:\/\/www.altag.nl\/wp-content\/uploads\/2022\/07\/Handgreep-goud-rond-400x400.jpg 400w, https:\/\/www.altag.nl\/wp-content\/uploads\/2022\/07\/Handgreep-goud-rond.jpg 1000w\" sizes=\"auto, (max-width: 300px) 100vw, 300px\" \/>\n\t\t\t\t\t\t\t\t\t\t\t\t\t\t\t<\/a>\n\t\t\t\t\t\t\t\t\t\t\t\t<\/div>\n\t\t\t\t\t\t\t\t\t\n\t\t\t\t\t\t\t<\/div>\n\n\t\t\t\t\t<\/div>\n\t\t<\/div><\/div><\/div><div class=\"wpb_column vc_column_container vc_col-sm-4\"><div class=\"vc_column-inner vc_custom_1497864622411\"><div class=\"wpb_wrapper\">\n\t\t<div id=\"wd-62cb4fa7d752e\" class=\"title-wrapper wd-wpb wd-set-mb reset-last-child  wd-rs-62cb4fa7d752e wd-title-color-primary wd-title-style-default text-center vc_custom_1657491385809 wd-underline-colored\">\n\t\t\t\n\t\t\t<div class=\"liner-continer\">\n\t\t\t\t<h4 class=\"woodmart-title-container title  wd-font-weight- wd-fontsize-xxl\" >Argento<\/h4>\n\t\t\t\t\t\t\t<\/div>\n\t\t\t\n\t\t\t\t\t\t\t<div class=\"title-after_title reset-last-child  wd-fontsize-s\">Manico argento opaco<br \/>\nAspetto chic e moderno.<\/div>\n\t\t\t\n\t\t\t\n\t\t<\/div>\n\t\t\n\t\t<div class=\"vc_empty_space\"   style=\"height: 25px\"><span class=\"vc_empty_space_inner\"><\/span><\/div>\t\t<div id=\"gallery_706\" class=\"wd-images-gallery wd-wpb wd-rs-62cc61885eb5b\" style=\"--wd-justify-content:center;--wd-align-items:center;\">\n\t\t\t\n\t\t\t<div class=\"wd-grid-g\" style=\"--wd-col-lg:1;--wd-col-md:1;--wd-col-sm:1;--wd-gap-lg:0px;\">\n\t\t\t\t\n\t\t\t\t\t\t\t\t\t\t\t\t\t\t\t<div class=\"wd-gallery-item wd-col\">\n\t\t\t\t\t\t\t\n\t\t\t\t\t\t\t\t<img loading=\"lazy\" decoding=\"async\" width=\"320\" height=\"300\" src=\"https:\/\/www.altag.nl\/wp-content\/uploads\/2022\/07\/handgreep-RVS-Zilver-soorten-320x300.jpg\" class=\"wd-gallery-image image-1\" alt=\"Maniglia in acciaio inossidabile argento - tipi\" srcset=\"https:\/\/www.altag.nl\/wp-content\/uploads\/2022\/07\/handgreep-RVS-Zilver-soorten-320x300.jpg 320w, https:\/\/www.altag.nl\/wp-content\/uploads\/2022\/07\/handgreep-RVS-Zilver-soorten-430x403.jpg 430w, https:\/\/www.altag.nl\/wp-content\/uploads\/2022\/07\/handgreep-RVS-Zilver-soorten-75x70.jpg 75w, https:\/\/www.altag.nl\/wp-content\/uploads\/2022\/07\/handgreep-RVS-Zilver-soorten-700x656.jpg 700w, https:\/\/www.altag.nl\/wp-content\/uploads\/2022\/07\/handgreep-RVS-Zilver-soorten-854x800.jpg 854w, https:\/\/www.altag.nl\/wp-content\/uploads\/2022\/07\/handgreep-RVS-Zilver-soorten-768x719.jpg 768w, https:\/\/www.altag.nl\/wp-content\/uploads\/2022\/07\/handgreep-RVS-Zilver-soorten-860x806.jpg 860w, https:\/\/www.altag.nl\/wp-content\/uploads\/2022\/07\/handgreep-RVS-Zilver-soorten-150x141.jpg 150w, https:\/\/www.altag.nl\/wp-content\/uploads\/2022\/07\/handgreep-RVS-Zilver-soorten.jpg 1200w\" sizes=\"auto, (max-width: 320px) 100vw, 320px\" \/>\n\t\t\t\t\t\t\t\t\t\t\t\t\t\t<\/div>\n\t\t\t\t\t\t\t\t\t\n\t\t\t\t\t\t\t<\/div>\n\n\t\t\t\t\t<\/div>\n\t\t<\/div><\/div><\/div><\/div><div class=\"vc_row wpb_row vc_row-fluid\"><div class=\"wpb_column vc_column_container vc_col-sm-12\"><div class=\"vc_column-inner\"><div class=\"wpb_wrapper\"><div class=\"vc_separator wpb_content_element vc_separator_align_center vc_sep_width_100 vc_sep_pos_align_center vc_separator_no_text vc_sep_color_grey\" ><span class=\"vc_sep_holder vc_sep_holder_l\"><span class=\"vc_sep_line\"><\/span><\/span><span class=\"vc_sep_holder vc_sep_holder_r\"><span class=\"vc_sep_line\"><\/span><\/span>\n<\/div><\/div><\/div><\/div><\/div><div class=\"vc_row wpb_row vc_row-fluid\"><div class=\"wpb_column vc_column_container vc_col-sm-6\"><div class=\"vc_column-inner\"><div class=\"wpb_wrapper\">\n\t\t<div id=\"wd-605f446f0a20a\" class=\"title-wrapper wd-wpb wd-set-mb reset-last-child  wd-rs-605f446f0a20a wd-title-color-default wd-title-style-default text-left vc_custom_1616856174702 wd-underline-colored\">\n\t\t\t\n\t\t\t<div class=\"liner-continer\">\n\t\t\t\t<h4 class=\"woodmart-title-container title  wd-font-weight- wd-fontsize-m\" ><strong>Vantaggi<\/strong><\/h4>\n\t\t\t\t\t\t\t<\/div>\n\t\t\t\n\t\t\t\n\t\t\t\n\t\t<\/div>\n\t\t\n\t\t\n\t<div class=\"wpb_text_column wpb_content_element\" >\n\t\t<div class=\"wpb_wrapper\">\n\t\t\t<p><strong>Bellissimo design, aspetto completamente nuovo:<\/strong><br \/>\nGrazie alla nostra ampia gamma, offriamo una maniglia adatta ad ogni tipo di cucina o armadio, variando in diversi colori e lunghezze.<\/p>\n<p><strong>Antiruggine, lunga durata:<\/strong><br \/>\nTutte le nostre maniglie sono realizzate in acciaio inossidabile, quindi durano a lungo e non sbiadiscono.<\/p>\n<p><strong>Assemblea:<\/strong><br \/>\nLe nostre maniglie possono essere montate su diversi mobili utilizzando le viti in dotazione. Ci\u00f2 rende l&#039;installazione molto semplice!<\/p>\n<p>Le maniglie sono disponibili in diverse dimensioni standard. \u00c8 possibile misurare l&#039;interasse misurando i due fori. Questa \u00e8 anche chiamata distanza di perforazione. Le maniglie possono essere acquistate nei seguenti interassi: pomolo, 64 mm, 96 mm, 128 mm, 160 mm, 192 mm e 224 mm.<\/p>\n\n\t\t<\/div>\n\t<\/div>\n<\/div><\/div><\/div><div class=\"wpb_column vc_column_container vc_col-sm-6\"><div class=\"vc_column-inner\"><div class=\"wpb_wrapper\">\n\t\t<div id=\"wd-605f4432a0513\" class=\"title-wrapper wd-wpb wd-set-mb reset-last-child  wd-rs-605f4432a0513 wd-title-color-default wd-title-style-default text-left vc_custom_1616856125128 wd-underline-colored\">\n\t\t\t\n\t\t\t<div class=\"liner-continer\">\n\t\t\t\t<h4 class=\"woodmart-title-container title  wd-font-weight- wd-fontsize-m\" ><strong>Contenuto della confezione<\/strong><\/h4>\n\t\t\t\t\t\t\t<\/div>\n\t\t\t\n\t\t\t\n\t\t\t\n\t\t<\/div>\n\t\t\n\t\t\n\t<div class=\"wpb_text_column wpb_content_element\" >\n\t\t<div class=\"wpb_wrapper\">\n\t\t\t<p>\u2022 Maniglia in acciaio inox argento<br \/>\n\u2022 Materiale di montaggio: viti<\/p>\n\n\t\t<\/div>\n\t<\/div>\n<\/div><\/div><\/div><\/div>\n<\/div>","protected":false},"excerpt":{"rendered":"<p>Grazie alla nostra vasta gamma, offriamo una maniglia adatta per ogni tipo di cucina, armadio o cassetto, variando in diversi colori e lunghezze. Tutte le nostre maniglie sono realizzate in acciaio inossidabile sbiadito, quindi durano a lungo e non sbiadiscono. Le maniglie possono essere montate su diversi mobili utilizzando le viti in dotazione. Ci\u00f2 rende l&#039;installazione molto semplice! Le maniglie sono disponibili in diverse dimensioni standard. \u00c8 possibile misurare l&#039;interasse misurando i due fori. Questa \u00e8 anche chiamata distanza di perforazione. Le maniglie possono essere acquistate nei seguenti interassi: pomolo, 64 mm, 96 mm, 128 mm, 160 mm, 192 mm, 224 mm e 320 mm.<\/p>","protected":false},"featured_media":8747,"template":"","meta":[],"product_brand":[],"product_cat":[242],"product_tag":[],"class_list":{"0":"post-8715","1":"product","2":"type-product","3":"status-publish","4":"has-post-thumbnail","6":"product_cat-handgrepen","8":"first","9":"instock","10":"sale","11":"taxable","12":"shipping-taxable","13":"purchasable","14":"product-type-variable"},"yoast_head":"<!-- This site is optimized with the Yoast SEO plugin v27.4 - https:\/\/yoast.com\/product\/yoast-seo-wordpress\/ -->\n<title>Handgreep Rond Zilver<\/title>\n<meta name=\"description\" content=\"Handgreep Rond Zilver nodig? Verkrijgbaar in diverse vormen, kleuren en maten. \u2713Morgen in huis \u2713Gratis verzending \u2713Achteraf betalen\" \/>\n<meta name=\"robots\" content=\"index, follow, max-snippet:-1, max-image-preview:large, max-video-preview:-1\" \/>\n<link rel=\"canonical\" href=\"https:\/\/www.altag.nl\/it\/prodotto\/heide-argento\/\" \/>\n<meta property=\"og:locale\" content=\"it_IT\" \/>\n<meta property=\"og:type\" content=\"article\" \/>\n<meta property=\"og:title\" content=\"Handgreep Rond Zilver\" \/>\n<meta property=\"og:description\" content=\"Handgreep Rond Zilver nodig? Verkrijgbaar in diverse vormen, kleuren en maten. \u2713Morgen in huis \u2713Gratis verzending \u2713Achteraf betalen\" \/>\n<meta property=\"og:url\" content=\"https:\/\/www.altag.nl\/it\/prodotto\/heide-argento\/\" \/>\n<meta property=\"og:site_name\" content=\"ALTAG\" \/>\n<meta property=\"article:modified_time\" content=\"2025-12-03T09:36:13+00:00\" \/>\n<meta property=\"og:image\" content=\"https:\/\/www.altag.nl\/wp-content\/uploads\/2022\/07\/Handgreep-RVS-Zilver-rond-handvat-diverse-maten.jpg\" \/>\n\t<meta property=\"og:image:width\" content=\"800\" \/>\n\t<meta property=\"og:image:height\" content=\"800\" \/>\n\t<meta property=\"og:image:type\" content=\"image\/jpeg\" \/>\n<meta name=\"twitter:card\" content=\"summary_large_image\" \/>\n<meta name=\"twitter:label1\" content=\"Tempo di lettura stimato\" \/>\n\t<meta name=\"twitter:data1\" content=\"2 minuti\" \/>\n<script type=\"application\/ld+json\" class=\"yoast-schema-graph\">{\"@context\":\"https:\\\/\\\/schema.org\",\"@graph\":[{\"@type\":[\"WebPage\",\"ItemPage\"],\"@id\":\"https:\\\/\\\/www.altag.nl\\\/product\\\/heide-zilver\\\/\",\"url\":\"https:\\\/\\\/www.altag.nl\\\/product\\\/heide-zilver\\\/\",\"name\":\"Handgreep Rond Zilver\",\"isPartOf\":{\"@id\":\"https:\\\/\\\/www.altag.nl\\\/#website\"},\"primaryImageOfPage\":{\"@id\":\"https:\\\/\\\/www.altag.nl\\\/product\\\/heide-zilver\\\/#primaryimage\"},\"image\":{\"@id\":\"https:\\\/\\\/www.altag.nl\\\/product\\\/heide-zilver\\\/#primaryimage\"},\"thumbnailUrl\":\"https:\\\/\\\/www.altag.nl\\\/wp-content\\\/uploads\\\/2022\\\/07\\\/Handgreep-RVS-Zilver-rond-handvat-diverse-maten.jpg\",\"datePublished\":\"2022-07-11T17:43:47+00:00\",\"dateModified\":\"2025-12-03T09:36:13+00:00\",\"description\":\"Handgreep Rond Zilver nodig? Verkrijgbaar in diverse vormen, kleuren en maten. \u2713Morgen in huis \u2713Gratis verzending \u2713Achteraf betalen\",\"breadcrumb\":{\"@id\":\"https:\\\/\\\/www.altag.nl\\\/product\\\/heide-zilver\\\/#breadcrumb\"},\"inLanguage\":\"it-IT\",\"potentialAction\":[{\"@type\":\"ReadAction\",\"target\":[\"https:\\\/\\\/www.altag.nl\\\/product\\\/heide-zilver\\\/\"]}]},{\"@type\":\"ImageObject\",\"inLanguage\":\"it-IT\",\"@id\":\"https:\\\/\\\/www.altag.nl\\\/product\\\/heide-zilver\\\/#primaryimage\",\"url\":\"https:\\\/\\\/www.altag.nl\\\/wp-content\\\/uploads\\\/2022\\\/07\\\/Handgreep-RVS-Zilver-rond-handvat-diverse-maten.jpg\",\"contentUrl\":\"https:\\\/\\\/www.altag.nl\\\/wp-content\\\/uploads\\\/2022\\\/07\\\/Handgreep-RVS-Zilver-rond-handvat-diverse-maten.jpg\",\"width\":800,\"height\":800,\"caption\":\"Handgreep RVS Zilver rond - handvat - diverse maten\"},{\"@type\":\"BreadcrumbList\",\"@id\":\"https:\\\/\\\/www.altag.nl\\\/product\\\/heide-zilver\\\/#breadcrumb\",\"itemListElement\":[{\"@type\":\"ListItem\",\"position\":1,\"name\":\"Home\",\"item\":\"https:\\\/\\\/www.altag.nl\\\/\"},{\"@type\":\"ListItem\",\"position\":2,\"name\":\"Ons assortiment\",\"item\":\"https:\\\/\\\/www.altag.nl\\\/shop\\\/\"},{\"@type\":\"ListItem\",\"position\":3,\"name\":\"Heide Zilver\"}]},{\"@type\":\"WebSite\",\"@id\":\"https:\\\/\\\/www.altag.nl\\\/#website\",\"url\":\"https:\\\/\\\/www.altag.nl\\\/\",\"name\":\"ALTAG\",\"description\":\"Moderne Huisnummers\",\"publisher\":{\"@id\":\"https:\\\/\\\/www.altag.nl\\\/#organization\"},\"potentialAction\":[{\"@type\":\"SearchAction\",\"target\":{\"@type\":\"EntryPoint\",\"urlTemplate\":\"https:\\\/\\\/www.altag.nl\\\/?s={search_term_string}\"},\"query-input\":{\"@type\":\"PropertyValueSpecification\",\"valueRequired\":true,\"valueName\":\"search_term_string\"}}],\"inLanguage\":\"it-IT\"},{\"@type\":\"Organization\",\"@id\":\"https:\\\/\\\/www.altag.nl\\\/#organization\",\"name\":\"Altag\",\"url\":\"https:\\\/\\\/www.altag.nl\\\/\",\"logo\":{\"@type\":\"ImageObject\",\"inLanguage\":\"it-IT\",\"@id\":\"https:\\\/\\\/www.altag.nl\\\/#\\\/schema\\\/logo\\\/image\\\/\",\"url\":\"https:\\\/\\\/www.altag.nl\\\/wp-content\\\/uploads\\\/2022\\\/10\\\/cropped-favicon-altag.png\",\"contentUrl\":\"https:\\\/\\\/www.altag.nl\\\/wp-content\\\/uploads\\\/2022\\\/10\\\/cropped-favicon-altag.png\",\"width\":512,\"height\":512,\"caption\":\"Altag\"},\"image\":{\"@id\":\"https:\\\/\\\/www.altag.nl\\\/#\\\/schema\\\/logo\\\/image\\\/\"}}]}<\/script>\n<!-- \/ Yoast SEO plugin. -->","yoast_head_json":{"title":"Maniglia Rotonda Argento","description":"Hai bisogno di una maniglia rotonda in argento? Disponibili in varie forme, colori e dimensioni. \u2713Consegnato domani \u2713Spedizione gratuita \u2713Paga dopo","robots":{"index":"index","follow":"follow","max-snippet":"max-snippet:-1","max-image-preview":"max-image-preview:large","max-video-preview":"max-video-preview:-1"},"canonical":"https:\/\/www.altag.nl\/it\/prodotto\/heide-argento\/","og_locale":"it_IT","og_type":"article","og_title":"Handgreep Rond Zilver","og_description":"Handgreep Rond Zilver nodig? Verkrijgbaar in diverse vormen, kleuren en maten. \u2713Morgen in huis \u2713Gratis verzending \u2713Achteraf betalen","og_url":"https:\/\/www.altag.nl\/it\/prodotto\/heide-argento\/","og_site_name":"ALTAG","article_modified_time":"2025-12-03T09:36:13+00:00","og_image":[{"width":800,"height":800,"url":"https:\/\/www.altag.nl\/wp-content\/uploads\/2022\/07\/Handgreep-RVS-Zilver-rond-handvat-diverse-maten.jpg","type":"image\/jpeg"}],"twitter_card":"summary_large_image","twitter_misc":{"Tempo di lettura stimato":"2 minuti"},"schema":{"@context":"https:\/\/schema.org","@graph":[{"@type":["WebPage","ItemPage"],"@id":"https:\/\/www.altag.nl\/product\/heide-zilver\/","url":"https:\/\/www.altag.nl\/product\/heide-zilver\/","name":"Maniglia Rotonda Argento","isPartOf":{"@id":"https:\/\/www.altag.nl\/#website"},"primaryImageOfPage":{"@id":"https:\/\/www.altag.nl\/product\/heide-zilver\/#primaryimage"},"image":{"@id":"https:\/\/www.altag.nl\/product\/heide-zilver\/#primaryimage"},"thumbnailUrl":"https:\/\/www.altag.nl\/wp-content\/uploads\/2022\/07\/Handgreep-RVS-Zilver-rond-handvat-diverse-maten.jpg","datePublished":"2022-07-11T17:43:47+00:00","dateModified":"2025-12-03T09:36:13+00:00","description":"Hai bisogno di una maniglia rotonda in argento? Disponibili in varie forme, colori e dimensioni. \u2713Consegnato domani \u2713Spedizione gratuita \u2713Paga dopo","breadcrumb":{"@id":"https:\/\/www.altag.nl\/product\/heide-zilver\/#breadcrumb"},"inLanguage":"it-IT","potentialAction":[{"@type":"ReadAction","target":["https:\/\/www.altag.nl\/product\/heide-zilver\/"]}]},{"@type":"ImageObject","inLanguage":"it-IT","@id":"https:\/\/www.altag.nl\/product\/heide-zilver\/#primaryimage","url":"https:\/\/www.altag.nl\/wp-content\/uploads\/2022\/07\/Handgreep-RVS-Zilver-rond-handvat-diverse-maten.jpg","contentUrl":"https:\/\/www.altag.nl\/wp-content\/uploads\/2022\/07\/Handgreep-RVS-Zilver-rond-handvat-diverse-maten.jpg","width":800,"height":800,"caption":"Handgreep RVS Zilver rond - handvat - diverse maten"},{"@type":"BreadcrumbList","@id":"https:\/\/www.altag.nl\/product\/heide-zilver\/#breadcrumb","itemListElement":[{"@type":"ListItem","position":1,"name":"Home","item":"https:\/\/www.altag.nl\/"},{"@type":"ListItem","position":2,"name":"Ons assortiment","item":"https:\/\/www.altag.nl\/shop\/"},{"@type":"ListItem","position":3,"name":"Heide Zilver"}]},{"@type":"WebSite","@id":"https:\/\/www.altag.nl\/#website","url":"https:\/\/www.altag.nl\/","name":"ALTAG","description":"Numeri civici moderni","publisher":{"@id":"https:\/\/www.altag.nl\/#organization"},"potentialAction":[{"@type":"SearchAction","target":{"@type":"EntryPoint","urlTemplate":"https:\/\/www.altag.nl\/?s={search_term_string}"},"query-input":{"@type":"PropertyValueSpecification","valueRequired":true,"valueName":"search_term_string"}}],"inLanguage":"it-IT"},{"@type":"Organization","@id":"https:\/\/www.altag.nl\/#organization","name":"Altag","url":"https:\/\/www.altag.nl\/","logo":{"@type":"ImageObject","inLanguage":"it-IT","@id":"https:\/\/www.altag.nl\/#\/schema\/logo\/image\/","url":"https:\/\/www.altag.nl\/wp-content\/uploads\/2022\/10\/cropped-favicon-altag.png","contentUrl":"https:\/\/www.altag.nl\/wp-content\/uploads\/2022\/10\/cropped-favicon-altag.png","width":512,"height":512,"caption":"Altag"},"image":{"@id":"https:\/\/www.altag.nl\/#\/schema\/logo\/image\/"}}]}},"_links":{"self":[{"href":"https:\/\/www.altag.nl\/it\/wp-json\/wp\/v2\/product\/8715","targetHints":{"allow":["GET"]}}],"collection":[{"href":"https:\/\/www.altag.nl\/it\/wp-json\/wp\/v2\/product"}],"about":[{"href":"https:\/\/www.altag.nl\/it\/wp-json\/wp\/v2\/types\/product"}],"wp:featuredmedia":[{"embeddable":true,"href":"https:\/\/www.altag.nl\/it\/wp-json\/wp\/v2\/media\/8747"}],"wp:attachment":[{"href":"https:\/\/www.altag.nl\/it\/wp-json\/wp\/v2\/media?parent=8715"}],"wp:term":[{"taxonomy":"product_brand","embeddable":true,"href":"https:\/\/www.altag.nl\/it\/wp-json\/wp\/v2\/product_brand?post=8715"},{"taxonomy":"product_cat","embeddable":true,"href":"https:\/\/www.altag.nl\/it\/wp-json\/wp\/v2\/product_cat?post=8715"},{"taxonomy":"product_tag","embeddable":true,"href":"https:\/\/www.altag.nl\/it\/wp-json\/wp\/v2\/product_tag?post=8715"}],"curies":[{"name":"wp","href":"https:\/\/api.w.org\/{rel}","templated":true}]}}