{"id":8700,"date":"2022-07-11T18:37:49","date_gmt":"2022-07-11T17:37:49","guid":{"rendered":"https:\/\/www.altag.nl\/?post_type=product&#038;p=8700"},"modified":"2025-12-03T10:37:02","modified_gmt":"2025-12-03T09:37:02","slug":"heide-or","status":"publish","type":"product","link":"https:\/\/www.altag.nl\/fr\/produit\/heide-or\/","title":{"rendered":"Heide Or"},"content":{"rendered":"<div class=\"wpb-content-wrapper\"><section data-vc-full-width=\"true\" data-vc-full-width-temp=\"true\" data-vc-full-width-init=\"false\" class=\"vc_section vc_custom_1497864350266 vc_section-has-fill wd-row-gradient-enable\"><div class=\"woodmart-row-gradient wd-fill\" style=\"background-image:radial-gradient(ellipse at center center, rgba(255, 255, 255, 0) 15%, rgba(0, 0, 0, 0.07) 100%);\"><\/div><div class=\"vc_row wpb_row vc_row-fluid vc_row-o-content-middle vc_row-flex\"><div class=\"wpb_column vc_column_container vc_col-sm-6\"><div class=\"vc_column-inner vc_custom_1497883959176\"><div class=\"wpb_wrapper\"><h5 style=\"font-size: 18px;color: #777777;text-align: center\" class=\"vc_custom_heading vc_do_custom_heading visible-lg vc_custom_1645188580764\" >Apparence haut de gamme<\/h5>\n\t\t<div id=\"wd-62cc601400f43\" class=\"title-wrapper wd-wpb wd-set-mb reset-last-child  wd-rs-62cc601400f43 wd-title-color-primary wd-title-style-default text-center vc_custom_1657561113167 wd-width-enabled wd-underline-colored\" style=\"--wd-max-width: 90%;\">\n\t\t\t\n\t\t\t<div class=\"liner-continer\">\n\t\t\t\t<h4 class=\"woodmart-title-container title  wd-font-weight- wd-fontsize-xxxl\" >Or tendance<\/h4>\n\t\t\t\t\t\t\t<\/div>\n\t\t\t\n\t\t\t\t\t\t\t<div class=\"title-after_title reset-last-child  wd-fontsize-s\">Cette poign\u00e9e est disponible en diff\u00e9rentes couleurs, comme le noir, l&#039;or et l&#039;argent.<\/div>\n\t\t\t\n\t\t\t\n\t\t<\/div>\n\t\t\n\t\t<\/div><\/div><\/div><div class=\"wpb_column text-center vc_column_container vc_col-sm-6\"><div class=\"vc_column-inner\"><div class=\"wpb_wrapper\">\n\t\t<div id=\"wd-605c74afe6fc8\" class=\"title-wrapper wd-wpb wd-set-mb reset-last-child  wd-rs-605c74afe6fc8 wd-title-color-default wd-title-style-underlined text-left vc_custom_1616671930666 wd-underline-colored\">\n\t\t\t\n\t\t\t<div class=\"liner-continer\">\n\t\t\t\t<h4 class=\"woodmart-title-container title  wd-font-weight- wd-fontsize-l\" >Caract\u00e9ristiques<\/h4>\n\t\t\t\t\t\t\t<\/div>\n\t\t\t\n\t\t\t\n\t\t\t\n\t\t<\/div>\n\t\t\n\t\t\n\t<div class=\"wpb_text_column wpb_content_element vc_custom_1738679577791\" >\n\t\t<div class=\"wpb_wrapper\">\n\t\t\t<table>\n<tbody>\n<tr>\n<th>Collection<\/th>\n<td>Bruy\u00e8re<\/td>\n<\/tr>\n<tr>\n<th>Couleur:<\/th>\n<td>Or<\/td>\n<\/tr>\n<tr>\n<th>Mat\u00e9riel:<\/th>\n<td>Acier inoxydable<\/td>\n<\/tr>\n<tr>\n<th>Modifier:<\/th>\n<td>Fix\u00e9 \u00e0 l&#039;aide des vis fournies<\/td>\n<\/tr>\n<tr>\n<th>Hauteur:<\/th>\n<td>3,2 cm<\/td>\n<\/tr>\n<tr>\n<th>Largeur:<\/th>\n<td>1,2 cm<\/td>\n<\/tr>\n<tr>\n<th>Garantie:<\/th>\n<td>1 an<\/td>\n<\/tr>\n<\/tbody>\n<\/table>\n\n\t\t<\/div>\n\t<\/div>\n<\/div><\/div><\/div><\/div><div data-vc-full-width=\"true\" data-vc-full-width-temp=\"true\" data-vc-full-width-init=\"false\" data-vc-stretch-content=\"true\" class=\"vc_row wpb_row vc_row-fluid vc_row-no-padding\"><div class=\"wpb_column vc_column_container vc_col-sm-12\"><div class=\"vc_column-inner\"><div class=\"wpb_wrapper\">\t\t\t<div id=\"wd-69e4f2f519326\" class=\"wd-row-divider wd-69e4f2f519326 dvr-position-bottom dvr-style-curved-line\">\n\t\t\t\t<svg xmlns=\"http:\/\/www.w3.org\/2000\/svg\" xmlns:xlink=\"http:\/\/www.w3.org\/1999\/xlink\" x=\"0px\" y=\"0px\"\n\t viewbox=\"0 0 100 100\" width=\"100%\" height=\"50px\" preserveaspectratio=\"none\">\n<path display=\"none\" d=\"M100,25.8V100H0V52.5c-4.9-6.8-9.5-13.8-15-19.7V101h125V20.9C106.3,22,103,23.7,100,25.8z\"\/>\n<path d=\"M100,100V0.8C77.8,21.4,71.3,70.5,38.6,70.5c-18.8,0-29.1-16.2-38.6-34V100H100z\"\/>\n<\/svg>\n\t\t\t\t\t\t\t<\/div>\n\t\t<\/div><\/div><\/div><\/div><div class=\"vc_row-full-width vc_clearfix\"><\/div><\/section><div class=\"vc_row-full-width vc_clearfix\"><\/div><div class=\"vc_row wpb_row vc_row-fluid vc_custom_1497864642484\"><div class=\"wpb_column vc_column_container vc_col-sm-4\"><div class=\"vc_column-inner vc_custom_1497864611596\"><div class=\"wpb_wrapper\">\n\t\t<div id=\"wd-62cb3f207cad7\" class=\"title-wrapper wd-wpb wd-set-mb reset-last-child  wd-rs-62cb3f207cad7 wd-title-color-primary wd-title-style-default text-center vc_custom_1657487139542 wd-underline-colored\">\n\t\t\t\n\t\t\t<div class=\"liner-continer\">\n\t\t\t\t<h4 class=\"woodmart-title-container title  wd-font-weight- wd-fontsize-xxl\" >Noir<\/h4>\n\t\t\t\t\t\t\t<\/div>\n\t\t\t\n\t\t\t\t\t\t\t<div class=\"title-after_title reset-last-child  wd-fontsize-s\">Manche noir mat<br \/>\nAspect moderne et tendance.<\/div>\n\t\t\t\n\t\t\t\n\t\t<\/div>\n\t\t\n\t\t<div class=\"vc_empty_space\"   style=\"height: 25px\"><span class=\"vc_empty_space_inner\"><\/span><\/div>\t\t<div id=\"gallery_642\" class=\"wd-images-gallery wd-wpb wd-rs-62cd6d706b576\" style=\"--wd-justify-content:center;--wd-align-items:center;\">\n\t\t\t\n\t\t\t<div class=\"wd-grid-g\" style=\"--wd-col-lg:1;--wd-col-md:1;--wd-col-sm:1;--wd-gap-lg:0px;\">\n\t\t\t\t\n\t\t\t\t\t\t\t\t\t\t\t\t\t\t\t<div class=\"wd-gallery-item wd-col\">\n\t\t\t\t\t\t\t\t\t\t\t\t\t\t<a href=\"\/fr\/produit\/heide-noir\/\" data-elementor-open-lightbox=\"no\" data-index=\"1\" data-width=\"1000\" data-height=\"1000\" \n\t\t\t\t\t\t\t\t\t\t\t\t\t\t\t\t\t\t\t\t>\n\t\t\t\t\t\t\t\t\n\t\t\t\t\t\t\t\t<img loading=\"lazy\" decoding=\"async\" width=\"300\" height=\"300\" src=\"https:\/\/www.altag.nl\/wp-content\/uploads\/2022\/07\/handgreep-zwart-soorten-300x300.jpg\" class=\"wd-gallery-image image-1\" alt=\"poign\u00e9e-types noirs\" srcset=\"https:\/\/www.altag.nl\/wp-content\/uploads\/2022\/07\/handgreep-zwart-soorten-300x300.jpg 300w, https:\/\/www.altag.nl\/wp-content\/uploads\/2022\/07\/handgreep-zwart-soorten-430x430.jpg 430w, https:\/\/www.altag.nl\/wp-content\/uploads\/2022\/07\/handgreep-zwart-soorten-75x75.jpg 75w, https:\/\/www.altag.nl\/wp-content\/uploads\/2022\/07\/handgreep-zwart-soorten-700x700.jpg 700w, https:\/\/www.altag.nl\/wp-content\/uploads\/2022\/07\/handgreep-zwart-soorten-800x800.jpg 800w, https:\/\/www.altag.nl\/wp-content\/uploads\/2022\/07\/handgreep-zwart-soorten-150x150.jpg 150w, https:\/\/www.altag.nl\/wp-content\/uploads\/2022\/07\/handgreep-zwart-soorten-768x768.jpg 768w, https:\/\/www.altag.nl\/wp-content\/uploads\/2022\/07\/handgreep-zwart-soorten-860x860.jpg 860w, https:\/\/www.altag.nl\/wp-content\/uploads\/2022\/07\/handgreep-zwart-soorten-400x400.jpg 400w, https:\/\/www.altag.nl\/wp-content\/uploads\/2022\/07\/handgreep-zwart-soorten.jpg 1000w\" sizes=\"auto, (max-width: 300px) 100vw, 300px\" \/>\n\t\t\t\t\t\t\t\t\t\t\t\t\t\t\t<\/a>\n\t\t\t\t\t\t\t\t\t\t\t\t<\/div>\n\t\t\t\t\t\t\t\t\t\n\t\t\t\t\t\t\t<\/div>\n\n\t\t\t\t\t<\/div>\n\t\t<\/div><\/div><\/div><div class=\"wpb_column vc_column_container vc_col-sm-4\"><div class=\"vc_column-inner vc_custom_1497864617187\"><div class=\"wpb_wrapper\">\n\t\t<div id=\"wd-62cb4fd3970c9\" class=\"title-wrapper wd-wpb wd-set-mb reset-last-child  wd-rs-62cb4fd3970c9 wd-title-color-primary wd-title-style-default text-center vc_custom_1657491419442 wd-underline-colored\">\n\t\t\t\n\t\t\t<div class=\"liner-continer\">\n\t\t\t\t<h4 class=\"woodmart-title-container title  wd-font-weight- wd-fontsize-xxl\" >Or<\/h4>\n\t\t\t\t\t\t\t<\/div>\n\t\t\t\n\t\t\t\t\t\t\t<div class=\"title-after_title reset-last-child  wd-fontsize-s\">Manche dor\u00e9 mat<br \/>\nAspect luxueux et \u00e9l\u00e9gant.<\/div>\n\t\t\t\n\t\t\t\n\t\t<\/div>\n\t\t\n\t\t<div class=\"vc_empty_space\"   style=\"height: 25px\"><span class=\"vc_empty_space_inner\"><\/span><\/div>\t\t<div id=\"gallery_306\" class=\"wd-images-gallery wd-wpb wd-rs-62cd6d676cbd1\" style=\"--wd-justify-content:center;--wd-align-items:center;\">\n\t\t\t\n\t\t\t<div class=\"wd-grid-g\" style=\"--wd-col-lg:1;--wd-col-md:1;--wd-col-sm:1;--wd-gap-lg:0px;\">\n\t\t\t\t\n\t\t\t\t\t\t\t\t\t\t\t\t\t\t\t<div class=\"wd-gallery-item wd-col\">\n\t\t\t\t\t\t\t\n\t\t\t\t\t\t\t\t<img loading=\"lazy\" decoding=\"async\" width=\"300\" height=\"300\" src=\"https:\/\/www.altag.nl\/wp-content\/uploads\/2022\/07\/Handgreep-goud-rond-300x300.jpg\" class=\"wd-gallery-image image-1\" alt=\"Poign\u00e9e ronde dor\u00e9e\" srcset=\"https:\/\/www.altag.nl\/wp-content\/uploads\/2022\/07\/Handgreep-goud-rond-300x300.jpg 300w, https:\/\/www.altag.nl\/wp-content\/uploads\/2022\/07\/Handgreep-goud-rond-430x430.jpg 430w, https:\/\/www.altag.nl\/wp-content\/uploads\/2022\/07\/Handgreep-goud-rond-75x75.jpg 75w, https:\/\/www.altag.nl\/wp-content\/uploads\/2022\/07\/Handgreep-goud-rond-700x700.jpg 700w, https:\/\/www.altag.nl\/wp-content\/uploads\/2022\/07\/Handgreep-goud-rond-800x800.jpg 800w, https:\/\/www.altag.nl\/wp-content\/uploads\/2022\/07\/Handgreep-goud-rond-150x150.jpg 150w, https:\/\/www.altag.nl\/wp-content\/uploads\/2022\/07\/Handgreep-goud-rond-768x768.jpg 768w, https:\/\/www.altag.nl\/wp-content\/uploads\/2022\/07\/Handgreep-goud-rond-860x860.jpg 860w, https:\/\/www.altag.nl\/wp-content\/uploads\/2022\/07\/Handgreep-goud-rond-400x400.jpg 400w, https:\/\/www.altag.nl\/wp-content\/uploads\/2022\/07\/Handgreep-goud-rond.jpg 1000w\" sizes=\"auto, (max-width: 300px) 100vw, 300px\" \/>\n\t\t\t\t\t\t\t\t\t\t\t\t\t\t<\/div>\n\t\t\t\t\t\t\t\t\t\n\t\t\t\t\t\t\t<\/div>\n\n\t\t\t\t\t<\/div>\n\t\t<\/div><\/div><\/div><div class=\"wpb_column vc_column_container vc_col-sm-4\"><div class=\"vc_column-inner vc_custom_1497864622411\"><div class=\"wpb_wrapper\">\n\t\t<div id=\"wd-62cb4fa7d752e\" class=\"title-wrapper wd-wpb wd-set-mb reset-last-child  wd-rs-62cb4fa7d752e wd-title-color-primary wd-title-style-default text-center vc_custom_1657491385809 wd-underline-colored\">\n\t\t\t\n\t\t\t<div class=\"liner-continer\">\n\t\t\t\t<h4 class=\"woodmart-title-container title  wd-font-weight- wd-fontsize-xxl\" >Argent<\/h4>\n\t\t\t\t\t\t\t<\/div>\n\t\t\t\n\t\t\t\t\t\t\t<div class=\"title-after_title reset-last-child  wd-fontsize-s\">Manche argent mat<br \/>\nLook chic et moderne.<\/div>\n\t\t\t\n\t\t\t\n\t\t<\/div>\n\t\t\n\t\t<div class=\"vc_empty_space\"   style=\"height: 25px\"><span class=\"vc_empty_space_inner\"><\/span><\/div>\t\t<div id=\"gallery_560\" class=\"wd-images-gallery wd-wpb wd-rs-62cc5e1fe8c23\" style=\"--wd-justify-content:center;--wd-align-items:center;\">\n\t\t\t\n\t\t\t<div class=\"wd-grid-g\" style=\"--wd-col-lg:1;--wd-col-md:1;--wd-col-sm:1;--wd-gap-lg:0px;\">\n\t\t\t\t\n\t\t\t\t\t\t\t\t\t\t\t\t\t\t\t<div class=\"wd-gallery-item wd-col\">\n\t\t\t\t\t\t\t\t\t\t\t\t\t\t<a href=\"\/fr\/produit\/heide-argent\/\" data-elementor-open-lightbox=\"no\" data-index=\"1\" data-width=\"1200\" data-height=\"1124\" \n\t\t\t\t\t\t\t\t\t\t\t\t\t\t\t\t\t\t\t\t>\n\t\t\t\t\t\t\t\t\n\t\t\t\t\t\t\t\t<img loading=\"lazy\" decoding=\"async\" width=\"320\" height=\"300\" src=\"https:\/\/www.altag.nl\/wp-content\/uploads\/2022\/07\/handgreep-RVS-Zilver-soorten-320x300.jpg\" class=\"wd-gallery-image image-1\" alt=\"Poign\u00e9e Inox Argent - types\" srcset=\"https:\/\/www.altag.nl\/wp-content\/uploads\/2022\/07\/handgreep-RVS-Zilver-soorten-320x300.jpg 320w, https:\/\/www.altag.nl\/wp-content\/uploads\/2022\/07\/handgreep-RVS-Zilver-soorten-430x403.jpg 430w, https:\/\/www.altag.nl\/wp-content\/uploads\/2022\/07\/handgreep-RVS-Zilver-soorten-75x70.jpg 75w, https:\/\/www.altag.nl\/wp-content\/uploads\/2022\/07\/handgreep-RVS-Zilver-soorten-700x656.jpg 700w, https:\/\/www.altag.nl\/wp-content\/uploads\/2022\/07\/handgreep-RVS-Zilver-soorten-854x800.jpg 854w, https:\/\/www.altag.nl\/wp-content\/uploads\/2022\/07\/handgreep-RVS-Zilver-soorten-768x719.jpg 768w, https:\/\/www.altag.nl\/wp-content\/uploads\/2022\/07\/handgreep-RVS-Zilver-soorten-860x806.jpg 860w, https:\/\/www.altag.nl\/wp-content\/uploads\/2022\/07\/handgreep-RVS-Zilver-soorten-150x141.jpg 150w, https:\/\/www.altag.nl\/wp-content\/uploads\/2022\/07\/handgreep-RVS-Zilver-soorten.jpg 1200w\" sizes=\"auto, (max-width: 320px) 100vw, 320px\" \/>\n\t\t\t\t\t\t\t\t\t\t\t\t\t\t\t<\/a>\n\t\t\t\t\t\t\t\t\t\t\t\t<\/div>\n\t\t\t\t\t\t\t\t\t\n\t\t\t\t\t\t\t<\/div>\n\n\t\t\t\t\t<\/div>\n\t\t<\/div><\/div><\/div><\/div><div class=\"vc_row wpb_row vc_row-fluid\"><div class=\"wpb_column vc_column_container vc_col-sm-12\"><div class=\"vc_column-inner\"><div class=\"wpb_wrapper\"><div class=\"vc_separator wpb_content_element vc_separator_align_center vc_sep_width_100 vc_sep_pos_align_center vc_separator_no_text vc_sep_color_grey\" ><span class=\"vc_sep_holder vc_sep_holder_l\"><span class=\"vc_sep_line\"><\/span><\/span><span class=\"vc_sep_holder vc_sep_holder_r\"><span class=\"vc_sep_line\"><\/span><\/span>\n<\/div><\/div><\/div><\/div><\/div><div class=\"vc_row wpb_row vc_row-fluid\"><div class=\"wpb_column vc_column_container vc_col-sm-6\"><div class=\"vc_column-inner\"><div class=\"wpb_wrapper\">\n\t\t<div id=\"wd-605f446f0a20a\" class=\"title-wrapper wd-wpb wd-set-mb reset-last-child  wd-rs-605f446f0a20a wd-title-color-default wd-title-style-default text-left vc_custom_1616856174702 wd-underline-colored\">\n\t\t\t\n\t\t\t<div class=\"liner-continer\">\n\t\t\t\t<h4 class=\"woodmart-title-container title  wd-font-weight- wd-fontsize-m\" ><strong>Avantages<\/strong><\/h4>\n\t\t\t\t\t\t\t<\/div>\n\t\t\t\n\t\t\t\n\t\t\t\n\t\t<\/div>\n\t\t\n\t\t\n\t<div class=\"wpb_text_column wpb_content_element\" >\n\t\t<div class=\"wpb_wrapper\">\n\t\t\t<p><strong>Beau design, tout nouveau look :<\/strong><br \/>\nGr\u00e2ce \u00e0 notre large gamme, nous proposons une poign\u00e9e adapt\u00e9e \u00e0 chaque type de cuisine ou de placard, variant en diff\u00e9rentes couleurs et longueurs.<\/p>\n<p><strong>Antirouille, longue dur\u00e9e de vie :<\/strong><br \/>\nToutes nos poign\u00e9es sont en acier inoxydable, elles durent donc longtemps et ne se d\u00e9colorent pas.<\/p>\n<p><strong>Modifier:<\/strong><br \/>\nNos poign\u00e9es peuvent \u00eatre mont\u00e9es sur diff\u00e9rentes armoires \u00e0 l&#039;aide des vis fournies. Cela rend l&#039;installation tr\u00e8s facile !<\/p>\n<p>Les poign\u00e9es sont disponibles dans un certain nombre de tailles standard. Vous pouvez mesurer l&#039;entraxe en mesurant les deux trous perc\u00e9s. C&#039;est ce qu&#039;on appelle \u00e9galement la distance de forage. Les poign\u00e9es peuvent \u00eatre achet\u00e9es dans les entraxes suivants : bouton, 64 mm, 96 mm, 128 mm, 160 mm, 192 mm et 224 mm.<\/p>\n\n\t\t<\/div>\n\t<\/div>\n<\/div><\/div><\/div><div class=\"wpb_column vc_column_container vc_col-sm-6\"><div class=\"vc_column-inner\"><div class=\"wpb_wrapper\">\n\t\t<div id=\"wd-605f4432a0513\" class=\"title-wrapper wd-wpb wd-set-mb reset-last-child  wd-rs-605f4432a0513 wd-title-color-default wd-title-style-default text-left vc_custom_1616856125128 wd-underline-colored\">\n\t\t\t\n\t\t\t<div class=\"liner-continer\">\n\t\t\t\t<h4 class=\"woodmart-title-container title  wd-font-weight- wd-fontsize-m\" ><strong>Contenu du colis<\/strong><\/h4>\n\t\t\t\t\t\t\t<\/div>\n\t\t\t\n\t\t\t\n\t\t\t\n\t\t<\/div>\n\t\t\n\t\t\n\t<div class=\"wpb_text_column wpb_content_element\" >\n\t\t<div class=\"wpb_wrapper\">\n\t\t\t<p>\u2022 Manipuler l&#039;or<br \/>\n\u2022 Mat\u00e9riel de montage : vis<\/p>\n\n\t\t<\/div>\n\t<\/div>\n<\/div><\/div><\/div><\/div>\n<\/div>","protected":false},"excerpt":{"rendered":"<p>Gr\u00e2ce \u00e0 notre large gamme, nous proposons une poign\u00e9e adapt\u00e9e \u00e0 chaque type de cuisine, placard ou tiroir, variant en diff\u00e9rentes couleurs et longueurs. Toutes nos poign\u00e9es sont en acier inoxydable d\u00e9color\u00e9, elles durent donc longtemps et ne se d\u00e9colorent pas. Les poign\u00e9es peuvent \u00eatre mont\u00e9es sur diff\u00e9rentes armoires \u00e0 l&#039;aide des vis fournies. Cela rend l&#039;installation tr\u00e8s facile ! Les poign\u00e9es sont disponibles dans un certain nombre de tailles standard. Vous pouvez mesurer l&#039;entraxe en mesurant les deux trous perc\u00e9s. C&#039;est ce qu&#039;on appelle \u00e9galement la distance de forage. Les poign\u00e9es peuvent \u00eatre achet\u00e9es dans les entraxes suivants : bouton, 64 mm, 96 mm, 128 mm, 160 mm, 192 mm, 224 mm et 320 mm.<\/p>","protected":false},"featured_media":8746,"template":"","meta":[],"product_brand":[],"product_cat":[242],"product_tag":[],"class_list":{"0":"post-8700","1":"product","2":"type-product","3":"status-publish","4":"has-post-thumbnail","6":"product_cat-handgrepen","8":"first","9":"instock","10":"sale","11":"taxable","12":"shipping-taxable","13":"purchasable","14":"product-type-variable"},"yoast_head":"<!-- This site is optimized with the Yoast SEO plugin v27.4 - https:\/\/yoast.com\/product\/yoast-seo-wordpress\/ -->\n<title>Handgreep Rond Goud<\/title>\n<meta name=\"description\" content=\"Handgreep Rond Goud nodig? Verkrijgbaar in diverse vormen, kleuren en maten. \u2713Morgen in huis \u2713Gratis verzending \u2713Achteraf betalen\" \/>\n<meta name=\"robots\" content=\"index, follow, max-snippet:-1, max-image-preview:large, max-video-preview:-1\" \/>\n<link rel=\"canonical\" href=\"https:\/\/www.altag.nl\/fr\/produit\/heide-or\/\" \/>\n<meta property=\"og:locale\" content=\"fr_FR\" \/>\n<meta property=\"og:type\" content=\"article\" \/>\n<meta property=\"og:title\" content=\"Handgreep Rond Goud\" \/>\n<meta property=\"og:description\" content=\"Handgreep Rond Goud nodig? Verkrijgbaar in diverse vormen, kleuren en maten. \u2713Morgen in huis \u2713Gratis verzending \u2713Achteraf betalen\" \/>\n<meta property=\"og:url\" content=\"https:\/\/www.altag.nl\/fr\/produit\/heide-or\/\" \/>\n<meta property=\"og:site_name\" content=\"ALTAG\" \/>\n<meta property=\"article:modified_time\" content=\"2025-12-03T09:37:02+00:00\" \/>\n<meta property=\"og:image\" content=\"https:\/\/www.altag.nl\/wp-content\/uploads\/2022\/07\/Handgreep-goud-rond.jpg\" \/>\n\t<meta property=\"og:image:width\" content=\"1000\" \/>\n\t<meta property=\"og:image:height\" content=\"1000\" \/>\n\t<meta property=\"og:image:type\" content=\"image\/jpeg\" \/>\n<meta name=\"twitter:card\" content=\"summary_large_image\" \/>\n<meta name=\"twitter:label1\" content=\"Dur\u00e9e de lecture estim\u00e9e\" \/>\n\t<meta name=\"twitter:data1\" content=\"2 minutes\" \/>\n<script type=\"application\/ld+json\" class=\"yoast-schema-graph\">{\"@context\":\"https:\\\/\\\/schema.org\",\"@graph\":[{\"@type\":[\"WebPage\",\"ItemPage\"],\"@id\":\"https:\\\/\\\/www.altag.nl\\\/product\\\/heide-goud\\\/\",\"url\":\"https:\\\/\\\/www.altag.nl\\\/product\\\/heide-goud\\\/\",\"name\":\"Handgreep Rond Goud\",\"isPartOf\":{\"@id\":\"https:\\\/\\\/www.altag.nl\\\/#website\"},\"primaryImageOfPage\":{\"@id\":\"https:\\\/\\\/www.altag.nl\\\/product\\\/heide-goud\\\/#primaryimage\"},\"image\":{\"@id\":\"https:\\\/\\\/www.altag.nl\\\/product\\\/heide-goud\\\/#primaryimage\"},\"thumbnailUrl\":\"https:\\\/\\\/www.altag.nl\\\/wp-content\\\/uploads\\\/2022\\\/07\\\/Handgreep-goud-rond.jpg\",\"datePublished\":\"2022-07-11T17:37:49+00:00\",\"dateModified\":\"2025-12-03T09:37:02+00:00\",\"description\":\"Handgreep Rond Goud nodig? Verkrijgbaar in diverse vormen, kleuren en maten. \u2713Morgen in huis \u2713Gratis verzending \u2713Achteraf betalen\",\"breadcrumb\":{\"@id\":\"https:\\\/\\\/www.altag.nl\\\/product\\\/heide-goud\\\/#breadcrumb\"},\"inLanguage\":\"fr-FR\",\"potentialAction\":[{\"@type\":\"ReadAction\",\"target\":[\"https:\\\/\\\/www.altag.nl\\\/product\\\/heide-goud\\\/\"]}]},{\"@type\":\"ImageObject\",\"inLanguage\":\"fr-FR\",\"@id\":\"https:\\\/\\\/www.altag.nl\\\/product\\\/heide-goud\\\/#primaryimage\",\"url\":\"https:\\\/\\\/www.altag.nl\\\/wp-content\\\/uploads\\\/2022\\\/07\\\/Handgreep-goud-rond.jpg\",\"contentUrl\":\"https:\\\/\\\/www.altag.nl\\\/wp-content\\\/uploads\\\/2022\\\/07\\\/Handgreep-goud-rond.jpg\",\"width\":1000,\"height\":1000,\"caption\":\"Handgreep goud rond\"},{\"@type\":\"BreadcrumbList\",\"@id\":\"https:\\\/\\\/www.altag.nl\\\/product\\\/heide-goud\\\/#breadcrumb\",\"itemListElement\":[{\"@type\":\"ListItem\",\"position\":1,\"name\":\"Home\",\"item\":\"https:\\\/\\\/www.altag.nl\\\/\"},{\"@type\":\"ListItem\",\"position\":2,\"name\":\"Ons assortiment\",\"item\":\"https:\\\/\\\/www.altag.nl\\\/shop\\\/\"},{\"@type\":\"ListItem\",\"position\":3,\"name\":\"Heide Goud\"}]},{\"@type\":\"WebSite\",\"@id\":\"https:\\\/\\\/www.altag.nl\\\/#website\",\"url\":\"https:\\\/\\\/www.altag.nl\\\/\",\"name\":\"ALTAG\",\"description\":\"Moderne Huisnummers\",\"publisher\":{\"@id\":\"https:\\\/\\\/www.altag.nl\\\/#organization\"},\"potentialAction\":[{\"@type\":\"SearchAction\",\"target\":{\"@type\":\"EntryPoint\",\"urlTemplate\":\"https:\\\/\\\/www.altag.nl\\\/?s={search_term_string}\"},\"query-input\":{\"@type\":\"PropertyValueSpecification\",\"valueRequired\":true,\"valueName\":\"search_term_string\"}}],\"inLanguage\":\"fr-FR\"},{\"@type\":\"Organization\",\"@id\":\"https:\\\/\\\/www.altag.nl\\\/#organization\",\"name\":\"Altag\",\"url\":\"https:\\\/\\\/www.altag.nl\\\/\",\"logo\":{\"@type\":\"ImageObject\",\"inLanguage\":\"fr-FR\",\"@id\":\"https:\\\/\\\/www.altag.nl\\\/#\\\/schema\\\/logo\\\/image\\\/\",\"url\":\"https:\\\/\\\/www.altag.nl\\\/wp-content\\\/uploads\\\/2022\\\/10\\\/cropped-favicon-altag.png\",\"contentUrl\":\"https:\\\/\\\/www.altag.nl\\\/wp-content\\\/uploads\\\/2022\\\/10\\\/cropped-favicon-altag.png\",\"width\":512,\"height\":512,\"caption\":\"Altag\"},\"image\":{\"@id\":\"https:\\\/\\\/www.altag.nl\\\/#\\\/schema\\\/logo\\\/image\\\/\"}}]}<\/script>\n<!-- \/ Yoast SEO plugin. -->","yoast_head_json":{"title":"Poign\u00e9e Ronde Or","description":"Besoin d&#039;un manche rond dor\u00e9 ? Disponible en diff\u00e9rentes formes, couleurs et tailles. \u2713Livr\u00e9 demain \u2713Livraison gratuite \u2713Payez apr\u00e8s","robots":{"index":"index","follow":"follow","max-snippet":"max-snippet:-1","max-image-preview":"max-image-preview:large","max-video-preview":"max-video-preview:-1"},"canonical":"https:\/\/www.altag.nl\/fr\/produit\/heide-or\/","og_locale":"fr_FR","og_type":"article","og_title":"Handgreep Rond Goud","og_description":"Handgreep Rond Goud nodig? Verkrijgbaar in diverse vormen, kleuren en maten. \u2713Morgen in huis \u2713Gratis verzending \u2713Achteraf betalen","og_url":"https:\/\/www.altag.nl\/fr\/produit\/heide-or\/","og_site_name":"ALTAG","article_modified_time":"2025-12-03T09:37:02+00:00","og_image":[{"width":1000,"height":1000,"url":"https:\/\/www.altag.nl\/wp-content\/uploads\/2022\/07\/Handgreep-goud-rond.jpg","type":"image\/jpeg"}],"twitter_card":"summary_large_image","twitter_misc":{"Dur\u00e9e de lecture estim\u00e9e":"2 minutes"},"schema":{"@context":"https:\/\/schema.org","@graph":[{"@type":["WebPage","ItemPage"],"@id":"https:\/\/www.altag.nl\/product\/heide-goud\/","url":"https:\/\/www.altag.nl\/product\/heide-goud\/","name":"Poign\u00e9e Ronde Or","isPartOf":{"@id":"https:\/\/www.altag.nl\/#website"},"primaryImageOfPage":{"@id":"https:\/\/www.altag.nl\/product\/heide-goud\/#primaryimage"},"image":{"@id":"https:\/\/www.altag.nl\/product\/heide-goud\/#primaryimage"},"thumbnailUrl":"https:\/\/www.altag.nl\/wp-content\/uploads\/2022\/07\/Handgreep-goud-rond.jpg","datePublished":"2022-07-11T17:37:49+00:00","dateModified":"2025-12-03T09:37:02+00:00","description":"Besoin d&#039;un manche rond dor\u00e9 ? Disponible en diff\u00e9rentes formes, couleurs et tailles. \u2713Livr\u00e9 demain \u2713Livraison gratuite \u2713Payez apr\u00e8s","breadcrumb":{"@id":"https:\/\/www.altag.nl\/product\/heide-goud\/#breadcrumb"},"inLanguage":"fr-FR","potentialAction":[{"@type":"ReadAction","target":["https:\/\/www.altag.nl\/product\/heide-goud\/"]}]},{"@type":"ImageObject","inLanguage":"fr-FR","@id":"https:\/\/www.altag.nl\/product\/heide-goud\/#primaryimage","url":"https:\/\/www.altag.nl\/wp-content\/uploads\/2022\/07\/Handgreep-goud-rond.jpg","contentUrl":"https:\/\/www.altag.nl\/wp-content\/uploads\/2022\/07\/Handgreep-goud-rond.jpg","width":1000,"height":1000,"caption":"Handgreep goud rond"},{"@type":"BreadcrumbList","@id":"https:\/\/www.altag.nl\/product\/heide-goud\/#breadcrumb","itemListElement":[{"@type":"ListItem","position":1,"name":"Home","item":"https:\/\/www.altag.nl\/"},{"@type":"ListItem","position":2,"name":"Ons assortiment","item":"https:\/\/www.altag.nl\/shop\/"},{"@type":"ListItem","position":3,"name":"Heide Goud"}]},{"@type":"WebSite","@id":"https:\/\/www.altag.nl\/#website","url":"https:\/\/www.altag.nl\/","name":"ALTAG","description":"Num\u00e9ros de maison modernes","publisher":{"@id":"https:\/\/www.altag.nl\/#organization"},"potentialAction":[{"@type":"SearchAction","target":{"@type":"EntryPoint","urlTemplate":"https:\/\/www.altag.nl\/?s={search_term_string}"},"query-input":{"@type":"PropertyValueSpecification","valueRequired":true,"valueName":"search_term_string"}}],"inLanguage":"fr-FR"},{"@type":"Organization","@id":"https:\/\/www.altag.nl\/#organization","name":"Altag","url":"https:\/\/www.altag.nl\/","logo":{"@type":"ImageObject","inLanguage":"fr-FR","@id":"https:\/\/www.altag.nl\/#\/schema\/logo\/image\/","url":"https:\/\/www.altag.nl\/wp-content\/uploads\/2022\/10\/cropped-favicon-altag.png","contentUrl":"https:\/\/www.altag.nl\/wp-content\/uploads\/2022\/10\/cropped-favicon-altag.png","width":512,"height":512,"caption":"Altag"},"image":{"@id":"https:\/\/www.altag.nl\/#\/schema\/logo\/image\/"}}]}},"_links":{"self":[{"href":"https:\/\/www.altag.nl\/fr\/wp-json\/wp\/v2\/product\/8700","targetHints":{"allow":["GET"]}}],"collection":[{"href":"https:\/\/www.altag.nl\/fr\/wp-json\/wp\/v2\/product"}],"about":[{"href":"https:\/\/www.altag.nl\/fr\/wp-json\/wp\/v2\/types\/product"}],"wp:featuredmedia":[{"embeddable":true,"href":"https:\/\/www.altag.nl\/fr\/wp-json\/wp\/v2\/media\/8746"}],"wp:attachment":[{"href":"https:\/\/www.altag.nl\/fr\/wp-json\/wp\/v2\/media?parent=8700"}],"wp:term":[{"taxonomy":"product_brand","embeddable":true,"href":"https:\/\/www.altag.nl\/fr\/wp-json\/wp\/v2\/product_brand?post=8700"},{"taxonomy":"product_cat","embeddable":true,"href":"https:\/\/www.altag.nl\/fr\/wp-json\/wp\/v2\/product_cat?post=8700"},{"taxonomy":"product_tag","embeddable":true,"href":"https:\/\/www.altag.nl\/fr\/wp-json\/wp\/v2\/product_tag?post=8700"}],"curies":[{"name":"wp","href":"https:\/\/api.w.org\/{rel}","templated":true}]}}