{"id":8222,"date":"2022-03-21T20:49:31","date_gmt":"2022-03-21T19:49:31","guid":{"rendered":"https:\/\/www.altag.nl\/?post_type=product&#038;p=8222"},"modified":"2025-02-04T15:36:42","modified_gmt":"2025-02-04T14:36:42","slug":"merum-plata-10-cm","status":"publish","type":"product","link":"https:\/\/www.altag.nl\/es\/producto\/merum-plata-10-cm\/","title":{"rendered":"Merum Plata 10 cm"},"content":{"rendered":"<div class=\"wpb-content-wrapper\"><section data-vc-full-width=\"true\" data-vc-full-width-temp=\"true\" data-vc-full-width-init=\"false\" class=\"vc_section vc_custom_1497864350266 vc_section-has-fill wd-row-gradient-enable\"><div class=\"woodmart-row-gradient wd-fill\" style=\"background-image:radial-gradient(ellipse at center center, rgba(255, 255, 255, 0) 15%, rgba(0, 0, 0, 0.07) 100%);\"><\/div><div class=\"vc_row wpb_row vc_row-fluid vc_row-o-content-middle vc_row-flex\"><div class=\"wpb_column vc_column_container vc_col-sm-6\"><div class=\"vc_column-inner vc_custom_1497883959176\"><div class=\"wpb_wrapper\"><h5 style=\"font-size: 18px;color: #777777;text-align: center\" class=\"vc_custom_heading vc_do_custom_heading visible-lg vc_custom_1645188580764\" >Aspecto premium<\/h5>\n\t\t<div id=\"wd-625eb395d059c\" class=\"title-wrapper wd-wpb wd-set-mb reset-last-child  wd-rs-625eb395d059c wd-title-color-primary wd-title-style-default text-center vc_custom_1650373531639 wd-width-enabled wd-underline-colored\" style=\"--wd-max-width: 90%;\">\n\t\t\t\n\t\t\t<div class=\"liner-continer\">\n\t\t\t\t<h4 class=\"woodmart-title-container title  wd-font-weight- wd-fontsize-xxxl\" >Plata cl\u00e1sica<\/h4>\n\t\t\t\t\t\t\t<\/div>\n\t\t\t\n\t\t\t\n\t\t\t\n\t\t<\/div>\n\t\t\n\t\t<\/div><\/div><\/div><div class=\"wpb_column text-center vc_column_container vc_col-sm-6\"><div class=\"vc_column-inner\"><div class=\"wpb_wrapper\">\n\t\t<div id=\"wd-605c74afe6fc8\" class=\"title-wrapper wd-wpb wd-set-mb reset-last-child  wd-rs-605c74afe6fc8 wd-title-color-default wd-title-style-underlined text-left vc_custom_1616671930666 wd-underline-colored\">\n\t\t\t\n\t\t\t<div class=\"liner-continer\">\n\t\t\t\t<h4 class=\"woodmart-title-container title  wd-font-weight- wd-fontsize-l\" >Especificaciones<\/h4>\n\t\t\t\t\t\t\t<\/div>\n\t\t\t\n\t\t\t\n\t\t\t\n\t\t<\/div>\n\t\t\n\t\t\n\t<div class=\"wpb_text_column wpb_content_element vc_custom_1647892206031\" >\n\t\t<div class=\"wpb_wrapper\">\n\t\t\t<table>\n<tbody>\n<tr>\n<th>Recopilaci\u00f3n<\/th>\n<td>Merum<\/td>\n<\/tr>\n<tr>\n<th>Color:<\/th>\n<td>Plata<\/td>\n<\/tr>\n<tr>\n<th>Material:<\/th>\n<td>Zinc<\/td>\n<\/tr>\n<tr>\n<th>Editar:<\/th>\n<td>Fijado<\/td>\n<\/tr>\n<tr>\n<th>Altura:<\/th>\n<td>10 cent\u00edmetros<\/td>\n<\/tr>\n<tr>\n<th>Garantizar:<\/th>\n<td>1 a\u00f1o<\/td>\n<\/tr>\n<\/tbody>\n<\/table>\n\n\t\t<\/div>\n\t<\/div>\n<\/div><\/div><\/div><\/div><div data-vc-full-width=\"true\" data-vc-full-width-temp=\"true\" data-vc-full-width-init=\"false\" data-vc-stretch-content=\"true\" class=\"vc_row wpb_row vc_row-fluid vc_row-no-padding\"><div class=\"wpb_column vc_column_container vc_col-sm-12\"><div class=\"vc_column-inner\"><div class=\"wpb_wrapper\">\t\t\t<div id=\"wd-69e49ac705de0\" class=\"wd-row-divider wd-69e49ac705de0 dvr-position-bottom dvr-style-curved-line\">\n\t\t\t\t<svg xmlns=\"http:\/\/www.w3.org\/2000\/svg\" xmlns:xlink=\"http:\/\/www.w3.org\/1999\/xlink\" x=\"0px\" y=\"0px\"\n\t viewbox=\"0 0 100 100\" width=\"100%\" height=\"50px\" preserveaspectratio=\"none\">\n<path display=\"none\" d=\"M100,25.8V100H0V52.5c-4.9-6.8-9.5-13.8-15-19.7V101h125V20.9C106.3,22,103,23.7,100,25.8z\"\/>\n<path d=\"M100,100V0.8C77.8,21.4,71.3,70.5,38.6,70.5c-18.8,0-29.1-16.2-38.6-34V100H100z\"\/>\n<\/svg>\n\t\t\t\t\t\t\t<\/div>\n\t\t<\/div><\/div><\/div><\/div><div class=\"vc_row-full-width vc_clearfix\"><\/div><\/section><div class=\"vc_row-full-width vc_clearfix\"><\/div><div class=\"vc_row wpb_row vc_row-fluid vc_custom_1497864642484\"><div class=\"wpb_column vc_column_container vc_col-sm-4\"><div class=\"vc_column-inner vc_custom_1497864611596\"><div class=\"wpb_wrapper\">\n\t\t<div id=\"wd-620f9b194f007\" class=\"title-wrapper wd-wpb wd-set-mb reset-last-child  wd-rs-620f9b194f007 wd-title-color-primary wd-title-style-default text-center vc_custom_1645189980507 wd-underline-colored\">\n\t\t\t\n\t\t\t<div class=\"liner-continer\">\n\t\t\t\t<h4 class=\"woodmart-title-container title  wd-font-weight- wd-fontsize-xxl\" >Negro<\/h4>\n\t\t\t\t\t\t\t<\/div>\n\t\t\t\n\t\t\t\t\t\t\t<div class=\"title-after_title reset-last-child  wd-fontsize-s\">N\u00famero de casa negro mate<br \/>\nAspecto moderno y moderno.<\/div>\n\t\t\t\n\t\t\t\n\t\t<\/div>\n\t\t\n\t\t<div class=\"vc_empty_space\"   style=\"height: 25px\"><span class=\"vc_empty_space_inner\"><\/span><\/div>\t\t<div id=\"gallery_780\" class=\"wd-images-gallery wd-wpb wd-rs-6238de1816833\" style=\"--wd-justify-content:center;--wd-align-items:center;\">\n\t\t\t\n\t\t\t<div class=\"wd-grid-g\" style=\"--wd-col-lg:1;--wd-col-md:1;--wd-col-sm:1;--wd-gap-lg:0px;\">\n\t\t\t\t\n\t\t\t\t\t\t\t\t\t\t\t\t\t\t\t<div class=\"wd-gallery-item wd-col\">\n\t\t\t\t\t\t\t\t\t\t\t\t\t\t<a href=\"\/es\/producto\/merum-negro-10-cm\/\" data-elementor-open-lightbox=\"no\" data-index=\"1\" data-width=\"600\" data-height=\"600\" \n\t\t\t\t\t\t\t\t\t\t\t\t\t\t\t\t\t\t\t\t>\n\t\t\t\t\t\t\t\t\n\t\t\t\t\t\t\t\t<img loading=\"lazy\" decoding=\"async\" width=\"300\" height=\"300\" src=\"https:\/\/www.altag.nl\/wp-content\/uploads\/2022\/01\/merum-3-300x300.jpg\" class=\"wd-gallery-image image-1\" alt=\"Merum N\u00famero de casa negro 10 cm - n\u00famero de casa 3\" srcset=\"https:\/\/www.altag.nl\/wp-content\/uploads\/2022\/01\/merum-3-300x300.jpg 300w, https:\/\/www.altag.nl\/wp-content\/uploads\/2022\/01\/merum-3-430x430.jpg 430w, https:\/\/www.altag.nl\/wp-content\/uploads\/2022\/01\/merum-3-75x75.jpg 75w, https:\/\/www.altag.nl\/wp-content\/uploads\/2022\/01\/merum-3-150x150.jpg 150w, https:\/\/www.altag.nl\/wp-content\/uploads\/2022\/01\/merum-3.jpg 600w\" sizes=\"auto, (max-width: 300px) 100vw, 300px\" \/>\n\t\t\t\t\t\t\t\t\t\t\t\t\t\t\t<\/a>\n\t\t\t\t\t\t\t\t\t\t\t\t<\/div>\n\t\t\t\t\t\t\t\t\t\n\t\t\t\t\t\t\t<\/div>\n\n\t\t\t\t\t<\/div>\n\t\t<\/div><\/div><\/div><div class=\"wpb_column vc_column_container vc_col-sm-4\"><div class=\"vc_column-inner vc_custom_1497864622411\"><div class=\"wpb_wrapper\">\n\t\t<div id=\"wd-620fcd56c1a24\" class=\"title-wrapper wd-wpb wd-set-mb reset-last-child  wd-rs-620fcd56c1a24 wd-title-color-primary wd-title-style-default text-center vc_custom_1645203149284 wd-underline-colored\">\n\t\t\t\n\t\t\t<div class=\"liner-continer\">\n\t\t\t\t<h4 class=\"woodmart-title-container title  wd-font-weight- wd-fontsize-xxl\" >Plata<\/h4>\n\t\t\t\t\t\t\t<\/div>\n\t\t\t\n\t\t\t\t\t\t\t<div class=\"title-after_title reset-last-child  wd-fontsize-s\">N\u00famero de casa plateado mate<br \/>\nAspecto cl\u00e1sico y robusto.<\/div>\n\t\t\t\n\t\t\t\n\t\t<\/div>\n\t\t\n\t\t<div class=\"vc_empty_space\"   style=\"height: 25px\"><span class=\"vc_empty_space_inner\"><\/span><\/div>\t\t<div id=\"gallery_742\" class=\"wd-images-gallery wd-wpb wd-rs-6238e6a829cc6\" style=\"--wd-justify-content:center;--wd-align-items:center;\">\n\t\t\t\n\t\t\t<div class=\"wd-grid-g\" style=\"--wd-col-lg:1;--wd-col-md:1;--wd-col-sm:1;--wd-gap-lg:0px;\">\n\t\t\t\t\n\t\t\t\t\t\t\t\t\t\t\t\t\t\t\t<div class=\"wd-gallery-item wd-col\">\n\t\t\t\t\t\t\t\n\t\t\t\t\t\t\t\t<img loading=\"lazy\" decoding=\"async\" width=\"300\" height=\"300\" src=\"https:\/\/www.altag.nl\/wp-content\/uploads\/2022\/03\/Merum-Zilver-huisnummer-3-resized-300x300.jpg\" class=\"wd-gallery-image image-1\" alt=\"Merum Casa plateada n\u00famero 3\" srcset=\"https:\/\/www.altag.nl\/wp-content\/uploads\/2022\/03\/Merum-Zilver-huisnummer-3-resized-300x300.jpg 300w, https:\/\/www.altag.nl\/wp-content\/uploads\/2022\/03\/Merum-Zilver-huisnummer-3-resized-430x430.jpg 430w, https:\/\/www.altag.nl\/wp-content\/uploads\/2022\/03\/Merum-Zilver-huisnummer-3-resized-75x75.jpg 75w, https:\/\/www.altag.nl\/wp-content\/uploads\/2022\/03\/Merum-Zilver-huisnummer-3-resized-150x150.jpg 150w, https:\/\/www.altag.nl\/wp-content\/uploads\/2022\/03\/Merum-Zilver-huisnummer-3-resized.jpg 600w\" sizes=\"auto, (max-width: 300px) 100vw, 300px\" \/>\n\t\t\t\t\t\t\t\t\t\t\t\t\t\t<\/div>\n\t\t\t\t\t\t\t\t\t\n\t\t\t\t\t\t\t<\/div>\n\n\t\t\t\t\t<\/div>\n\t\t<\/div><\/div><\/div><div class=\"wpb_column vc_column_container vc_col-sm-4\"><div class=\"vc_column-inner\"><div class=\"wpb_wrapper\">\n\t\t<div id=\"wd-6238dec1023c1\" class=\"title-wrapper wd-wpb wd-set-mb reset-last-child  wd-rs-6238dec1023c1 wd-title-color-primary wd-title-style-default text-center vc_custom_1647894218379 wd-underline-colored\">\n\t\t\t\n\t\t\t<div class=\"liner-continer\">\n\t\t\t\t<h4 class=\"woodmart-title-container title  wd-font-weight- wd-fontsize-xxl\" >bronce<\/h4>\n\t\t\t\t\t\t\t<\/div>\n\t\t\t\n\t\t\t\t\t\t\t<div class=\"title-after_title reset-last-child  wd-fontsize-s\">N\u00famero de casa de bronce mate<br \/>\nAspecto cl\u00e1sico y robusto.<\/div>\n\t\t\t\n\t\t\t\n\t\t<\/div>\n\t\t\n\t\t<div class=\"vc_empty_space\"   style=\"height: 25px\"><span class=\"vc_empty_space_inner\"><\/span><\/div>\t\t<div id=\"gallery_791\" class=\"wd-images-gallery wd-wpb wd-rs-62436fdf9eeff\" style=\"--wd-justify-content:center;--wd-align-items:center;\">\n\t\t\t\n\t\t\t<div class=\"wd-grid-g\" style=\"--wd-col-lg:1;--wd-col-md:1;--wd-col-sm:1;--wd-gap-lg:0px;\">\n\t\t\t\t\n\t\t\t\t\t\t\t\t\t\t\t\t\t\t\t<div class=\"wd-gallery-item wd-col\">\n\t\t\t\t\t\t\t\t\t\t\t\t\t\t<a href=\"\/es\/producto\/merum-bronce-10-cm\/\" data-elementor-open-lightbox=\"no\" data-index=\"1\" data-width=\"640\" data-height=\"640\" \n\t\t\t\t\t\t\t\t\t\t\t\t\t\t\t\t\t\t\t\t>\n\t\t\t\t\t\t\t\t\n\t\t\t\t\t\t\t\t<img loading=\"lazy\" decoding=\"async\" width=\"300\" height=\"300\" src=\"https:\/\/www.altag.nl\/wp-content\/uploads\/2022\/03\/Merum-Brons-huisnummer-huisnummer-3-300x300.jpg\" class=\"wd-gallery-image image-1\" alt=\"Merum N\u00famero de casa de bronce - n\u00famero de casa 3\" srcset=\"https:\/\/www.altag.nl\/wp-content\/uploads\/2022\/03\/Merum-Brons-huisnummer-huisnummer-3-300x300.jpg 300w, https:\/\/www.altag.nl\/wp-content\/uploads\/2022\/03\/Merum-Brons-huisnummer-huisnummer-3-430x430.jpg 430w, https:\/\/www.altag.nl\/wp-content\/uploads\/2022\/03\/Merum-Brons-huisnummer-huisnummer-3-75x75.jpg 75w, https:\/\/www.altag.nl\/wp-content\/uploads\/2022\/03\/Merum-Brons-huisnummer-huisnummer-3-150x150.jpg 150w, https:\/\/www.altag.nl\/wp-content\/uploads\/2022\/03\/Merum-Brons-huisnummer-huisnummer-3.jpg 640w\" sizes=\"auto, (max-width: 300px) 100vw, 300px\" \/>\n\t\t\t\t\t\t\t\t\t\t\t\t\t\t\t<\/a>\n\t\t\t\t\t\t\t\t\t\t\t\t<\/div>\n\t\t\t\t\t\t\t\t\t\n\t\t\t\t\t\t\t<\/div>\n\n\t\t\t\t\t<\/div>\n\t\t<\/div><\/div><\/div><\/div><div class=\"vc_row wpb_row vc_row-fluid\"><div class=\"wpb_column vc_column_container vc_col-sm-6\"><div class=\"vc_column-inner\"><div class=\"wpb_wrapper\">\n\t\t<div id=\"wd-625f25a13646b\" class=\"title-wrapper wd-wpb wd-set-mb reset-last-child  wd-rs-625f25a13646b wd-title-color-default wd-title-style-default text-left vc_custom_1650402728759 wd-underline-colored\">\n\t\t\t\n\t\t\t<div class=\"liner-continer\">\n\t\t\t\t<h4 class=\"woodmart-title-container title  wd-font-weight- wd-fontsize-m\" ><strong>Ventajas<\/strong><\/h4>\n\t\t\t\t\t\t\t<\/div>\n\t\t\t\n\t\t\t\n\t\t\t\n\t\t<\/div>\n\t\t\n\t\t\n\t<div class=\"wpb_text_column wpb_content_element\" >\n\t\t<div class=\"wpb_wrapper\">\n\t\t\t<p><strong>Bonito dise\u00f1o, f\u00e1cil de leer:<\/strong><br \/>\nGracias a nuestra amplia gama, ofrecemos un n\u00famero de casa adecuado para cada tipo de hogar, variando en diferentes colores y alturas.<\/p>\n<p><strong>Anti\u00f3xido, larga vida \u00fatil:<\/strong><br \/>\nGracias a la aleaci\u00f3n especial, todos nuestros n\u00fameros de casa son resistentes a la intemperie.<\/p>\n<p><strong>Montaje, sobre cualquier material:<\/strong><br \/>\nNuestros n\u00fameros de casa se pueden montar en diferentes superficies (pared de ladrillo, yeso o placa de madera), utilizando los materiales de montaje suministrados. \u00a1Esto hace que la instalaci\u00f3n sea muy f\u00e1cil!<\/p>\n\n\t\t<\/div>\n\t<\/div>\n<\/div><\/div><\/div><div class=\"wpb_column vc_column_container vc_col-sm-6\"><div class=\"vc_column-inner\"><div class=\"wpb_wrapper\">\n\t\t<div id=\"wd-605f4432a0513\" class=\"title-wrapper wd-wpb wd-set-mb reset-last-child  wd-rs-605f4432a0513 wd-title-color-default wd-title-style-default text-left vc_custom_1616856125128 wd-underline-colored\">\n\t\t\t\n\t\t\t<div class=\"liner-continer\">\n\t\t\t\t<h4 class=\"woodmart-title-container title  wd-font-weight- wd-fontsize-m\" ><strong>Contenidos del paquete<\/strong><\/h4>\n\t\t\t\t\t\t\t<\/div>\n\t\t\t\n\t\t\t\n\t\t\t\n\t\t<\/div>\n\t\t\n\t\t\n\t<div class=\"wpb_text_column wpb_content_element\" >\n\t\t<div class=\"wpb_wrapper\">\n\t\t\t<p>\u2022 N\u00famero de casa<br \/>\n\u2022 Material de montaje: tornillos<\/p>\n\n\t\t<\/div>\n\t<\/div>\n<\/div><\/div><\/div><\/div>\n<\/div>","protected":false},"excerpt":{"rendered":"<p>Descubra nuestra diversa colecci\u00f3n de n\u00fameros de casas modernos en diferentes formas y tama\u00f1os, incluidos colores elegantes como negro, oro, plata, bronce y cobre. Dale a tu hogar un aspecto \u00fanico con n\u00fameros de casa que se adapten perfectamente a tus preferencias. Elija entre una variedad de estilos para encontrar el n\u00famero de casa ideal que combine con su puerta de entrada. Mejore la capacidad de encontrar su casa con n\u00fameros de casa elegantes y funcionales. Haz tu pedido hoy y dale a tu hogar un toque de personalidad y elegancia.<\/p>","protected":false},"featured_media":8240,"template":"","meta":[],"product_brand":[],"product_cat":[175],"product_tag":[215,210,224,212,240],"class_list":{"0":"post-8222","1":"product","2":"type-product","3":"status-publish","4":"has-post-thumbnail","6":"product_cat-huisnummers","7":"product_tag-10-cm","8":"product_tag-huisnummer","9":"product_tag-merum","10":"product_tag-zilver","11":"product_tag-zink","13":"first","14":"instock","15":"sale","16":"taxable","17":"shipping-taxable","18":"purchasable","19":"product-type-variable"},"yoast_head":"<!-- This site is optimized with the Yoast SEO plugin v27.4 - https:\/\/yoast.com\/product\/yoast-seo-wordpress\/ -->\n<title>Huisnummer zilver 10 cm<\/title>\n<meta name=\"description\" content=\"Huisnummer zilver 10 cm nodig? Verkrijgbaar in diverse vormen, kleuren en maten. \u2713Morgen in huis \u2713Gratis verzending \u2713Achteraf betalen\" \/>\n<meta name=\"robots\" content=\"index, follow, max-snippet:-1, max-image-preview:large, max-video-preview:-1\" \/>\n<link rel=\"canonical\" href=\"https:\/\/www.altag.nl\/es\/producto\/merum-plata-10-cm\/\" \/>\n<meta property=\"og:locale\" content=\"es_ES\" \/>\n<meta property=\"og:type\" content=\"article\" \/>\n<meta property=\"og:title\" content=\"Huisnummer zilver 10 cm\" \/>\n<meta property=\"og:description\" content=\"Huisnummer zilver 10 cm nodig? Verkrijgbaar in diverse vormen, kleuren en maten. \u2713Morgen in huis \u2713Gratis verzending \u2713Achteraf betalen\" \/>\n<meta property=\"og:url\" content=\"https:\/\/www.altag.nl\/es\/producto\/merum-plata-10-cm\/\" \/>\n<meta property=\"og:site_name\" content=\"ALTAG\" \/>\n<meta property=\"article:modified_time\" content=\"2025-02-04T14:36:42+00:00\" \/>\n<meta property=\"og:image\" content=\"https:\/\/www.altag.nl\/wp-content\/uploads\/2022\/03\/Merum-Zilver-huisnummer-vooraanzicht.jpg\" \/>\n\t<meta property=\"og:image:width\" content=\"679\" \/>\n\t<meta property=\"og:image:height\" content=\"679\" \/>\n\t<meta property=\"og:image:type\" content=\"image\/jpeg\" \/>\n<meta name=\"twitter:card\" content=\"summary_large_image\" \/>\n<meta name=\"twitter:label1\" content=\"Tiempo de lectura\" \/>\n\t<meta name=\"twitter:data1\" content=\"2 minutos\" \/>\n<script type=\"application\/ld+json\" class=\"yoast-schema-graph\">{\"@context\":\"https:\\\/\\\/schema.org\",\"@graph\":[{\"@type\":[\"WebPage\",\"ItemPage\"],\"@id\":\"https:\\\/\\\/www.altag.nl\\\/product\\\/merum-zilver-10-cm\\\/\",\"url\":\"https:\\\/\\\/www.altag.nl\\\/product\\\/merum-zilver-10-cm\\\/\",\"name\":\"Huisnummer zilver 10 cm\",\"isPartOf\":{\"@id\":\"https:\\\/\\\/www.altag.nl\\\/#website\"},\"primaryImageOfPage\":{\"@id\":\"https:\\\/\\\/www.altag.nl\\\/product\\\/merum-zilver-10-cm\\\/#primaryimage\"},\"image\":{\"@id\":\"https:\\\/\\\/www.altag.nl\\\/product\\\/merum-zilver-10-cm\\\/#primaryimage\"},\"thumbnailUrl\":\"https:\\\/\\\/www.altag.nl\\\/wp-content\\\/uploads\\\/2022\\\/03\\\/Merum-Zilver-huisnummer-vooraanzicht.jpg\",\"datePublished\":\"2022-03-21T19:49:31+00:00\",\"dateModified\":\"2025-02-04T14:36:42+00:00\",\"description\":\"Huisnummer zilver 10 cm nodig? Verkrijgbaar in diverse vormen, kleuren en maten. \u2713Morgen in huis \u2713Gratis verzending \u2713Achteraf betalen\",\"breadcrumb\":{\"@id\":\"https:\\\/\\\/www.altag.nl\\\/product\\\/merum-zilver-10-cm\\\/#breadcrumb\"},\"inLanguage\":\"es\",\"potentialAction\":[{\"@type\":\"ReadAction\",\"target\":[\"https:\\\/\\\/www.altag.nl\\\/product\\\/merum-zilver-10-cm\\\/\"]}]},{\"@type\":\"ImageObject\",\"inLanguage\":\"es\",\"@id\":\"https:\\\/\\\/www.altag.nl\\\/product\\\/merum-zilver-10-cm\\\/#primaryimage\",\"url\":\"https:\\\/\\\/www.altag.nl\\\/wp-content\\\/uploads\\\/2022\\\/03\\\/Merum-Zilver-huisnummer-vooraanzicht.jpg\",\"contentUrl\":\"https:\\\/\\\/www.altag.nl\\\/wp-content\\\/uploads\\\/2022\\\/03\\\/Merum-Zilver-huisnummer-vooraanzicht.jpg\",\"width\":679,\"height\":679,\"caption\":\"Merum Zilver huisnummer - vooraanzicht\"},{\"@type\":\"BreadcrumbList\",\"@id\":\"https:\\\/\\\/www.altag.nl\\\/product\\\/merum-zilver-10-cm\\\/#breadcrumb\",\"itemListElement\":[{\"@type\":\"ListItem\",\"position\":1,\"name\":\"Home\",\"item\":\"https:\\\/\\\/www.altag.nl\\\/\"},{\"@type\":\"ListItem\",\"position\":2,\"name\":\"Ons assortiment\",\"item\":\"https:\\\/\\\/www.altag.nl\\\/shop\\\/\"},{\"@type\":\"ListItem\",\"position\":3,\"name\":\"Merum Zilver 10 cm\"}]},{\"@type\":\"WebSite\",\"@id\":\"https:\\\/\\\/www.altag.nl\\\/#website\",\"url\":\"https:\\\/\\\/www.altag.nl\\\/\",\"name\":\"ALTAG\",\"description\":\"Moderne Huisnummers\",\"publisher\":{\"@id\":\"https:\\\/\\\/www.altag.nl\\\/#organization\"},\"potentialAction\":[{\"@type\":\"SearchAction\",\"target\":{\"@type\":\"EntryPoint\",\"urlTemplate\":\"https:\\\/\\\/www.altag.nl\\\/?s={search_term_string}\"},\"query-input\":{\"@type\":\"PropertyValueSpecification\",\"valueRequired\":true,\"valueName\":\"search_term_string\"}}],\"inLanguage\":\"es\"},{\"@type\":\"Organization\",\"@id\":\"https:\\\/\\\/www.altag.nl\\\/#organization\",\"name\":\"Altag\",\"url\":\"https:\\\/\\\/www.altag.nl\\\/\",\"logo\":{\"@type\":\"ImageObject\",\"inLanguage\":\"es\",\"@id\":\"https:\\\/\\\/www.altag.nl\\\/#\\\/schema\\\/logo\\\/image\\\/\",\"url\":\"https:\\\/\\\/www.altag.nl\\\/wp-content\\\/uploads\\\/2022\\\/10\\\/cropped-favicon-altag.png\",\"contentUrl\":\"https:\\\/\\\/www.altag.nl\\\/wp-content\\\/uploads\\\/2022\\\/10\\\/cropped-favicon-altag.png\",\"width\":512,\"height\":512,\"caption\":\"Altag\"},\"image\":{\"@id\":\"https:\\\/\\\/www.altag.nl\\\/#\\\/schema\\\/logo\\\/image\\\/\"}}]}<\/script>\n<!-- \/ Yoast SEO plugin. -->","yoast_head_json":{"title":"N\u00famero de casa plateado 10 cm","description":"\u00bfNecesita un n\u00famero de casa plateado de 10 cm? Disponible en varias formas, colores y tama\u00f1os. \u2713Entregado ma\u00f1ana \u2713Env\u00edo gratis \u2713Pago despu\u00e9s","robots":{"index":"index","follow":"follow","max-snippet":"max-snippet:-1","max-image-preview":"max-image-preview:large","max-video-preview":"max-video-preview:-1"},"canonical":"https:\/\/www.altag.nl\/es\/producto\/merum-plata-10-cm\/","og_locale":"es_ES","og_type":"article","og_title":"Huisnummer zilver 10 cm","og_description":"Huisnummer zilver 10 cm nodig? Verkrijgbaar in diverse vormen, kleuren en maten. \u2713Morgen in huis \u2713Gratis verzending \u2713Achteraf betalen","og_url":"https:\/\/www.altag.nl\/es\/producto\/merum-plata-10-cm\/","og_site_name":"ALTAG","article_modified_time":"2025-02-04T14:36:42+00:00","og_image":[{"width":679,"height":679,"url":"https:\/\/www.altag.nl\/wp-content\/uploads\/2022\/03\/Merum-Zilver-huisnummer-vooraanzicht.jpg","type":"image\/jpeg"}],"twitter_card":"summary_large_image","twitter_misc":{"Tiempo de lectura":"2 minutos"},"schema":{"@context":"https:\/\/schema.org","@graph":[{"@type":["WebPage","ItemPage"],"@id":"https:\/\/www.altag.nl\/product\/merum-zilver-10-cm\/","url":"https:\/\/www.altag.nl\/product\/merum-zilver-10-cm\/","name":"N\u00famero de casa plateado 10 cm","isPartOf":{"@id":"https:\/\/www.altag.nl\/#website"},"primaryImageOfPage":{"@id":"https:\/\/www.altag.nl\/product\/merum-zilver-10-cm\/#primaryimage"},"image":{"@id":"https:\/\/www.altag.nl\/product\/merum-zilver-10-cm\/#primaryimage"},"thumbnailUrl":"https:\/\/www.altag.nl\/wp-content\/uploads\/2022\/03\/Merum-Zilver-huisnummer-vooraanzicht.jpg","datePublished":"2022-03-21T19:49:31+00:00","dateModified":"2025-02-04T14:36:42+00:00","description":"\u00bfNecesita un n\u00famero de casa plateado de 10 cm? Disponible en varias formas, colores y tama\u00f1os. \u2713Entregado ma\u00f1ana \u2713Env\u00edo gratis \u2713Pago despu\u00e9s","breadcrumb":{"@id":"https:\/\/www.altag.nl\/product\/merum-zilver-10-cm\/#breadcrumb"},"inLanguage":"es","potentialAction":[{"@type":"ReadAction","target":["https:\/\/www.altag.nl\/product\/merum-zilver-10-cm\/"]}]},{"@type":"ImageObject","inLanguage":"es","@id":"https:\/\/www.altag.nl\/product\/merum-zilver-10-cm\/#primaryimage","url":"https:\/\/www.altag.nl\/wp-content\/uploads\/2022\/03\/Merum-Zilver-huisnummer-vooraanzicht.jpg","contentUrl":"https:\/\/www.altag.nl\/wp-content\/uploads\/2022\/03\/Merum-Zilver-huisnummer-vooraanzicht.jpg","width":679,"height":679,"caption":"Merum Zilver huisnummer - vooraanzicht"},{"@type":"BreadcrumbList","@id":"https:\/\/www.altag.nl\/product\/merum-zilver-10-cm\/#breadcrumb","itemListElement":[{"@type":"ListItem","position":1,"name":"Home","item":"https:\/\/www.altag.nl\/"},{"@type":"ListItem","position":2,"name":"Ons assortiment","item":"https:\/\/www.altag.nl\/shop\/"},{"@type":"ListItem","position":3,"name":"Merum Zilver 10 cm"}]},{"@type":"WebSite","@id":"https:\/\/www.altag.nl\/#website","url":"https:\/\/www.altag.nl\/","name":"ALTAG","description":"N\u00fameros de casas modernas","publisher":{"@id":"https:\/\/www.altag.nl\/#organization"},"potentialAction":[{"@type":"SearchAction","target":{"@type":"EntryPoint","urlTemplate":"https:\/\/www.altag.nl\/?s={search_term_string}"},"query-input":{"@type":"PropertyValueSpecification","valueRequired":true,"valueName":"search_term_string"}}],"inLanguage":"es"},{"@type":"Organization","@id":"https:\/\/www.altag.nl\/#organization","name":"Altag","url":"https:\/\/www.altag.nl\/","logo":{"@type":"ImageObject","inLanguage":"es","@id":"https:\/\/www.altag.nl\/#\/schema\/logo\/image\/","url":"https:\/\/www.altag.nl\/wp-content\/uploads\/2022\/10\/cropped-favicon-altag.png","contentUrl":"https:\/\/www.altag.nl\/wp-content\/uploads\/2022\/10\/cropped-favicon-altag.png","width":512,"height":512,"caption":"Altag"},"image":{"@id":"https:\/\/www.altag.nl\/#\/schema\/logo\/image\/"}}]}},"_links":{"self":[{"href":"https:\/\/www.altag.nl\/es\/wp-json\/wp\/v2\/product\/8222","targetHints":{"allow":["GET"]}}],"collection":[{"href":"https:\/\/www.altag.nl\/es\/wp-json\/wp\/v2\/product"}],"about":[{"href":"https:\/\/www.altag.nl\/es\/wp-json\/wp\/v2\/types\/product"}],"wp:featuredmedia":[{"embeddable":true,"href":"https:\/\/www.altag.nl\/es\/wp-json\/wp\/v2\/media\/8240"}],"wp:attachment":[{"href":"https:\/\/www.altag.nl\/es\/wp-json\/wp\/v2\/media?parent=8222"}],"wp:term":[{"taxonomy":"product_brand","embeddable":true,"href":"https:\/\/www.altag.nl\/es\/wp-json\/wp\/v2\/product_brand?post=8222"},{"taxonomy":"product_cat","embeddable":true,"href":"https:\/\/www.altag.nl\/es\/wp-json\/wp\/v2\/product_cat?post=8222"},{"taxonomy":"product_tag","embeddable":true,"href":"https:\/\/www.altag.nl\/es\/wp-json\/wp\/v2\/product_tag?post=8222"}],"curies":[{"name":"gracias","href":"https:\/\/api.w.org\/{rel}","templated":true}]}}