{"id":8681,"date":"2022-07-11T16:14:32","date_gmt":"2022-07-11T15:14:32","guid":{"rendered":"https:\/\/www.altag.nl\/?post_type=product&#038;p=8681"},"modified":"2025-12-03T10:37:49","modified_gmt":"2025-12-03T09:37:49","slug":"heide-schwarz","status":"publish","type":"product","link":"https:\/\/www.altag.nl\/de\/produkt\/heide-schwarz\/","title":{"rendered":"Heide Schwarz"},"content":{"rendered":"<div class=\"wpb-content-wrapper\"><section data-vc-full-width=\"true\" data-vc-full-width-temp=\"true\" data-vc-full-width-init=\"false\" class=\"vc_section vc_custom_1497864350266 vc_section-has-fill wd-row-gradient-enable\"><div class=\"woodmart-row-gradient wd-fill\" style=\"background-image:radial-gradient(ellipse at center center, rgba(255, 255, 255, 0) 15%, rgba(0, 0, 0, 0.07) 100%);\"><\/div><div class=\"vc_row wpb_row vc_row-fluid vc_row-o-content-middle vc_row-flex\"><div class=\"wpb_column vc_column_container vc_col-sm-6\"><div class=\"vc_column-inner vc_custom_1497883959176\"><div class=\"wpb_wrapper\"><h5 style=\"font-size: 18px;color: #777777;text-align: center\" class=\"vc_custom_heading vc_do_custom_heading visible-lg vc_custom_1645188580764\" >Erstklassiges Erscheinungsbild<\/h5>\n\t\t<div id=\"wd-62cb3bf729d93\" class=\"title-wrapper wd-wpb wd-set-mb reset-last-child  wd-rs-62cb3bf729d93 wd-title-color-primary wd-title-style-default text-center vc_custom_1657486329381 wd-width-enabled wd-underline-colored\" style=\"--wd-max-width: 90%;\">\n\t\t\t\n\t\t\t<div class=\"liner-continer\">\n\t\t\t\t<h4 class=\"woodmart-title-container title  wd-font-weight- wd-fontsize-xxxl\" >Modernes Schwarz<\/h4>\n\t\t\t\t\t\t\t<\/div>\n\t\t\t\n\t\t\t\t\t\t\t<div class=\"title-after_title reset-last-child  wd-fontsize-s\">Dieser Griff ist in verschiedenen Farben erh\u00e4ltlich, z. B. Schwarz, Gold und Silber.<\/div>\n\t\t\t\n\t\t\t\n\t\t<\/div>\n\t\t\n\t\t<\/div><\/div><\/div><div class=\"wpb_column text-center vc_column_container vc_col-sm-6\"><div class=\"vc_column-inner\"><div class=\"wpb_wrapper\">\n\t\t<div id=\"wd-605c74afe6fc8\" class=\"title-wrapper wd-wpb wd-set-mb reset-last-child  wd-rs-605c74afe6fc8 wd-title-color-default wd-title-style-underlined text-left vc_custom_1616671930666 wd-underline-colored\">\n\t\t\t\n\t\t\t<div class=\"liner-continer\">\n\t\t\t\t<h4 class=\"woodmart-title-container title  wd-font-weight- wd-fontsize-l\" >Spezifikationen<\/h4>\n\t\t\t\t\t\t\t<\/div>\n\t\t\t\n\t\t\t\n\t\t\t\n\t\t<\/div>\n\t\t\n\t\t\n\t<div class=\"wpb_text_column wpb_content_element vc_custom_1738679605020\" >\n\t\t<div class=\"wpb_wrapper\">\n\t\t\t<table>\n<tbody>\n<tr>\n<th>Sammlung<\/th>\n<td>Heidekraut<\/td>\n<\/tr>\n<tr>\n<th>Farbe:<\/th>\n<td>Schwarz<\/td>\n<\/tr>\n<tr>\n<th>Material:<\/th>\n<td>Edelstahl<\/td>\n<\/tr>\n<tr>\n<th>Bearbeiten:<\/th>\n<td>Befestigung mit mitgelieferten Schrauben<\/td>\n<\/tr>\n<tr>\n<th>H\u00f6he:<\/th>\n<td>3,2 cm<\/td>\n<\/tr>\n<tr>\n<th>Breite:<\/th>\n<td>1,2 cm<\/td>\n<\/tr>\n<tr>\n<th>Garantie:<\/th>\n<td>1 Jahr<\/td>\n<\/tr>\n<\/tbody>\n<\/table>\n\n\t\t<\/div>\n\t<\/div>\n<\/div><\/div><\/div><\/div><div data-vc-full-width=\"true\" data-vc-full-width-temp=\"true\" data-vc-full-width-init=\"false\" data-vc-stretch-content=\"true\" class=\"vc_row wpb_row vc_row-fluid vc_row-no-padding\"><div class=\"wpb_column vc_column_container vc_col-sm-12\"><div class=\"vc_column-inner\"><div class=\"wpb_wrapper\">\t\t\t<div id=\"wd-69e4f4480efd4\" class=\"wd-row-divider wd-69e4f4480efd4 dvr-position-bottom dvr-style-curved-line\">\n\t\t\t\t<svg xmlns=\"http:\/\/www.w3.org\/2000\/svg\" xmlns:xlink=\"http:\/\/www.w3.org\/1999\/xlink\" x=\"0px\" y=\"0px\"\n\t viewbox=\"0 0 100 100\" width=\"100%\" height=\"50px\" preserveaspectratio=\"none\">\n<path display=\"none\" d=\"M100,25.8V100H0V52.5c-4.9-6.8-9.5-13.8-15-19.7V101h125V20.9C106.3,22,103,23.7,100,25.8z\"\/>\n<path d=\"M100,100V0.8C77.8,21.4,71.3,70.5,38.6,70.5c-18.8,0-29.1-16.2-38.6-34V100H100z\"\/>\n<\/svg>\n\t\t\t\t\t\t\t<\/div>\n\t\t<\/div><\/div><\/div><\/div><div class=\"vc_row-full-width vc_clearfix\"><\/div><\/section><div class=\"vc_row-full-width vc_clearfix\"><\/div><div class=\"vc_row wpb_row vc_row-fluid vc_custom_1497864642484\"><div class=\"wpb_column vc_column_container vc_col-sm-4\"><div class=\"vc_column-inner vc_custom_1497864611596\"><div class=\"wpb_wrapper\">\n\t\t<div id=\"wd-62cb3f207cad7\" class=\"title-wrapper wd-wpb wd-set-mb reset-last-child  wd-rs-62cb3f207cad7 wd-title-color-primary wd-title-style-default text-center vc_custom_1657487139542 wd-underline-colored\">\n\t\t\t\n\t\t\t<div class=\"liner-continer\">\n\t\t\t\t<h4 class=\"woodmart-title-container title  wd-font-weight- wd-fontsize-xxl\" >Schwarz<\/h4>\n\t\t\t\t\t\t\t<\/div>\n\t\t\t\n\t\t\t\t\t\t\t<div class=\"title-after_title reset-last-child  wd-fontsize-s\">Mattschwarzer Griff<br \/>\nModernes und trendiges Erscheinungsbild.<\/div>\n\t\t\t\n\t\t\t\n\t\t<\/div>\n\t\t\n\t\t<div class=\"vc_empty_space\"   style=\"height: 25px\"><span class=\"vc_empty_space_inner\"><\/span><\/div>\t\t<div id=\"gallery_641\" class=\"wd-images-gallery wd-wpb wd-rs-62cd6d9f3a792\" style=\"--wd-justify-content:center;--wd-align-items:center;\">\n\t\t\t\n\t\t\t<div class=\"wd-grid-g\" style=\"--wd-col-lg:1;--wd-col-md:1;--wd-col-sm:1;--wd-gap-lg:0px;\">\n\t\t\t\t\n\t\t\t\t\t\t\t\t\t\t\t\t\t\t\t<div class=\"wd-gallery-item wd-col\">\n\t\t\t\t\t\t\t\n\t\t\t\t\t\t\t\t<img loading=\"lazy\" decoding=\"async\" width=\"300\" height=\"300\" src=\"https:\/\/www.altag.nl\/wp-content\/uploads\/2022\/07\/handgreep-zwart-soorten-300x300.jpg\" class=\"wd-gallery-image image-1\" alt=\"Griff-Schwarz-Typen\" srcset=\"https:\/\/www.altag.nl\/wp-content\/uploads\/2022\/07\/handgreep-zwart-soorten-300x300.jpg 300w, https:\/\/www.altag.nl\/wp-content\/uploads\/2022\/07\/handgreep-zwart-soorten-430x430.jpg 430w, https:\/\/www.altag.nl\/wp-content\/uploads\/2022\/07\/handgreep-zwart-soorten-75x75.jpg 75w, https:\/\/www.altag.nl\/wp-content\/uploads\/2022\/07\/handgreep-zwart-soorten-700x700.jpg 700w, https:\/\/www.altag.nl\/wp-content\/uploads\/2022\/07\/handgreep-zwart-soorten-800x800.jpg 800w, https:\/\/www.altag.nl\/wp-content\/uploads\/2022\/07\/handgreep-zwart-soorten-150x150.jpg 150w, https:\/\/www.altag.nl\/wp-content\/uploads\/2022\/07\/handgreep-zwart-soorten-768x768.jpg 768w, https:\/\/www.altag.nl\/wp-content\/uploads\/2022\/07\/handgreep-zwart-soorten-860x860.jpg 860w, https:\/\/www.altag.nl\/wp-content\/uploads\/2022\/07\/handgreep-zwart-soorten-400x400.jpg 400w, https:\/\/www.altag.nl\/wp-content\/uploads\/2022\/07\/handgreep-zwart-soorten.jpg 1000w\" sizes=\"auto, (max-width: 300px) 100vw, 300px\" \/>\n\t\t\t\t\t\t\t\t\t\t\t\t\t\t<\/div>\n\t\t\t\t\t\t\t\t\t\n\t\t\t\t\t\t\t<\/div>\n\n\t\t\t\t\t<\/div>\n\t\t<\/div><\/div><\/div><div class=\"wpb_column vc_column_container vc_col-sm-4\"><div class=\"vc_column-inner vc_custom_1497864617187\"><div class=\"wpb_wrapper\">\n\t\t<div id=\"wd-62cb4fd3970c9\" class=\"title-wrapper wd-wpb wd-set-mb reset-last-child  wd-rs-62cb4fd3970c9 wd-title-color-primary wd-title-style-default text-center vc_custom_1657491419442 wd-underline-colored\">\n\t\t\t\n\t\t\t<div class=\"liner-continer\">\n\t\t\t\t<h4 class=\"woodmart-title-container title  wd-font-weight- wd-fontsize-xxl\" >Gold<\/h4>\n\t\t\t\t\t\t\t<\/div>\n\t\t\t\n\t\t\t\t\t\t\t<div class=\"title-after_title reset-last-child  wd-fontsize-s\">Mattgoldener Griff<br \/>\nLuxuri\u00f6ses und elegantes Erscheinungsbild.<\/div>\n\t\t\t\n\t\t\t\n\t\t<\/div>\n\t\t\n\t\t<div class=\"vc_empty_space\"   style=\"height: 25px\"><span class=\"vc_empty_space_inner\"><\/span><\/div>\t\t<div id=\"gallery_575\" class=\"wd-images-gallery wd-wpb wd-rs-62cd6d96ad059\" style=\"--wd-justify-content:center;--wd-align-items:center;\">\n\t\t\t\n\t\t\t<div class=\"wd-grid-g\" style=\"--wd-col-lg:1;--wd-col-md:1;--wd-col-sm:1;--wd-gap-lg:0px;\">\n\t\t\t\t\n\t\t\t\t\t\t\t\t\t\t\t\t\t\t\t<div class=\"wd-gallery-item wd-col\">\n\t\t\t\t\t\t\t\t\t\t\t\t\t\t<a href=\"\/de\/produkt\/heide-gold\/\" data-elementor-open-lightbox=\"no\" data-index=\"1\" data-width=\"1000\" data-height=\"1000\" \n\t\t\t\t\t\t\t\t\t\t\t\t\t\t\t\t\t\t\t\t>\n\t\t\t\t\t\t\t\t\n\t\t\t\t\t\t\t\t<img loading=\"lazy\" decoding=\"async\" width=\"300\" height=\"300\" src=\"https:\/\/www.altag.nl\/wp-content\/uploads\/2022\/07\/Handgreep-goud-rond-300x300.jpg\" class=\"wd-gallery-image image-1\" alt=\"Griff gold rund\" srcset=\"https:\/\/www.altag.nl\/wp-content\/uploads\/2022\/07\/Handgreep-goud-rond-300x300.jpg 300w, https:\/\/www.altag.nl\/wp-content\/uploads\/2022\/07\/Handgreep-goud-rond-430x430.jpg 430w, https:\/\/www.altag.nl\/wp-content\/uploads\/2022\/07\/Handgreep-goud-rond-75x75.jpg 75w, https:\/\/www.altag.nl\/wp-content\/uploads\/2022\/07\/Handgreep-goud-rond-700x700.jpg 700w, https:\/\/www.altag.nl\/wp-content\/uploads\/2022\/07\/Handgreep-goud-rond-800x800.jpg 800w, https:\/\/www.altag.nl\/wp-content\/uploads\/2022\/07\/Handgreep-goud-rond-150x150.jpg 150w, https:\/\/www.altag.nl\/wp-content\/uploads\/2022\/07\/Handgreep-goud-rond-768x768.jpg 768w, https:\/\/www.altag.nl\/wp-content\/uploads\/2022\/07\/Handgreep-goud-rond-860x860.jpg 860w, https:\/\/www.altag.nl\/wp-content\/uploads\/2022\/07\/Handgreep-goud-rond-400x400.jpg 400w, https:\/\/www.altag.nl\/wp-content\/uploads\/2022\/07\/Handgreep-goud-rond.jpg 1000w\" sizes=\"auto, (max-width: 300px) 100vw, 300px\" \/>\n\t\t\t\t\t\t\t\t\t\t\t\t\t\t\t<\/a>\n\t\t\t\t\t\t\t\t\t\t\t\t<\/div>\n\t\t\t\t\t\t\t\t\t\n\t\t\t\t\t\t\t<\/div>\n\n\t\t\t\t\t<\/div>\n\t\t<\/div><\/div><\/div><div class=\"wpb_column vc_column_container vc_col-sm-4\"><div class=\"vc_column-inner vc_custom_1497864622411\"><div class=\"wpb_wrapper\">\n\t\t<div id=\"wd-62cb4fa7d752e\" class=\"title-wrapper wd-wpb wd-set-mb reset-last-child  wd-rs-62cb4fa7d752e wd-title-color-primary wd-title-style-default text-center vc_custom_1657491385809 wd-underline-colored\">\n\t\t\t\n\t\t\t<div class=\"liner-continer\">\n\t\t\t\t<h4 class=\"woodmart-title-container title  wd-font-weight- wd-fontsize-xxl\" >Silber<\/h4>\n\t\t\t\t\t\t\t<\/div>\n\t\t\t\n\t\t\t\t\t\t\t<div class=\"title-after_title reset-last-child  wd-fontsize-s\">Mattsilberner Griff<br \/>\nSchicker und moderner Look.<\/div>\n\t\t\t\n\t\t\t\n\t\t<\/div>\n\t\t\n\t\t<div class=\"vc_empty_space\"   style=\"height: 25px\"><span class=\"vc_empty_space_inner\"><\/span><\/div>\t\t<div id=\"gallery_321\" class=\"wd-images-gallery wd-wpb wd-rs-62cc5e1fe8c23\" style=\"--wd-justify-content:center;--wd-align-items:center;\">\n\t\t\t\n\t\t\t<div class=\"wd-grid-g\" style=\"--wd-col-lg:1;--wd-col-md:1;--wd-col-sm:1;--wd-gap-lg:0px;\">\n\t\t\t\t\n\t\t\t\t\t\t\t\t\t\t\t\t\t\t\t<div class=\"wd-gallery-item wd-col\">\n\t\t\t\t\t\t\t\t\t\t\t\t\t\t<a href=\"\/de\/produkt\/heide-silber\/\" data-elementor-open-lightbox=\"no\" data-index=\"1\" data-width=\"1200\" data-height=\"1124\" \n\t\t\t\t\t\t\t\t\t\t\t\t\t\t\t\t\t\t\t\t>\n\t\t\t\t\t\t\t\t\n\t\t\t\t\t\t\t\t<img loading=\"lazy\" decoding=\"async\" width=\"320\" height=\"300\" src=\"https:\/\/www.altag.nl\/wp-content\/uploads\/2022\/07\/handgreep-RVS-Zilver-soorten-320x300.jpg\" class=\"wd-gallery-image image-1\" alt=\"Griff Edelstahl Silber - Typen\" srcset=\"https:\/\/www.altag.nl\/wp-content\/uploads\/2022\/07\/handgreep-RVS-Zilver-soorten-320x300.jpg 320w, https:\/\/www.altag.nl\/wp-content\/uploads\/2022\/07\/handgreep-RVS-Zilver-soorten-430x403.jpg 430w, https:\/\/www.altag.nl\/wp-content\/uploads\/2022\/07\/handgreep-RVS-Zilver-soorten-75x70.jpg 75w, https:\/\/www.altag.nl\/wp-content\/uploads\/2022\/07\/handgreep-RVS-Zilver-soorten-700x656.jpg 700w, https:\/\/www.altag.nl\/wp-content\/uploads\/2022\/07\/handgreep-RVS-Zilver-soorten-854x800.jpg 854w, https:\/\/www.altag.nl\/wp-content\/uploads\/2022\/07\/handgreep-RVS-Zilver-soorten-768x719.jpg 768w, https:\/\/www.altag.nl\/wp-content\/uploads\/2022\/07\/handgreep-RVS-Zilver-soorten-860x806.jpg 860w, https:\/\/www.altag.nl\/wp-content\/uploads\/2022\/07\/handgreep-RVS-Zilver-soorten-150x141.jpg 150w, https:\/\/www.altag.nl\/wp-content\/uploads\/2022\/07\/handgreep-RVS-Zilver-soorten.jpg 1200w\" sizes=\"auto, (max-width: 320px) 100vw, 320px\" \/>\n\t\t\t\t\t\t\t\t\t\t\t\t\t\t\t<\/a>\n\t\t\t\t\t\t\t\t\t\t\t\t<\/div>\n\t\t\t\t\t\t\t\t\t\n\t\t\t\t\t\t\t<\/div>\n\n\t\t\t\t\t<\/div>\n\t\t<\/div><\/div><\/div><\/div><div class=\"vc_row wpb_row vc_row-fluid\"><div class=\"wpb_column vc_column_container vc_col-sm-12\"><div class=\"vc_column-inner\"><div class=\"wpb_wrapper\"><div class=\"vc_separator wpb_content_element vc_separator_align_center vc_sep_width_100 vc_sep_pos_align_center vc_separator_no_text vc_sep_color_grey\" ><span class=\"vc_sep_holder vc_sep_holder_l\"><span class=\"vc_sep_line\"><\/span><\/span><span class=\"vc_sep_holder vc_sep_holder_r\"><span class=\"vc_sep_line\"><\/span><\/span>\n<\/div><\/div><\/div><\/div><\/div><div class=\"vc_row wpb_row vc_row-fluid\"><div class=\"wpb_column vc_column_container vc_col-sm-6\"><div class=\"vc_column-inner\"><div class=\"wpb_wrapper\">\n\t\t<div id=\"wd-605f446f0a20a\" class=\"title-wrapper wd-wpb wd-set-mb reset-last-child  wd-rs-605f446f0a20a wd-title-color-default wd-title-style-default text-left vc_custom_1616856174702 wd-underline-colored\">\n\t\t\t\n\t\t\t<div class=\"liner-continer\">\n\t\t\t\t<h4 class=\"woodmart-title-container title  wd-font-weight- wd-fontsize-m\" ><strong>Vorteile<\/strong><\/h4>\n\t\t\t\t\t\t\t<\/div>\n\t\t\t\n\t\t\t\n\t\t\t\n\t\t<\/div>\n\t\t\n\t\t\n\t<div class=\"wpb_text_column wpb_content_element\" >\n\t\t<div class=\"wpb_wrapper\">\n\t\t\t<p><strong>Sch\u00f6nes Design, v\u00f6llig neuer Look:<\/strong><br \/>\nDank unseres breiten Sortiments bieten wir f\u00fcr jede Art von K\u00fcche oder Schrank den passenden Griff, variierend in verschiedenen Farben und L\u00e4ngen.<\/p>\n<p><strong>Rostfrei, lange Lebensdauer:<\/strong><br \/>\nAlle unsere Griffe sind aus Edelstahl gefertigt, sodass sie lange halten und nicht ausbleichen.<\/p>\n<p><strong>Bearbeiten:<\/strong><br \/>\nUnsere Griffe k\u00f6nnen mit den mitgelieferten Schrauben an verschiedenen Schr\u00e4nken montiert werden. Dies macht die Installation sehr einfach!<\/p>\n<p>Die Griffe sind in verschiedenen Standardgr\u00f6\u00dfen erh\u00e4ltlich. Den Achsabstand k\u00f6nnen Sie durch Ausmessen der beiden Bohrl\u00f6cher ermitteln. Dieser wird auch Bohrabstand genannt. Die Griffe k\u00f6nnen in den folgenden Achsabst\u00e4nden erworben werden: Knopf, 64 mm, 96 mm, 128 mm, 160 mm, 192 mm und 224 mm.<\/p>\n\n\t\t<\/div>\n\t<\/div>\n<\/div><\/div><\/div><div class=\"wpb_column vc_column_container vc_col-sm-6\"><div class=\"vc_column-inner\"><div class=\"wpb_wrapper\">\n\t\t<div id=\"wd-605f4432a0513\" class=\"title-wrapper wd-wpb wd-set-mb reset-last-child  wd-rs-605f4432a0513 wd-title-color-default wd-title-style-default text-left vc_custom_1616856125128 wd-underline-colored\">\n\t\t\t\n\t\t\t<div class=\"liner-continer\">\n\t\t\t\t<h4 class=\"woodmart-title-container title  wd-font-weight- wd-fontsize-m\" ><strong>Packungsinhalt<\/strong><\/h4>\n\t\t\t\t\t\t\t<\/div>\n\t\t\t\n\t\t\t\n\t\t\t\n\t\t<\/div>\n\t\t\n\t\t\n\t<div class=\"wpb_text_column wpb_content_element\" >\n\t\t<div class=\"wpb_wrapper\">\n\t\t\t<p>\u2022 Griff schwarz<br \/>\n\u2022 Befestigungsmaterial: Schrauben<\/p>\n\n\t\t<\/div>\n\t<\/div>\n<\/div><\/div><\/div><\/div>\n<\/div>","protected":false},"excerpt":{"rendered":"<p>Dank unseres breiten Sortiments bieten wir f\u00fcr jede Art von K\u00fcche, Schrank oder Schublade den passenden Griff, variierend in verschiedenen Farben und L\u00e4ngen. Alle unsere Griffe bestehen aus verblasstem Edelstahl, sodass sie lange halten und nicht ausbleichen. Die Griffe k\u00f6nnen mit den mitgelieferten Schrauben an verschiedenen Schr\u00e4nken montiert werden. Dies macht die Installation sehr einfach! Die Griffe sind in verschiedenen Standardgr\u00f6\u00dfen erh\u00e4ltlich. Den Achsabstand k\u00f6nnen Sie durch Ausmessen der beiden Bohrl\u00f6cher ermitteln. Dieser wird auch Bohrabstand genannt. Die Griffe k\u00f6nnen in folgenden Achsabst\u00e4nden erworben werden: Knauf, 64 mm, 96 mm, 128 mm, 160 mm, 192 mm, 224 mm und 320 mm.<\/p>","protected":false},"featured_media":8745,"template":"","meta":[],"product_brand":[],"product_cat":[242],"product_tag":[],"class_list":{"0":"post-8681","1":"product","2":"type-product","3":"status-publish","4":"has-post-thumbnail","6":"product_cat-handgrepen","8":"first","9":"instock","10":"sale","11":"taxable","12":"shipping-taxable","13":"purchasable","14":"product-type-variable"},"yoast_head":"<!-- This site is optimized with the Yoast SEO plugin v27.4 - https:\/\/yoast.com\/product\/yoast-seo-wordpress\/ -->\n<title>Handgreep Rond Zwart<\/title>\n<meta name=\"description\" content=\"Handgreep Rond Zwart nodig? Verkrijgbaar in diverse vormen, kleuren en maten. \u2713Morgen in huis \u2713Gratis verzending \u2713Achteraf betalen\" \/>\n<meta name=\"robots\" content=\"index, follow, max-snippet:-1, max-image-preview:large, max-video-preview:-1\" \/>\n<link rel=\"canonical\" href=\"https:\/\/www.altag.nl\/de\/produkt\/heide-schwarz\/\" \/>\n<meta property=\"og:locale\" content=\"de_DE\" \/>\n<meta property=\"og:type\" content=\"article\" \/>\n<meta property=\"og:title\" content=\"Handgreep Rond Zwart\" \/>\n<meta property=\"og:description\" content=\"Handgreep Rond Zwart nodig? Verkrijgbaar in diverse vormen, kleuren en maten. \u2713Morgen in huis \u2713Gratis verzending \u2713Achteraf betalen\" \/>\n<meta property=\"og:url\" content=\"https:\/\/www.altag.nl\/de\/produkt\/heide-schwarz\/\" \/>\n<meta property=\"og:site_name\" content=\"ALTAG\" \/>\n<meta property=\"article:modified_time\" content=\"2025-12-03T09:37:49+00:00\" \/>\n<meta property=\"og:image\" content=\"https:\/\/www.altag.nl\/wp-content\/uploads\/2022\/07\/handgreep-zwart-soorten.jpg\" \/>\n\t<meta property=\"og:image:width\" content=\"1000\" \/>\n\t<meta property=\"og:image:height\" content=\"1000\" \/>\n\t<meta property=\"og:image:type\" content=\"image\/jpeg\" \/>\n<meta name=\"twitter:card\" content=\"summary_large_image\" \/>\n<meta name=\"twitter:label1\" content=\"Gesch\u00e4tzte Lesezeit\" \/>\n\t<meta name=\"twitter:data1\" content=\"2\u00a0Minuten\" \/>\n<script type=\"application\/ld+json\" class=\"yoast-schema-graph\">{\"@context\":\"https:\\\/\\\/schema.org\",\"@graph\":[{\"@type\":[\"WebPage\",\"ItemPage\"],\"@id\":\"https:\\\/\\\/www.altag.nl\\\/product\\\/heide-zwart\\\/\",\"url\":\"https:\\\/\\\/www.altag.nl\\\/product\\\/heide-zwart\\\/\",\"name\":\"Handgreep Rond Zwart\",\"isPartOf\":{\"@id\":\"https:\\\/\\\/www.altag.nl\\\/#website\"},\"primaryImageOfPage\":{\"@id\":\"https:\\\/\\\/www.altag.nl\\\/product\\\/heide-zwart\\\/#primaryimage\"},\"image\":{\"@id\":\"https:\\\/\\\/www.altag.nl\\\/product\\\/heide-zwart\\\/#primaryimage\"},\"thumbnailUrl\":\"https:\\\/\\\/www.altag.nl\\\/wp-content\\\/uploads\\\/2022\\\/07\\\/handgreep-zwart-soorten.jpg\",\"datePublished\":\"2022-07-11T15:14:32+00:00\",\"dateModified\":\"2025-12-03T09:37:49+00:00\",\"description\":\"Handgreep Rond Zwart nodig? Verkrijgbaar in diverse vormen, kleuren en maten. \u2713Morgen in huis \u2713Gratis verzending \u2713Achteraf betalen\",\"breadcrumb\":{\"@id\":\"https:\\\/\\\/www.altag.nl\\\/product\\\/heide-zwart\\\/#breadcrumb\"},\"inLanguage\":\"de\",\"potentialAction\":[{\"@type\":\"ReadAction\",\"target\":[\"https:\\\/\\\/www.altag.nl\\\/product\\\/heide-zwart\\\/\"]}]},{\"@type\":\"ImageObject\",\"inLanguage\":\"de\",\"@id\":\"https:\\\/\\\/www.altag.nl\\\/product\\\/heide-zwart\\\/#primaryimage\",\"url\":\"https:\\\/\\\/www.altag.nl\\\/wp-content\\\/uploads\\\/2022\\\/07\\\/handgreep-zwart-soorten.jpg\",\"contentUrl\":\"https:\\\/\\\/www.altag.nl\\\/wp-content\\\/uploads\\\/2022\\\/07\\\/handgreep-zwart-soorten.jpg\",\"width\":1000,\"height\":1000,\"caption\":\"handgreep-zwart-soorten\"},{\"@type\":\"BreadcrumbList\",\"@id\":\"https:\\\/\\\/www.altag.nl\\\/product\\\/heide-zwart\\\/#breadcrumb\",\"itemListElement\":[{\"@type\":\"ListItem\",\"position\":1,\"name\":\"Home\",\"item\":\"https:\\\/\\\/www.altag.nl\\\/\"},{\"@type\":\"ListItem\",\"position\":2,\"name\":\"Ons assortiment\",\"item\":\"https:\\\/\\\/www.altag.nl\\\/shop\\\/\"},{\"@type\":\"ListItem\",\"position\":3,\"name\":\"Heide Zwart\"}]},{\"@type\":\"WebSite\",\"@id\":\"https:\\\/\\\/www.altag.nl\\\/#website\",\"url\":\"https:\\\/\\\/www.altag.nl\\\/\",\"name\":\"ALTAG\",\"description\":\"Moderne Huisnummers\",\"publisher\":{\"@id\":\"https:\\\/\\\/www.altag.nl\\\/#organization\"},\"potentialAction\":[{\"@type\":\"SearchAction\",\"target\":{\"@type\":\"EntryPoint\",\"urlTemplate\":\"https:\\\/\\\/www.altag.nl\\\/?s={search_term_string}\"},\"query-input\":{\"@type\":\"PropertyValueSpecification\",\"valueRequired\":true,\"valueName\":\"search_term_string\"}}],\"inLanguage\":\"de\"},{\"@type\":\"Organization\",\"@id\":\"https:\\\/\\\/www.altag.nl\\\/#organization\",\"name\":\"Altag\",\"url\":\"https:\\\/\\\/www.altag.nl\\\/\",\"logo\":{\"@type\":\"ImageObject\",\"inLanguage\":\"de\",\"@id\":\"https:\\\/\\\/www.altag.nl\\\/#\\\/schema\\\/logo\\\/image\\\/\",\"url\":\"https:\\\/\\\/www.altag.nl\\\/wp-content\\\/uploads\\\/2022\\\/10\\\/cropped-favicon-altag.png\",\"contentUrl\":\"https:\\\/\\\/www.altag.nl\\\/wp-content\\\/uploads\\\/2022\\\/10\\\/cropped-favicon-altag.png\",\"width\":512,\"height\":512,\"caption\":\"Altag\"},\"image\":{\"@id\":\"https:\\\/\\\/www.altag.nl\\\/#\\\/schema\\\/logo\\\/image\\\/\"}}]}<\/script>\n<!-- \/ Yoast SEO plugin. -->","yoast_head_json":{"title":"Griff rund schwarz","description":"Ben\u00f6tigen Sie einen runden schwarzen Griff? Erh\u00e4ltlich in verschiedenen Formen, Farben und Gr\u00f6\u00dfen. \u2713Morgen geliefert \u2713Kostenloser Versand \u2713Anschlie\u00dfend bezahlen","robots":{"index":"index","follow":"follow","max-snippet":"max-snippet:-1","max-image-preview":"max-image-preview:large","max-video-preview":"max-video-preview:-1"},"canonical":"https:\/\/www.altag.nl\/de\/produkt\/heide-schwarz\/","og_locale":"de_DE","og_type":"article","og_title":"Handgreep Rond Zwart","og_description":"Handgreep Rond Zwart nodig? Verkrijgbaar in diverse vormen, kleuren en maten. \u2713Morgen in huis \u2713Gratis verzending \u2713Achteraf betalen","og_url":"https:\/\/www.altag.nl\/de\/produkt\/heide-schwarz\/","og_site_name":"ALTAG","article_modified_time":"2025-12-03T09:37:49+00:00","og_image":[{"width":1000,"height":1000,"url":"https:\/\/www.altag.nl\/wp-content\/uploads\/2022\/07\/handgreep-zwart-soorten.jpg","type":"image\/jpeg"}],"twitter_card":"summary_large_image","twitter_misc":{"Gesch\u00e4tzte Lesezeit":"2\u00a0Minuten"},"schema":{"@context":"https:\/\/schema.org","@graph":[{"@type":["WebPage","ItemPage"],"@id":"https:\/\/www.altag.nl\/product\/heide-zwart\/","url":"https:\/\/www.altag.nl\/product\/heide-zwart\/","name":"Griff rund schwarz","isPartOf":{"@id":"https:\/\/www.altag.nl\/#website"},"primaryImageOfPage":{"@id":"https:\/\/www.altag.nl\/product\/heide-zwart\/#primaryimage"},"image":{"@id":"https:\/\/www.altag.nl\/product\/heide-zwart\/#primaryimage"},"thumbnailUrl":"https:\/\/www.altag.nl\/wp-content\/uploads\/2022\/07\/handgreep-zwart-soorten.jpg","datePublished":"2022-07-11T15:14:32+00:00","dateModified":"2025-12-03T09:37:49+00:00","description":"Ben\u00f6tigen Sie einen runden schwarzen Griff? Erh\u00e4ltlich in verschiedenen Formen, Farben und Gr\u00f6\u00dfen. \u2713Morgen geliefert \u2713Kostenloser Versand \u2713Anschlie\u00dfend bezahlen","breadcrumb":{"@id":"https:\/\/www.altag.nl\/product\/heide-zwart\/#breadcrumb"},"inLanguage":"de","potentialAction":[{"@type":"ReadAction","target":["https:\/\/www.altag.nl\/product\/heide-zwart\/"]}]},{"@type":"ImageObject","inLanguage":"de","@id":"https:\/\/www.altag.nl\/product\/heide-zwart\/#primaryimage","url":"https:\/\/www.altag.nl\/wp-content\/uploads\/2022\/07\/handgreep-zwart-soorten.jpg","contentUrl":"https:\/\/www.altag.nl\/wp-content\/uploads\/2022\/07\/handgreep-zwart-soorten.jpg","width":1000,"height":1000,"caption":"handgreep-zwart-soorten"},{"@type":"BreadcrumbList","@id":"https:\/\/www.altag.nl\/product\/heide-zwart\/#breadcrumb","itemListElement":[{"@type":"ListItem","position":1,"name":"Home","item":"https:\/\/www.altag.nl\/"},{"@type":"ListItem","position":2,"name":"Ons assortiment","item":"https:\/\/www.altag.nl\/shop\/"},{"@type":"ListItem","position":3,"name":"Heide Zwart"}]},{"@type":"WebSite","@id":"https:\/\/www.altag.nl\/#website","url":"https:\/\/www.altag.nl\/","name":"ALTAG","description":"Moderne Hausnummern","publisher":{"@id":"https:\/\/www.altag.nl\/#organization"},"potentialAction":[{"@type":"SearchAction","target":{"@type":"EntryPoint","urlTemplate":"https:\/\/www.altag.nl\/?s={search_term_string}"},"query-input":{"@type":"PropertyValueSpecification","valueRequired":true,"valueName":"search_term_string"}}],"inLanguage":"de"},{"@type":"Organization","@id":"https:\/\/www.altag.nl\/#organization","name":"Altag","url":"https:\/\/www.altag.nl\/","logo":{"@type":"ImageObject","inLanguage":"de","@id":"https:\/\/www.altag.nl\/#\/schema\/logo\/image\/","url":"https:\/\/www.altag.nl\/wp-content\/uploads\/2022\/10\/cropped-favicon-altag.png","contentUrl":"https:\/\/www.altag.nl\/wp-content\/uploads\/2022\/10\/cropped-favicon-altag.png","width":512,"height":512,"caption":"Altag"},"image":{"@id":"https:\/\/www.altag.nl\/#\/schema\/logo\/image\/"}}]}},"_links":{"self":[{"href":"https:\/\/www.altag.nl\/de\/wp-json\/wp\/v2\/product\/8681","targetHints":{"allow":["GET"]}}],"collection":[{"href":"https:\/\/www.altag.nl\/de\/wp-json\/wp\/v2\/product"}],"about":[{"href":"https:\/\/www.altag.nl\/de\/wp-json\/wp\/v2\/types\/product"}],"wp:featuredmedia":[{"embeddable":true,"href":"https:\/\/www.altag.nl\/de\/wp-json\/wp\/v2\/media\/8745"}],"wp:attachment":[{"href":"https:\/\/www.altag.nl\/de\/wp-json\/wp\/v2\/media?parent=8681"}],"wp:term":[{"taxonomy":"product_brand","embeddable":true,"href":"https:\/\/www.altag.nl\/de\/wp-json\/wp\/v2\/product_brand?post=8681"},{"taxonomy":"product_cat","embeddable":true,"href":"https:\/\/www.altag.nl\/de\/wp-json\/wp\/v2\/product_cat?post=8681"},{"taxonomy":"product_tag","embeddable":true,"href":"https:\/\/www.altag.nl\/de\/wp-json\/wp\/v2\/product_tag?post=8681"}],"curies":[{"name":"wp","href":"https:\/\/api.w.org\/{rel}","templated":true}]}}