{"id":8309,"date":"2022-04-04T18:11:43","date_gmt":"2022-04-04T17:11:43","guid":{"rendered":"https:\/\/www.altag.nl\/?post_type=product&#038;p=8309"},"modified":"2025-11-01T17:15:04","modified_gmt":"2025-11-01T16:15:04","slug":"wijher-schwarz-30-cm","status":"publish","type":"product","link":"https:\/\/www.altag.nl\/de\/produkt\/wijher-schwarz-30-cm\/","title":{"rendered":"Wijher Schwarz 30 cm"},"content":{"rendered":"<div class=\"wpb-content-wrapper\"><section data-vc-full-width=\"true\" data-vc-full-width-temp=\"true\" data-vc-full-width-init=\"false\" class=\"vc_section vc_custom_1497864350266 vc_section-has-fill wd-row-gradient-enable\"><div class=\"woodmart-row-gradient wd-fill\" style=\"background-image:radial-gradient(ellipse at center center, rgba(255, 255, 255, 0) 15%, rgba(0, 0, 0, 0.07) 100%);\"><\/div><div class=\"vc_row wpb_row vc_row-fluid vc_row-o-content-middle vc_row-flex\"><div class=\"wpb_column vc_column_container vc_col-sm-6\"><div class=\"vc_column-inner vc_custom_1497883959176\"><div class=\"wpb_wrapper\"><h5 style=\"font-size: 18px;color: #777777;text-align: center\" class=\"vc_custom_heading vc_do_custom_heading visible-lg vc_custom_1645188580764\" >Erstklassiges Erscheinungsbild<\/h5>\n\t\t<div id=\"wd-625ebb11c9545\" class=\"title-wrapper wd-wpb wd-set-mb reset-last-child  wd-rs-625ebb11c9545 wd-title-color-primary wd-title-style-default text-center vc_custom_1650375446770 wd-width-enabled wd-underline-colored\" style=\"--wd-max-width: 90%;\">\n\t\t\t\n\t\t\t<div class=\"liner-continer\">\n\t\t\t\t<h4 class=\"woodmart-title-container title  wd-font-weight- wd-fontsize-xxxl\" >Modernes Schwarz<\/h4>\n\t\t\t\t\t\t\t<\/div>\n\t\t\t\n\t\t\t\n\t\t\t\n\t\t<\/div>\n\t\t\n\t\t<\/div><\/div><\/div><div class=\"wpb_column text-center vc_column_container vc_col-sm-6\"><div class=\"vc_column-inner\"><div class=\"wpb_wrapper\">\n\t\t<div id=\"wd-605c74afe6fc8\" class=\"title-wrapper wd-wpb wd-set-mb reset-last-child  wd-rs-605c74afe6fc8 wd-title-color-default wd-title-style-underlined text-left vc_custom_1616671930666 wd-underline-colored\">\n\t\t\t\n\t\t\t<div class=\"liner-continer\">\n\t\t\t\t<h4 class=\"woodmart-title-container title  wd-font-weight- wd-fontsize-l\" >Spezifikationen<\/h4>\n\t\t\t\t\t\t\t<\/div>\n\t\t\t\n\t\t\t\n\t\t\t\n\t\t<\/div>\n\t\t\n\t\t\n\t<div class=\"wpb_text_column wpb_content_element vc_custom_1649092344623\" >\n\t\t<div class=\"wpb_wrapper\">\n\t\t\t<table>\n<tbody>\n<tr>\n<th>Sammlung<\/th>\n<td>Wijher<\/td>\n<\/tr>\n<tr>\n<th>Farbe:<\/th>\n<td>Schwarz<\/td>\n<\/tr>\n<tr>\n<th>Material:<\/th>\n<td>Edelstahl (304)<\/td>\n<\/tr>\n<tr>\n<th>Bearbeiten:<\/th>\n<td>Schwebend<\/td>\n<\/tr>\n<tr>\n<th>H\u00f6he:<\/th>\n<td>30 cm<\/td>\n<\/tr>\n<tr>\n<th>Wandabstand:<\/th>\n<td>1 cm<\/td>\n<\/tr>\n<tr>\n<th>Garantie:<\/th>\n<td>1 Jahr<\/td>\n<\/tr>\n<\/tbody>\n<\/table>\n\n\t\t<\/div>\n\t<\/div>\n<\/div><\/div><\/div><\/div><div data-vc-full-width=\"true\" data-vc-full-width-temp=\"true\" data-vc-full-width-init=\"false\" data-vc-stretch-content=\"true\" class=\"vc_row wpb_row vc_row-fluid vc_row-no-padding\"><div class=\"wpb_column vc_column_container vc_col-sm-12\"><div class=\"vc_column-inner\"><div class=\"wpb_wrapper\">\t\t\t<div id=\"wd-69e4f427bc0bd\" class=\"wd-row-divider wd-69e4f427bc0bd dvr-position-bottom dvr-style-curved-line\">\n\t\t\t\t<svg xmlns=\"http:\/\/www.w3.org\/2000\/svg\" xmlns:xlink=\"http:\/\/www.w3.org\/1999\/xlink\" x=\"0px\" y=\"0px\"\n\t viewbox=\"0 0 100 100\" width=\"100%\" height=\"50px\" preserveaspectratio=\"none\">\n<path display=\"none\" d=\"M100,25.8V100H0V52.5c-4.9-6.8-9.5-13.8-15-19.7V101h125V20.9C106.3,22,103,23.7,100,25.8z\"\/>\n<path d=\"M100,100V0.8C77.8,21.4,71.3,70.5,38.6,70.5c-18.8,0-29.1-16.2-38.6-34V100H100z\"\/>\n<\/svg>\n\t\t\t\t\t\t\t<\/div>\n\t\t<\/div><\/div><\/div><\/div><div class=\"vc_row-full-width vc_clearfix\"><\/div><\/section><div class=\"vc_row-full-width vc_clearfix\"><\/div><div class=\"vc_row wpb_row vc_row-fluid\"><div class=\"wpb_column vc_column_container vc_col-sm-12\"><div class=\"vc_column-inner\"><div class=\"wpb_wrapper\"><div class=\"vc_separator wpb_content_element vc_separator_align_center vc_sep_width_100 vc_sep_pos_align_center vc_separator_no_text vc_sep_color_grey\" ><span class=\"vc_sep_holder vc_sep_holder_l\"><span class=\"vc_sep_line\"><\/span><\/span><span class=\"vc_sep_holder vc_sep_holder_r\"><span class=\"vc_sep_line\"><\/span><\/span>\n<\/div><\/div><\/div><\/div><\/div><div class=\"vc_row wpb_row vc_row-fluid\"><div class=\"wpb_column vc_column_container vc_col-sm-6\"><div class=\"vc_column-inner\"><div class=\"wpb_wrapper\">\n\t\t<div id=\"wd-66880c56d9f0a\" class=\"title-wrapper wd-wpb wd-set-mb reset-last-child  wd-rs-66880c56d9f0a wd-title-color-default wd-title-style-default text-left vc_custom_1720192092553 wd-underline-colored\">\n\t\t\t\n\t\t\t<div class=\"liner-continer\">\n\t\t\t\t<h4 class=\"woodmart-title-container title  wd-font-weight- wd-fontsize-m\" ><strong>Beschreibung<\/strong><\/h4>\n\t\t\t\t\t\t\t<\/div>\n\t\t\t\n\t\t\t\n\t\t\t\n\t\t<\/div>\n\t\t\n\t\t\n\t<div class=\"wpb_text_column wpb_content_element\" >\n\t\t<div class=\"wpb_wrapper\">\n\t\t\t<h5>Setzen Sie ein Statement mit der 30 cm gro\u00dfen schwarzen Hausnummer Wijher<\/h5>\n<p>M\u00f6chten Sie Ihrem Zuhause ein markantes und modernes Aussehen verleihen? Die schwarze 30-cm-Hausnummer Wijher ist genau das, was Sie brauchen! Diese stilvolle Hausnummer in modernem Schwarz und aus hochwertigem Edelstahl ist ein echter Hingucker. Dank der langlebigen Pulverbeschichtung bleibt die Farbe jahrelang sch\u00f6n und der Edelstahl bietet eine langlebige und rostfreie L\u00f6sung. Der Wijher Black von 30 cm verleiht jeder Fassade, vom Einfamilienhaus bis zur Luxusvilla, einen beeindruckenden und schicken letzten Schliff.<\/p>\n<h5>Markantes schwimmendes Reittier<\/h5>\n<p>Die schwarze 30-cm-Hausnummer Wijher bietet mehr als nur einen stilvollen Look. Mit der innovativen schwebenden Montagem\u00f6glichkeit kann die Hausnummer mit den F\u00fc\u00dfen auf der R\u00fcckseite ca. 1 cm von der Wand entfernt montiert werden. Dadurch entsteht ein moderner Schwebeeffekt, der die Hausnummer auch aus gro\u00dfer Entfernung gut sichtbar macht. Inklusive aller notwendigen Montagematerialien und einem detaillierten Installations-Schritt-f\u00fcr-Schritt-Plan ist die Installation schnell und einfach.<\/p>\n<h5>Variable Gr\u00f6\u00dfen f\u00fcr Ihren Stil<\/h5>\n<p>Neben der beeindruckenden 30-cm-Version des Wijher Black sind auch andere Gr\u00f6\u00dfen und Farben erh\u00e4ltlich. F\u00fcr einen dezenteren Look w\u00e4hlen Sie die 15-cm- oder 20-cm-Version. Ben\u00f6tigen Sie die Buchstaben A, B oder C? Diese sind in den Varianten 15 cm und 20 cm erh\u00e4ltlich und sorgen f\u00fcr eine tolle Optik.<\/p>\n\n\t\t<\/div>\n\t<\/div>\n<\/div><\/div><\/div><div class=\"wpb_column vc_column_container vc_col-sm-6\"><div class=\"vc_column-inner\"><div class=\"wpb_wrapper\">\n\t\t<div id=\"wd-605f4432a0513\" class=\"title-wrapper wd-wpb wd-set-mb reset-last-child  wd-rs-605f4432a0513 wd-title-color-default wd-title-style-default text-left vc_custom_1616856125128 wd-underline-colored\">\n\t\t\t\n\t\t\t<div class=\"liner-continer\">\n\t\t\t\t<h4 class=\"woodmart-title-container title  wd-font-weight- wd-fontsize-m\" ><strong>Packungsinhalt<\/strong><\/h4>\n\t\t\t\t\t\t\t<\/div>\n\t\t\t\n\t\t\t\n\t\t\t\n\t\t<\/div>\n\t\t\n\t\t\n\t<div class=\"wpb_text_column wpb_content_element\" >\n\t\t<div class=\"wpb_wrapper\">\n\t\t\t<p>\u2022 Hausnummer<br \/>\n\u2022 Handbuch<br \/>\n\u2022 Montagematerial: Schrauben &amp; D\u00fcbel<\/p>\n\n\t\t<\/div>\n\t<\/div>\n<\/div><\/div><\/div><\/div>\n<\/div>","protected":false},"excerpt":{"rendered":"<div class=\"group w-full text-gray-800 dark:text-gray-100 border-b border-black\/10 dark:border-gray-900\/50 bg-gray-50 dark:bg-[#444654]\">\n<div class=\"flex p-4 gap-4 text-base md:gap-6 md:max-w-2xl lg:max-w-[38rem] xl:max-w-3xl md:py-6 lg:px-0 m-auto\">\n<div class=\"relative flex w-[calc(100%-50px)] flex-col gap-1 md:gap-3 lg:w-[calc(100%-115px)]\">\n<div class=\"flex flex-grow flex-col gap-3\">\n<div class=\"min-h-[20px] flex flex-col items-start gap-4 whitespace-pre-wrap break-words\">\n<div class=\"markdown prose w-full break-words dark:prose-invert light\">\n<p>Ontdek onze diverse collectie moderne huisnummers in verschillende vormen en afmetingen, waaronder stijlvolle kleuren zoals zwart, goud, zilver, brons en koper. Geef jouw woning een unieke uitstraling met huisnummers die perfect passen bij jouw voorkeuren. Kies uit een scala aan stijlen om het ideale huisnummer te vinden dat bij jouw voordeur past. Verbeter de vindbaarheid van jouw huis met stijlvolle en functionele huisnummers. Bestel vandaag nog en geef jouw huis een vleugje persoonlijkheid en elegantie.<\/p>\n<\/div>\n<\/div>\n<\/div>\n<\/div>\n<\/div>\n<\/div>\n","protected":false},"featured_media":10799,"template":"","meta":[],"product_brand":[],"product_cat":[175],"product_tag":[226,210,241,220,222,207],"class_list":{"0":"post-8309","1":"product","2":"type-product","3":"status-publish","4":"has-post-thumbnail","6":"product_cat-huisnummers","7":"product_tag-30-cm","8":"product_tag-huisnummer","9":"product_tag-roestvrij-staal","10":"product_tag-rvs","11":"product_tag-wijher","12":"product_tag-zwart","14":"first","15":"instock","16":"sale","17":"taxable","18":"shipping-taxable","19":"purchasable","20":"product-type-variable","21":"has-default-attributes"},"yoast_head":"<!-- This site is optimized with the Yoast SEO plugin v27.4 - https:\/\/yoast.com\/product\/yoast-seo-wordpress\/ -->\n<title>Grote Huisnummer<\/title>\n<meta name=\"description\" content=\"Geef jouw woning een opvallende look met het Wijher Zwart huisnummer van 30 cm. Gemaakt van RVS. Gratis Verzending!\" \/>\n<meta name=\"robots\" content=\"index, follow, max-snippet:-1, max-image-preview:large, max-video-preview:-1\" \/>\n<link rel=\"canonical\" href=\"https:\/\/www.altag.nl\/de\/produkt\/wijher-schwarz-30-cm\/\" \/>\n<meta property=\"og:locale\" content=\"de_DE\" \/>\n<meta property=\"og:type\" content=\"article\" \/>\n<meta property=\"og:title\" content=\"Grote Huisnummer\" \/>\n<meta property=\"og:description\" content=\"Geef jouw woning een opvallende look met het Wijher Zwart huisnummer van 30 cm. Gemaakt van RVS. Gratis Verzending!\" \/>\n<meta property=\"og:url\" content=\"https:\/\/www.altag.nl\/de\/produkt\/wijher-schwarz-30-cm\/\" \/>\n<meta property=\"og:site_name\" content=\"ALTAG\" \/>\n<meta property=\"article:modified_time\" content=\"2025-11-01T16:15:04+00:00\" \/>\n<meta property=\"og:image\" content=\"https:\/\/www.altag.nl\/wp-content\/uploads\/2022\/04\/Grote-huisnummers-zwart-30-cm-Moderne-mat-zwarte-huisnummer.webp\" \/>\n\t<meta property=\"og:image:width\" content=\"1400\" \/>\n\t<meta property=\"og:image:height\" content=\"1400\" \/>\n\t<meta property=\"og:image:type\" content=\"image\/webp\" \/>\n<meta name=\"twitter:card\" content=\"summary_large_image\" \/>\n<meta name=\"twitter:label1\" content=\"Gesch\u00e4tzte Lesezeit\" \/>\n\t<meta name=\"twitter:data1\" content=\"2\u00a0Minuten\" \/>\n<script type=\"application\/ld+json\" class=\"yoast-schema-graph\">{\"@context\":\"https:\\\/\\\/schema.org\",\"@graph\":[{\"@type\":[\"WebPage\",\"ItemPage\"],\"@id\":\"https:\\\/\\\/www.altag.nl\\\/product\\\/wijher-zwart-30-cm\\\/\",\"url\":\"https:\\\/\\\/www.altag.nl\\\/product\\\/wijher-zwart-30-cm\\\/\",\"name\":\"Grote Huisnummer\",\"isPartOf\":{\"@id\":\"https:\\\/\\\/www.altag.nl\\\/#website\"},\"primaryImageOfPage\":{\"@id\":\"https:\\\/\\\/www.altag.nl\\\/product\\\/wijher-zwart-30-cm\\\/#primaryimage\"},\"image\":{\"@id\":\"https:\\\/\\\/www.altag.nl\\\/product\\\/wijher-zwart-30-cm\\\/#primaryimage\"},\"thumbnailUrl\":\"https:\\\/\\\/www.altag.nl\\\/wp-content\\\/uploads\\\/2022\\\/04\\\/Grote-huisnummers-zwart-30-cm-Moderne-mat-zwarte-huisnummer.webp\",\"datePublished\":\"2022-04-04T17:11:43+00:00\",\"dateModified\":\"2025-11-01T16:15:04+00:00\",\"description\":\"Geef jouw woning een opvallende look met het Wijher Zwart huisnummer van 30 cm. Gemaakt van RVS. Gratis Verzending!\",\"breadcrumb\":{\"@id\":\"https:\\\/\\\/www.altag.nl\\\/product\\\/wijher-zwart-30-cm\\\/#breadcrumb\"},\"inLanguage\":\"de\",\"potentialAction\":[{\"@type\":\"ReadAction\",\"target\":[\"https:\\\/\\\/www.altag.nl\\\/product\\\/wijher-zwart-30-cm\\\/\"]}]},{\"@type\":\"ImageObject\",\"inLanguage\":\"de\",\"@id\":\"https:\\\/\\\/www.altag.nl\\\/product\\\/wijher-zwart-30-cm\\\/#primaryimage\",\"url\":\"https:\\\/\\\/www.altag.nl\\\/wp-content\\\/uploads\\\/2022\\\/04\\\/Grote-huisnummers-zwart-30-cm-Moderne-mat-zwarte-huisnummer.webp\",\"contentUrl\":\"https:\\\/\\\/www.altag.nl\\\/wp-content\\\/uploads\\\/2022\\\/04\\\/Grote-huisnummers-zwart-30-cm-Moderne-mat-zwarte-huisnummer.webp\",\"width\":1400,\"height\":1400,\"caption\":\"Grote huisnummers zwart 30 cm - Moderne mat zwarte huisnummer\"},{\"@type\":\"BreadcrumbList\",\"@id\":\"https:\\\/\\\/www.altag.nl\\\/product\\\/wijher-zwart-30-cm\\\/#breadcrumb\",\"itemListElement\":[{\"@type\":\"ListItem\",\"position\":1,\"name\":\"Home\",\"item\":\"https:\\\/\\\/www.altag.nl\\\/\"},{\"@type\":\"ListItem\",\"position\":2,\"name\":\"Ons assortiment\",\"item\":\"https:\\\/\\\/www.altag.nl\\\/shop\\\/\"},{\"@type\":\"ListItem\",\"position\":3,\"name\":\"Wijher Zwart 30 cm\"}]},{\"@type\":\"WebSite\",\"@id\":\"https:\\\/\\\/www.altag.nl\\\/#website\",\"url\":\"https:\\\/\\\/www.altag.nl\\\/\",\"name\":\"ALTAG\",\"description\":\"Moderne Huisnummers\",\"publisher\":{\"@id\":\"https:\\\/\\\/www.altag.nl\\\/#organization\"},\"potentialAction\":[{\"@type\":\"SearchAction\",\"target\":{\"@type\":\"EntryPoint\",\"urlTemplate\":\"https:\\\/\\\/www.altag.nl\\\/?s={search_term_string}\"},\"query-input\":{\"@type\":\"PropertyValueSpecification\",\"valueRequired\":true,\"valueName\":\"search_term_string\"}}],\"inLanguage\":\"de\"},{\"@type\":\"Organization\",\"@id\":\"https:\\\/\\\/www.altag.nl\\\/#organization\",\"name\":\"Altag\",\"url\":\"https:\\\/\\\/www.altag.nl\\\/\",\"logo\":{\"@type\":\"ImageObject\",\"inLanguage\":\"de\",\"@id\":\"https:\\\/\\\/www.altag.nl\\\/#\\\/schema\\\/logo\\\/image\\\/\",\"url\":\"https:\\\/\\\/www.altag.nl\\\/wp-content\\\/uploads\\\/2022\\\/10\\\/cropped-favicon-altag.png\",\"contentUrl\":\"https:\\\/\\\/www.altag.nl\\\/wp-content\\\/uploads\\\/2022\\\/10\\\/cropped-favicon-altag.png\",\"width\":512,\"height\":512,\"caption\":\"Altag\"},\"image\":{\"@id\":\"https:\\\/\\\/www.altag.nl\\\/#\\\/schema\\\/logo\\\/image\\\/\"}}]}<\/script>\n<!-- \/ Yoast SEO plugin. -->","yoast_head_json":{"title":"Gro\u00dfe Hausnummer","description":"Verleihen Sie Ihrem Zuhause ein markantes Aussehen mit der 30 cm gro\u00dfen schwarzen Hausnummer Wijher. Aus Edelstahl. Kostenloser Versand!","robots":{"index":"index","follow":"follow","max-snippet":"max-snippet:-1","max-image-preview":"max-image-preview:large","max-video-preview":"max-video-preview:-1"},"canonical":"https:\/\/www.altag.nl\/de\/produkt\/wijher-schwarz-30-cm\/","og_locale":"de_DE","og_type":"article","og_title":"Grote Huisnummer","og_description":"Geef jouw woning een opvallende look met het Wijher Zwart huisnummer van 30 cm. Gemaakt van RVS. Gratis Verzending!","og_url":"https:\/\/www.altag.nl\/de\/produkt\/wijher-schwarz-30-cm\/","og_site_name":"ALTAG","article_modified_time":"2025-11-01T16:15:04+00:00","og_image":[{"width":1400,"height":1400,"url":"https:\/\/www.altag.nl\/wp-content\/uploads\/2022\/04\/Grote-huisnummers-zwart-30-cm-Moderne-mat-zwarte-huisnummer.webp","type":"image\/webp"}],"twitter_card":"summary_large_image","twitter_misc":{"Gesch\u00e4tzte Lesezeit":"2\u00a0Minuten"},"schema":{"@context":"https:\/\/schema.org","@graph":[{"@type":["WebPage","ItemPage"],"@id":"https:\/\/www.altag.nl\/product\/wijher-zwart-30-cm\/","url":"https:\/\/www.altag.nl\/product\/wijher-zwart-30-cm\/","name":"Gro\u00dfe Hausnummer","isPartOf":{"@id":"https:\/\/www.altag.nl\/#website"},"primaryImageOfPage":{"@id":"https:\/\/www.altag.nl\/product\/wijher-zwart-30-cm\/#primaryimage"},"image":{"@id":"https:\/\/www.altag.nl\/product\/wijher-zwart-30-cm\/#primaryimage"},"thumbnailUrl":"https:\/\/www.altag.nl\/wp-content\/uploads\/2022\/04\/Grote-huisnummers-zwart-30-cm-Moderne-mat-zwarte-huisnummer.webp","datePublished":"2022-04-04T17:11:43+00:00","dateModified":"2025-11-01T16:15:04+00:00","description":"Verleihen Sie Ihrem Zuhause ein markantes Aussehen mit der 30 cm gro\u00dfen schwarzen Hausnummer Wijher. Aus Edelstahl. Kostenloser Versand!","breadcrumb":{"@id":"https:\/\/www.altag.nl\/product\/wijher-zwart-30-cm\/#breadcrumb"},"inLanguage":"de","potentialAction":[{"@type":"ReadAction","target":["https:\/\/www.altag.nl\/product\/wijher-zwart-30-cm\/"]}]},{"@type":"ImageObject","inLanguage":"de","@id":"https:\/\/www.altag.nl\/product\/wijher-zwart-30-cm\/#primaryimage","url":"https:\/\/www.altag.nl\/wp-content\/uploads\/2022\/04\/Grote-huisnummers-zwart-30-cm-Moderne-mat-zwarte-huisnummer.webp","contentUrl":"https:\/\/www.altag.nl\/wp-content\/uploads\/2022\/04\/Grote-huisnummers-zwart-30-cm-Moderne-mat-zwarte-huisnummer.webp","width":1400,"height":1400,"caption":"Grote huisnummers zwart 30 cm - Moderne mat zwarte huisnummer"},{"@type":"BreadcrumbList","@id":"https:\/\/www.altag.nl\/product\/wijher-zwart-30-cm\/#breadcrumb","itemListElement":[{"@type":"ListItem","position":1,"name":"Home","item":"https:\/\/www.altag.nl\/"},{"@type":"ListItem","position":2,"name":"Ons assortiment","item":"https:\/\/www.altag.nl\/shop\/"},{"@type":"ListItem","position":3,"name":"Wijher Zwart 30 cm"}]},{"@type":"WebSite","@id":"https:\/\/www.altag.nl\/#website","url":"https:\/\/www.altag.nl\/","name":"ALTAG","description":"Moderne Hausnummern","publisher":{"@id":"https:\/\/www.altag.nl\/#organization"},"potentialAction":[{"@type":"SearchAction","target":{"@type":"EntryPoint","urlTemplate":"https:\/\/www.altag.nl\/?s={search_term_string}"},"query-input":{"@type":"PropertyValueSpecification","valueRequired":true,"valueName":"search_term_string"}}],"inLanguage":"de"},{"@type":"Organization","@id":"https:\/\/www.altag.nl\/#organization","name":"Altag","url":"https:\/\/www.altag.nl\/","logo":{"@type":"ImageObject","inLanguage":"de","@id":"https:\/\/www.altag.nl\/#\/schema\/logo\/image\/","url":"https:\/\/www.altag.nl\/wp-content\/uploads\/2022\/10\/cropped-favicon-altag.png","contentUrl":"https:\/\/www.altag.nl\/wp-content\/uploads\/2022\/10\/cropped-favicon-altag.png","width":512,"height":512,"caption":"Altag"},"image":{"@id":"https:\/\/www.altag.nl\/#\/schema\/logo\/image\/"}}]}},"_links":{"self":[{"href":"https:\/\/www.altag.nl\/de\/wp-json\/wp\/v2\/product\/8309","targetHints":{"allow":["GET"]}}],"collection":[{"href":"https:\/\/www.altag.nl\/de\/wp-json\/wp\/v2\/product"}],"about":[{"href":"https:\/\/www.altag.nl\/de\/wp-json\/wp\/v2\/types\/product"}],"wp:featuredmedia":[{"embeddable":true,"href":"https:\/\/www.altag.nl\/de\/wp-json\/wp\/v2\/media\/10799"}],"wp:attachment":[{"href":"https:\/\/www.altag.nl\/de\/wp-json\/wp\/v2\/media?parent=8309"}],"wp:term":[{"taxonomy":"product_brand","embeddable":true,"href":"https:\/\/www.altag.nl\/de\/wp-json\/wp\/v2\/product_brand?post=8309"},{"taxonomy":"product_cat","embeddable":true,"href":"https:\/\/www.altag.nl\/de\/wp-json\/wp\/v2\/product_cat?post=8309"},{"taxonomy":"product_tag","embeddable":true,"href":"https:\/\/www.altag.nl\/de\/wp-json\/wp\/v2\/product_tag?post=8309"}],"curies":[{"name":"wp","href":"https:\/\/api.w.org\/{rel}","templated":true}]}}