{"id":7547,"date":"2022-01-20T13:13:03","date_gmt":"2022-01-20T13:13:03","guid":{"rendered":"https:\/\/www.altag.nl\/?post_type=product&#038;p=7547"},"modified":"2025-12-19T10:47:31","modified_gmt":"2025-12-19T09:47:31","slug":"wijher-sort-20-cm","status":"publish","type":"product","link":"https:\/\/www.altag.nl\/da\/product\/wijher-sort-20-cm\/","title":{"rendered":"Wijher Sort 20 cm"},"content":{"rendered":"<div class=\"wpb-content-wrapper\"><section data-vc-full-width=\"true\" data-vc-full-width-temp=\"true\" data-vc-full-width-init=\"false\" class=\"vc_section vc_custom_1497864350266 vc_section-has-fill wd-row-gradient-enable\"><div class=\"woodmart-row-gradient wd-fill\" style=\"background-image:radial-gradient(ellipse at center center, rgba(255, 255, 255, 0) 15%, rgba(0, 0, 0, 0.07) 100%);\"><\/div><div class=\"vc_row wpb_row vc_row-fluid vc_row-o-content-middle vc_row-flex\"><div class=\"wpb_column vc_column_container vc_col-sm-6\"><div class=\"vc_column-inner vc_custom_1497883959176\"><div class=\"wpb_wrapper\"><h5 style=\"font-size: 18px;color: #777777;text-align: center\" class=\"vc_custom_heading vc_do_custom_heading visible-lg vc_custom_1645188580764\" >Premium udseende<\/h5>\n\t\t<div id=\"wd-620fe6365dfde\" class=\"title-wrapper wd-wpb wd-set-mb reset-last-child  wd-rs-620fe6365dfde wd-title-color-primary wd-title-style-default text-center vc_custom_1645209150788 wd-width-enabled wd-underline-colored\" style=\"--wd-max-width: 90%;\">\n\t\t\t\n\t\t\t<div class=\"liner-continer\">\n\t\t\t\t<h4 class=\"woodmart-title-container title  wd-font-weight- wd-fontsize-xxxl\" >Moderne sort<\/h4>\n\t\t\t\t\t\t\t<\/div>\n\t\t\t\n\t\t\t\t\t\t\t<div class=\"title-after_title reset-last-child  wd-fontsize-s\">Dette husnummer f\u00e5s i forskellige farver, s\u00e5som sort og s\u00f8lv.<\/div>\n\t\t\t\n\t\t\t\n\t\t<\/div>\n\t\t\n\t\t<\/div><\/div><\/div><div class=\"wpb_column text-center vc_column_container vc_col-sm-6\"><div class=\"vc_column-inner\"><div class=\"wpb_wrapper\">\n\t\t<div id=\"wd-605c74afe6fc8\" class=\"title-wrapper wd-wpb wd-set-mb reset-last-child  wd-rs-605c74afe6fc8 wd-title-color-default wd-title-style-underlined text-left vc_custom_1616671930666 wd-underline-colored\">\n\t\t\t\n\t\t\t<div class=\"liner-continer\">\n\t\t\t\t<h4 class=\"woodmart-title-container title  wd-font-weight- wd-fontsize-l\" >Specifikationer<\/h4>\n\t\t\t\t\t\t\t<\/div>\n\t\t\t\n\t\t\t\n\t\t\t\n\t\t<\/div>\n\t\t\n\t\t\n\t<div class=\"wpb_text_column wpb_content_element vc_custom_1645209112132\" >\n\t\t<div class=\"wpb_wrapper\">\n\t\t\t<table>\n<tbody>\n<tr>\n<th>Samling<\/th>\n<td>Wijher<\/td>\n<\/tr>\n<tr>\n<th>Farve:<\/th>\n<td>Sort<\/td>\n<\/tr>\n<tr>\n<th>Materiale:<\/th>\n<td>Rustfrit st\u00e5l (304)<\/td>\n<\/tr>\n<tr>\n<th>Forsamling:<\/th>\n<td>Flydende<\/td>\n<\/tr>\n<tr>\n<th>H\u00f8jde:<\/th>\n<td>20 cm<\/td>\n<\/tr>\n<tr>\n<th>V\u00e6gafstand:<\/th>\n<td>1 cm<\/td>\n<\/tr>\n<tr>\n<th>Garanti:<\/th>\n<td>1 \u00e5r<\/td>\n<\/tr>\n<\/tbody>\n<\/table>\n\n\t\t<\/div>\n\t<\/div>\n<\/div><\/div><\/div><\/div><div data-vc-full-width=\"true\" data-vc-full-width-temp=\"true\" data-vc-full-width-init=\"false\" data-vc-stretch-content=\"true\" class=\"vc_row wpb_row vc_row-fluid vc_row-no-padding\"><div class=\"wpb_column vc_column_container vc_col-sm-12\"><div class=\"vc_column-inner\"><div class=\"wpb_wrapper\">\t\t\t<div id=\"wd-69e4f3f92ed42\" class=\"wd-row-divider wd-69e4f3f92ed42 dvr-position-bottom dvr-style-curved-line\">\n\t\t\t\t<svg xmlns=\"http:\/\/www.w3.org\/2000\/svg\" xmlns:xlink=\"http:\/\/www.w3.org\/1999\/xlink\" x=\"0px\" y=\"0px\"\n\t viewbox=\"0 0 100 100\" width=\"100%\" height=\"50px\" preserveaspectratio=\"none\">\n<path display=\"none\" d=\"M100,25.8V100H0V52.5c-4.9-6.8-9.5-13.8-15-19.7V101h125V20.9C106.3,22,103,23.7,100,25.8z\"\/>\n<path d=\"M100,100V0.8C77.8,21.4,71.3,70.5,38.6,70.5c-18.8,0-29.1-16.2-38.6-34V100H100z\"\/>\n<\/svg>\n\t\t\t\t\t\t\t<\/div>\n\t\t<\/div><\/div><\/div><\/div><div class=\"vc_row-full-width vc_clearfix\"><\/div><\/section><div class=\"vc_row-full-width vc_clearfix\"><\/div><div class=\"vc_row wpb_row vc_row-fluid vc_custom_1497864642484\"><div class=\"wpb_column vc_column_container vc_col-sm-6\"><div class=\"vc_column-inner vc_custom_1497864611596\"><div class=\"wpb_wrapper\">\n\t\t<div id=\"wd-620f9b194f007\" class=\"title-wrapper wd-wpb wd-set-mb reset-last-child  wd-rs-620f9b194f007 wd-title-color-primary wd-title-style-default text-center vc_custom_1645189980507 wd-underline-colored\">\n\t\t\t\n\t\t\t<div class=\"liner-continer\">\n\t\t\t\t<h4 class=\"woodmart-title-container title  wd-font-weight- wd-fontsize-xxl\" >Sort<\/h4>\n\t\t\t\t\t\t\t<\/div>\n\t\t\t\n\t\t\t\t\t\t\t<div class=\"title-after_title reset-last-child  wd-fontsize-s\">Matsort husnummer<br \/>\nModerne og trendy udseende.<\/div>\n\t\t\t\n\t\t\t\n\t\t<\/div>\n\t\t\n\t\t<div class=\"vc_empty_space\"   style=\"height: 25px\"><span class=\"vc_empty_space_inner\"><\/span><\/div>\t\t<div id=\"gallery_583\" class=\"wd-images-gallery wd-wpb wd-rs-620fe61cad4cf\" style=\"--wd-justify-content:center;--wd-align-items:center;\">\n\t\t\t\n\t\t\t<div class=\"wd-grid-g\" style=\"--wd-col-lg:1;--wd-col-md:1;--wd-col-sm:1;--wd-gap-lg:0px;\">\n\t\t\t\t\n\t\t\t\t\t\t\t\t\t\t\t\t\t\t\t<div class=\"wd-gallery-item wd-col\">\n\t\t\t\t\t\t\t\n\t\t\t\t\t\t\t\t<img loading=\"lazy\" decoding=\"async\" width=\"228\" height=\"300\" src=\"https:\/\/www.altag.nl\/wp-content\/uploads\/2022\/01\/wijher-zwart5-228x300.jpg\" class=\"wd-gallery-image image-1\" alt=\"Wijher Husnummer Sort 15 cm rustfrit st\u00e5l - husnummer 5\" srcset=\"https:\/\/www.altag.nl\/wp-content\/uploads\/2022\/01\/wijher-zwart5-228x300.jpg 228w, https:\/\/www.altag.nl\/wp-content\/uploads\/2022\/01\/wijher-zwart5-430x567.jpg 430w, https:\/\/www.altag.nl\/wp-content\/uploads\/2022\/01\/wijher-zwart5-75x99.jpg 75w, https:\/\/www.altag.nl\/wp-content\/uploads\/2022\/01\/wijher-zwart5.jpg 607w\" sizes=\"auto, (max-width: 228px) 100vw, 228px\" \/>\n\t\t\t\t\t\t\t\t\t\t\t\t\t\t<\/div>\n\t\t\t\t\t\t\t\t\t\n\t\t\t\t\t\t\t<\/div>\n\n\t\t\t\t\t<\/div>\n\t\t<\/div><\/div><\/div><div class=\"wpb_column vc_column_container vc_col-sm-6\"><div class=\"vc_column-inner vc_custom_1497864622411\"><div class=\"wpb_wrapper\">\n\t\t<div id=\"wd-620fcd56c1a24\" class=\"title-wrapper wd-wpb wd-set-mb reset-last-child  wd-rs-620fcd56c1a24 wd-title-color-primary wd-title-style-default text-center vc_custom_1645203149284 wd-underline-colored\">\n\t\t\t\n\t\t\t<div class=\"liner-continer\">\n\t\t\t\t<h4 class=\"woodmart-title-container title  wd-font-weight- wd-fontsize-xxl\" >S\u00f8lv<\/h4>\n\t\t\t\t\t\t\t<\/div>\n\t\t\t\n\t\t\t\t\t\t\t<div class=\"title-after_title reset-last-child  wd-fontsize-s\">Husnummer i mat s\u00f8lv<br \/>\nKlassisk og robust udseende.<\/div>\n\t\t\t\n\t\t\t\n\t\t<\/div>\n\t\t\n\t\t<div class=\"vc_empty_space\"   style=\"height: 25px\"><span class=\"vc_empty_space_inner\"><\/span><\/div>\t\t<div id=\"gallery_966\" class=\"wd-images-gallery wd-wpb wd-rs-620fe6256266c\" style=\"--wd-justify-content:center;--wd-align-items:center;\">\n\t\t\t\n\t\t\t<div class=\"wd-grid-g\" style=\"--wd-col-lg:1;--wd-col-md:1;--wd-col-sm:1;--wd-gap-lg:0px;\">\n\t\t\t\t\n\t\t\t\t\t\t\t\t\t\t\t\t\t\t\t<div class=\"wd-gallery-item wd-col\">\n\t\t\t\t\t\t\t\t\t\t\t\t\t\t<a href=\"\/da\/product\/wijher-solv-20-cm\/\" data-elementor-open-lightbox=\"no\" data-index=\"1\" data-width=\"640\" data-height=\"640\" \n\t\t\t\t\t\t\t\t\t\t\t\t\t\t\t\t\t\t\t\t>\n\t\t\t\t\t\t\t\t\n\t\t\t\t\t\t\t\t<img loading=\"lazy\" decoding=\"async\" width=\"300\" height=\"300\" src=\"https:\/\/www.altag.nl\/wp-content\/uploads\/2022\/01\/wijher5-300x300.jpg\" class=\"wd-gallery-image image-1\" alt=\"Wijher Husnummer S\u00f8lv 15 cm rustfrit st\u00e5l - husnummer 5\" srcset=\"https:\/\/www.altag.nl\/wp-content\/uploads\/2022\/01\/wijher5-300x300.jpg 300w, https:\/\/www.altag.nl\/wp-content\/uploads\/2022\/01\/wijher5-430x430.jpg 430w, https:\/\/www.altag.nl\/wp-content\/uploads\/2022\/01\/wijher5-75x75.jpg 75w, https:\/\/www.altag.nl\/wp-content\/uploads\/2022\/01\/wijher5-150x150.jpg 150w, https:\/\/www.altag.nl\/wp-content\/uploads\/2022\/01\/wijher5.jpg 640w\" sizes=\"auto, (max-width: 300px) 100vw, 300px\" \/>\n\t\t\t\t\t\t\t\t\t\t\t\t\t\t\t<\/a>\n\t\t\t\t\t\t\t\t\t\t\t\t<\/div>\n\t\t\t\t\t\t\t\t\t\n\t\t\t\t\t\t\t<\/div>\n\n\t\t\t\t\t<\/div>\n\t\t<\/div><\/div><\/div><\/div><div class=\"vc_row wpb_row vc_row-fluid\"><div class=\"wpb_column vc_column_container vc_col-sm-12\"><div class=\"vc_column-inner\"><div class=\"wpb_wrapper\"><div class=\"vc_separator wpb_content_element vc_separator_align_center vc_sep_width_100 vc_sep_pos_align_center vc_separator_no_text vc_sep_color_grey\" ><span class=\"vc_sep_holder vc_sep_holder_l\"><span class=\"vc_sep_line\"><\/span><\/span><span class=\"vc_sep_holder vc_sep_holder_r\"><span class=\"vc_sep_line\"><\/span><\/span>\n<\/div><\/div><\/div><\/div><\/div><div class=\"vc_row wpb_row vc_row-fluid\"><div class=\"wpb_column vc_column_container vc_col-sm-6\"><div class=\"vc_column-inner\"><div class=\"wpb_wrapper\">\n\t\t<div id=\"wd-66880ee0e9bf8\" class=\"title-wrapper wd-wpb wd-set-mb reset-last-child  wd-rs-66880ee0e9bf8 wd-title-color-default wd-title-style-default text-left vc_custom_1720192741355 wd-underline-colored\">\n\t\t\t\n\t\t\t<div class=\"liner-continer\">\n\t\t\t\t<h4 class=\"woodmart-title-container title  wd-font-weight- wd-fontsize-m\" ><strong>Beskrivelse<\/strong><\/h4>\n\t\t\t\t\t\t\t<\/div>\n\t\t\t\n\t\t\t\n\t\t\t\n\t\t<\/div>\n\t\t\n\t\t\n\t<div class=\"wpb_text_column wpb_content_element\" >\n\t\t<div class=\"wpb_wrapper\">\n\t\t\t<h5>Giv dit hjem en stilfuld opgradering med Wijher Black House Number p\u00e5 20 cm<\/h5>\n<p>Vil du give dit hjem et moderne og markant udtryk? Wijher Sort 20 cm husnummer er det perfekte valg! Dette stilfulde husnummer, i en sort farve og lavet af h\u00f8jkvalitets rustfrit st\u00e5l, er et \u00e6gte blikfang. Takket v\u00e6re den holdbare pulverlakering forbliver farven smuk i \u00e5revis, og det rustfri st\u00e5l tilbyder en langtidsholdbar og rustfri l\u00f8sning. Wijher Sort p\u00e5 20 cm giver enhver facade, fra en enfamiliehus til en luksusvilla, en chik og moderne prikken over i&#039;et.<\/p>\n<h5>Flydende montering for en unik effekt<\/h5>\n<p>Wijher Sort 20 cm husnummer tilbyder mere end blot et stilfuldt look. Med den innovative flydende monteringsmulighed kan husnummeret monteres cirka 1 cm fra v\u00e6ggen ved hj\u00e6lp af f\u00f8dderne p\u00e5 bagsiden. Dette skaber en moderne sv\u00e6vende effekt, der g\u00f8r husnummeret tydeligt synligt, ogs\u00e5 p\u00e5 afstand. Inklusive alle n\u00f8dvendige monteringsmaterialer og en detaljeret installation trin-for-trin plan, er installationen hurtig og nem.<\/p>\n<h5>Tilg\u00e6ngelige st\u00f8rrelser og farver<\/h5>\n<p>Ud over 20 cm-varianten af Wijher Black er der ogs\u00e5 andre st\u00f8rrelser og farver tilg\u00e6ngelige. For dem, der leder efter en mindre eller st\u00f8rre st\u00f8rrelse, f\u00e5s ogs\u00e5 15 cm og 30 cm versionerne, inklusive bogstaverne A, B og C. Derudover findes der varianter i forskellige farver s\u00e5som Wijher rustfrit st\u00e5l i 15 cm, s\u00e5 som du kan vil altid finde et husnummer, der matcher din boligstil og smag perfekt.<\/p>\n\n\t\t<\/div>\n\t<\/div>\n<\/div><\/div><\/div><div class=\"wpb_column vc_column_container vc_col-sm-6\"><div class=\"vc_column-inner\"><div class=\"wpb_wrapper\">\n\t\t<div id=\"wd-605f4432a0513\" class=\"title-wrapper wd-wpb wd-set-mb reset-last-child  wd-rs-605f4432a0513 wd-title-color-default wd-title-style-default text-left vc_custom_1616856125128 wd-underline-colored\">\n\t\t\t\n\t\t\t<div class=\"liner-continer\">\n\t\t\t\t<h4 class=\"woodmart-title-container title  wd-font-weight- wd-fontsize-m\" ><strong>Pakkens indhold<\/strong><\/h4>\n\t\t\t\t\t\t\t<\/div>\n\t\t\t\n\t\t\t\n\t\t\t\n\t\t<\/div>\n\t\t\n\t\t\n\t<div class=\"wpb_text_column wpb_content_element\" >\n\t\t<div class=\"wpb_wrapper\">\n\t\t\t<p>\u2022 Husnummer<br \/>\n\u2022 Monteringsmateriale: skruer og propper<\/p>\n\n\t\t<\/div>\n\t<\/div>\n<\/div><\/div><\/div><\/div>\n<\/div>","protected":false},"excerpt":{"rendered":"<p>Oplev vores mangfoldige samling af moderne husnumre i forskellige former og st\u00f8rrelser, inklusive stilfulde farver som sort, guld, s\u00f8lv, bronze og kobber. Giv dit hjem et unikt look med husnumre, der passer perfekt til dine pr\u00e6ferencer. V\u00e6lg mellem en r\u00e6kke stilarter for at finde det ideelle husnummer, der matcher din hovedd\u00f8r. G\u00f8r dit hus lettere at finde med stilfulde og funktionelle husnumre. Bestil i dag og giv dit hjem et strejf af personlighed og elegance.<\/p>","protected":false},"featured_media":12089,"template":"","meta":[],"product_brand":[],"product_cat":[175],"product_tag":[217,210,241,220,222,207],"class_list":{"0":"post-7547","1":"product","2":"type-product","3":"status-publish","4":"has-post-thumbnail","6":"product_cat-huisnummers","7":"product_tag-20-cm","8":"product_tag-huisnummer","9":"product_tag-roestvrij-staal","10":"product_tag-rvs","11":"product_tag-wijher","12":"product_tag-zwart","14":"first","15":"instock","16":"sale","17":"taxable","18":"shipping-taxable","19":"purchasable","20":"product-type-variable"},"yoast_head":"<!-- This site is optimized with the Yoast SEO plugin v27.4 - https:\/\/yoast.com\/product\/yoast-seo-wordpress\/ -->\n<title>Huisnummer Zwart 20 cm<\/title>\n<meta name=\"description\" content=\"Geef jouw woning een opvallende look met het Wijher Zwart huisnummer van 20 cm. Eenvoudig te installeren met een fraai zwevend effect. Beschikbaar in 0-9 en de letters A, B, C.\" \/>\n<meta name=\"robots\" content=\"index, follow, max-snippet:-1, max-image-preview:large, max-video-preview:-1\" \/>\n<link rel=\"canonical\" href=\"https:\/\/www.altag.nl\/da\/product\/wijher-sort-20-cm\/\" \/>\n<meta property=\"og:locale\" content=\"da_DK\" \/>\n<meta property=\"og:type\" content=\"article\" \/>\n<meta property=\"og:title\" content=\"Huisnummer Zwart 20 cm\" \/>\n<meta property=\"og:description\" content=\"Geef jouw woning een opvallende look met het Wijher Zwart huisnummer van 20 cm. Eenvoudig te installeren met een fraai zwevend effect. Beschikbaar in 0-9 en de letters A, B, C.\" \/>\n<meta property=\"og:url\" content=\"https:\/\/www.altag.nl\/da\/product\/wijher-sort-20-cm\/\" \/>\n<meta property=\"og:site_name\" content=\"ALTAG\" \/>\n<meta property=\"article:modified_time\" content=\"2025-12-19T09:47:31+00:00\" \/>\n<meta property=\"og:image\" content=\"https:\/\/www.altag.nl\/wp-content\/uploads\/2022\/01\/Huisnummer-Zwart-RVS-15-cm-Mat-zwarte-moderne-huisnummeres.webp\" \/>\n\t<meta property=\"og:image:width\" content=\"1250\" \/>\n\t<meta property=\"og:image:height\" content=\"1250\" \/>\n\t<meta property=\"og:image:type\" content=\"image\/webp\" \/>\n<meta name=\"twitter:card\" content=\"summary_large_image\" \/>\n<meta name=\"twitter:label1\" content=\"Estimeret l\u00e6setid\" \/>\n\t<meta name=\"twitter:data1\" content=\"3 minutter\" \/>\n<script type=\"application\/ld+json\" class=\"yoast-schema-graph\">{\"@context\":\"https:\\\/\\\/schema.org\",\"@graph\":[{\"@type\":[\"WebPage\",\"ItemPage\"],\"@id\":\"https:\\\/\\\/www.altag.nl\\\/product\\\/wijher-zwart-20-cm\\\/\",\"url\":\"https:\\\/\\\/www.altag.nl\\\/product\\\/wijher-zwart-20-cm\\\/\",\"name\":\"Huisnummer Zwart 20 cm\",\"isPartOf\":{\"@id\":\"https:\\\/\\\/www.altag.nl\\\/#website\"},\"primaryImageOfPage\":{\"@id\":\"https:\\\/\\\/www.altag.nl\\\/product\\\/wijher-zwart-20-cm\\\/#primaryimage\"},\"image\":{\"@id\":\"https:\\\/\\\/www.altag.nl\\\/product\\\/wijher-zwart-20-cm\\\/#primaryimage\"},\"thumbnailUrl\":\"https:\\\/\\\/www.altag.nl\\\/wp-content\\\/uploads\\\/2022\\\/01\\\/Huisnummer-Zwart-RVS-15-cm-Mat-zwarte-moderne-huisnummeres.webp\",\"datePublished\":\"2022-01-20T13:13:03+00:00\",\"dateModified\":\"2025-12-19T09:47:31+00:00\",\"description\":\"Geef jouw woning een opvallende look met het Wijher Zwart huisnummer van 20 cm. Eenvoudig te installeren met een fraai zwevend effect. Beschikbaar in 0-9 en de letters A, B, C.\",\"breadcrumb\":{\"@id\":\"https:\\\/\\\/www.altag.nl\\\/product\\\/wijher-zwart-20-cm\\\/#breadcrumb\"},\"inLanguage\":\"da-DK\",\"potentialAction\":[{\"@type\":\"ReadAction\",\"target\":[\"https:\\\/\\\/www.altag.nl\\\/product\\\/wijher-zwart-20-cm\\\/\"]}]},{\"@type\":\"ImageObject\",\"inLanguage\":\"da-DK\",\"@id\":\"https:\\\/\\\/www.altag.nl\\\/product\\\/wijher-zwart-20-cm\\\/#primaryimage\",\"url\":\"https:\\\/\\\/www.altag.nl\\\/wp-content\\\/uploads\\\/2022\\\/01\\\/Huisnummer-Zwart-RVS-15-cm-Mat-zwarte-moderne-huisnummeres.webp\",\"contentUrl\":\"https:\\\/\\\/www.altag.nl\\\/wp-content\\\/uploads\\\/2022\\\/01\\\/Huisnummer-Zwart-RVS-15-cm-Mat-zwarte-moderne-huisnummeres.webp\",\"width\":1250,\"height\":1250,\"caption\":\"Huisnummer Zwart RVS 15 cm - Mat zwarte moderne huisnummers\"},{\"@type\":\"BreadcrumbList\",\"@id\":\"https:\\\/\\\/www.altag.nl\\\/product\\\/wijher-zwart-20-cm\\\/#breadcrumb\",\"itemListElement\":[{\"@type\":\"ListItem\",\"position\":1,\"name\":\"Home\",\"item\":\"https:\\\/\\\/www.altag.nl\\\/\"},{\"@type\":\"ListItem\",\"position\":2,\"name\":\"Ons assortiment\",\"item\":\"https:\\\/\\\/www.altag.nl\\\/shop\\\/\"},{\"@type\":\"ListItem\",\"position\":3,\"name\":\"Wijher Zwart 20 cm\"}]},{\"@type\":\"WebSite\",\"@id\":\"https:\\\/\\\/www.altag.nl\\\/#website\",\"url\":\"https:\\\/\\\/www.altag.nl\\\/\",\"name\":\"ALTAG\",\"description\":\"Moderne Huisnummers\",\"publisher\":{\"@id\":\"https:\\\/\\\/www.altag.nl\\\/#organization\"},\"potentialAction\":[{\"@type\":\"SearchAction\",\"target\":{\"@type\":\"EntryPoint\",\"urlTemplate\":\"https:\\\/\\\/www.altag.nl\\\/?s={search_term_string}\"},\"query-input\":{\"@type\":\"PropertyValueSpecification\",\"valueRequired\":true,\"valueName\":\"search_term_string\"}}],\"inLanguage\":\"da-DK\"},{\"@type\":\"Organization\",\"@id\":\"https:\\\/\\\/www.altag.nl\\\/#organization\",\"name\":\"Altag\",\"url\":\"https:\\\/\\\/www.altag.nl\\\/\",\"logo\":{\"@type\":\"ImageObject\",\"inLanguage\":\"da-DK\",\"@id\":\"https:\\\/\\\/www.altag.nl\\\/#\\\/schema\\\/logo\\\/image\\\/\",\"url\":\"https:\\\/\\\/www.altag.nl\\\/wp-content\\\/uploads\\\/2022\\\/10\\\/cropped-favicon-altag.png\",\"contentUrl\":\"https:\\\/\\\/www.altag.nl\\\/wp-content\\\/uploads\\\/2022\\\/10\\\/cropped-favicon-altag.png\",\"width\":512,\"height\":512,\"caption\":\"Altag\"},\"image\":{\"@id\":\"https:\\\/\\\/www.altag.nl\\\/#\\\/schema\\\/logo\\\/image\\\/\"}}]}<\/script>\n<!-- \/ Yoast SEO plugin. -->","yoast_head_json":{"title":"Husnummer Sort 20 cm","description":"Giv dit hjem et sl\u00e5ende look med Wijher Sort husnummer p\u00e5 20 cm. Nem at installere med en smuk sv\u00e6vende effekt. F\u00e5s i 0-9 og bogstaverne A, B, C.","robots":{"index":"index","follow":"follow","max-snippet":"max-snippet:-1","max-image-preview":"max-image-preview:large","max-video-preview":"max-video-preview:-1"},"canonical":"https:\/\/www.altag.nl\/da\/product\/wijher-sort-20-cm\/","og_locale":"da_DK","og_type":"article","og_title":"Huisnummer Zwart 20 cm","og_description":"Geef jouw woning een opvallende look met het Wijher Zwart huisnummer van 20 cm. Eenvoudig te installeren met een fraai zwevend effect. Beschikbaar in 0-9 en de letters A, B, C.","og_url":"https:\/\/www.altag.nl\/da\/product\/wijher-sort-20-cm\/","og_site_name":"ALTAG","article_modified_time":"2025-12-19T09:47:31+00:00","og_image":[{"width":1250,"height":1250,"url":"https:\/\/www.altag.nl\/wp-content\/uploads\/2022\/01\/Huisnummer-Zwart-RVS-15-cm-Mat-zwarte-moderne-huisnummeres.webp","type":"image\/webp"}],"twitter_card":"summary_large_image","twitter_misc":{"Estimeret l\u00e6setid":"3 minutter"},"schema":{"@context":"https:\/\/schema.org","@graph":[{"@type":["WebPage","ItemPage"],"@id":"https:\/\/www.altag.nl\/product\/wijher-zwart-20-cm\/","url":"https:\/\/www.altag.nl\/product\/wijher-zwart-20-cm\/","name":"Husnummer Sort 20 cm","isPartOf":{"@id":"https:\/\/www.altag.nl\/#website"},"primaryImageOfPage":{"@id":"https:\/\/www.altag.nl\/product\/wijher-zwart-20-cm\/#primaryimage"},"image":{"@id":"https:\/\/www.altag.nl\/product\/wijher-zwart-20-cm\/#primaryimage"},"thumbnailUrl":"https:\/\/www.altag.nl\/wp-content\/uploads\/2022\/01\/Huisnummer-Zwart-RVS-15-cm-Mat-zwarte-moderne-huisnummeres.webp","datePublished":"2022-01-20T13:13:03+00:00","dateModified":"2025-12-19T09:47:31+00:00","description":"Giv dit hjem et sl\u00e5ende look med Wijher Sort husnummer p\u00e5 20 cm. Nem at installere med en smuk sv\u00e6vende effekt. F\u00e5s i 0-9 og bogstaverne A, B, C.","breadcrumb":{"@id":"https:\/\/www.altag.nl\/product\/wijher-zwart-20-cm\/#breadcrumb"},"inLanguage":"da-DK","potentialAction":[{"@type":"ReadAction","target":["https:\/\/www.altag.nl\/product\/wijher-zwart-20-cm\/"]}]},{"@type":"ImageObject","inLanguage":"da-DK","@id":"https:\/\/www.altag.nl\/product\/wijher-zwart-20-cm\/#primaryimage","url":"https:\/\/www.altag.nl\/wp-content\/uploads\/2022\/01\/Huisnummer-Zwart-RVS-15-cm-Mat-zwarte-moderne-huisnummeres.webp","contentUrl":"https:\/\/www.altag.nl\/wp-content\/uploads\/2022\/01\/Huisnummer-Zwart-RVS-15-cm-Mat-zwarte-moderne-huisnummeres.webp","width":1250,"height":1250,"caption":"Huisnummer Zwart RVS 15 cm - Mat zwarte moderne huisnummers"},{"@type":"BreadcrumbList","@id":"https:\/\/www.altag.nl\/product\/wijher-zwart-20-cm\/#breadcrumb","itemListElement":[{"@type":"ListItem","position":1,"name":"Home","item":"https:\/\/www.altag.nl\/"},{"@type":"ListItem","position":2,"name":"Ons assortiment","item":"https:\/\/www.altag.nl\/shop\/"},{"@type":"ListItem","position":3,"name":"Wijher Zwart 20 cm"}]},{"@type":"WebSite","@id":"https:\/\/www.altag.nl\/#website","url":"https:\/\/www.altag.nl\/","name":"ALTAG","description":"Moderne husnumre","publisher":{"@id":"https:\/\/www.altag.nl\/#organization"},"potentialAction":[{"@type":"SearchAction","target":{"@type":"EntryPoint","urlTemplate":"https:\/\/www.altag.nl\/?s={search_term_string}"},"query-input":{"@type":"PropertyValueSpecification","valueRequired":true,"valueName":"search_term_string"}}],"inLanguage":"da-DK"},{"@type":"Organization","@id":"https:\/\/www.altag.nl\/#organization","name":"Altag","url":"https:\/\/www.altag.nl\/","logo":{"@type":"ImageObject","inLanguage":"da-DK","@id":"https:\/\/www.altag.nl\/#\/schema\/logo\/image\/","url":"https:\/\/www.altag.nl\/wp-content\/uploads\/2022\/10\/cropped-favicon-altag.png","contentUrl":"https:\/\/www.altag.nl\/wp-content\/uploads\/2022\/10\/cropped-favicon-altag.png","width":512,"height":512,"caption":"Altag"},"image":{"@id":"https:\/\/www.altag.nl\/#\/schema\/logo\/image\/"}}]}},"_links":{"self":[{"href":"https:\/\/www.altag.nl\/da\/wp-json\/wp\/v2\/product\/7547","targetHints":{"allow":["GET"]}}],"collection":[{"href":"https:\/\/www.altag.nl\/da\/wp-json\/wp\/v2\/product"}],"about":[{"href":"https:\/\/www.altag.nl\/da\/wp-json\/wp\/v2\/types\/product"}],"wp:featuredmedia":[{"embeddable":true,"href":"https:\/\/www.altag.nl\/da\/wp-json\/wp\/v2\/media\/12089"}],"wp:attachment":[{"href":"https:\/\/www.altag.nl\/da\/wp-json\/wp\/v2\/media?parent=7547"}],"wp:term":[{"taxonomy":"product_brand","embeddable":true,"href":"https:\/\/www.altag.nl\/da\/wp-json\/wp\/v2\/product_brand?post=7547"},{"taxonomy":"product_cat","embeddable":true,"href":"https:\/\/www.altag.nl\/da\/wp-json\/wp\/v2\/product_cat?post=7547"},{"taxonomy":"product_tag","embeddable":true,"href":"https:\/\/www.altag.nl\/da\/wp-json\/wp\/v2\/product_tag?post=7547"}],"curies":[{"name":"wp","href":"https:\/\/api.w.org\/{rel}","templated":true}]}}