{"id":7497,"date":"2022-01-20T10:56:22","date_gmt":"2022-01-20T10:56:22","guid":{"rendered":"https:\/\/www.altag.nl\/?post_type=product&#038;p=7497"},"modified":"2025-02-04T15:41:28","modified_gmt":"2025-02-04T14:41:28","slug":"wijher-solv-15-cm","status":"publish","type":"product","link":"https:\/\/www.altag.nl\/da\/product\/wijher-solv-15-cm\/","title":{"rendered":"Wijher S\u00f8lv 15 cm"},"content":{"rendered":"<div class=\"wpb-content-wrapper\"><section data-vc-full-width=\"true\" data-vc-full-width-temp=\"true\" data-vc-full-width-init=\"false\" class=\"vc_section vc_custom_1497864350266 vc_section-has-fill wd-row-gradient-enable\"><div class=\"woodmart-row-gradient wd-fill\" style=\"background-image:radial-gradient(ellipse at center center, rgba(255, 255, 255, 0) 15%, rgba(0, 0, 0, 0.07) 100%);\"><\/div><div class=\"vc_row wpb_row vc_row-fluid vc_row-o-content-middle vc_row-flex\"><div class=\"wpb_column vc_column_container vc_col-sm-6\"><div class=\"vc_column-inner vc_custom_1497883959176\"><div class=\"wpb_wrapper\"><h5 style=\"font-size: 18px;color: #777777;text-align: center\" class=\"vc_custom_heading vc_do_custom_heading visible-lg vc_custom_1645188580764\" >Premium udseende<\/h5>\n\t\t<div id=\"wd-620fe6365dfde\" class=\"title-wrapper wd-wpb wd-set-mb reset-last-child  wd-rs-620fe6365dfde wd-title-color-primary wd-title-style-default text-center vc_custom_1645209150788 wd-width-enabled wd-underline-colored\" style=\"--wd-max-width: 90%;\">\n\t\t\t\n\t\t\t<div class=\"liner-continer\">\n\t\t\t\t<h4 class=\"woodmart-title-container title  wd-font-weight- wd-fontsize-xxxl\" >Moderne sort<\/h4>\n\t\t\t\t\t\t\t<\/div>\n\t\t\t\n\t\t\t\t\t\t\t<div class=\"title-after_title reset-last-child  wd-fontsize-s\">Dette husnummer f\u00e5s i forskellige farver, s\u00e5som sort og s\u00f8lv.<\/div>\n\t\t\t\n\t\t\t\n\t\t<\/div>\n\t\t\n\t\t<\/div><\/div><\/div><div class=\"wpb_column text-center vc_column_container vc_col-sm-6\"><div class=\"vc_column-inner\"><div class=\"wpb_wrapper\">\n\t\t<div id=\"wd-605c74afe6fc8\" class=\"title-wrapper wd-wpb wd-set-mb reset-last-child  wd-rs-605c74afe6fc8 wd-title-color-default wd-title-style-underlined text-left vc_custom_1616671930666 wd-underline-colored\">\n\t\t\t\n\t\t\t<div class=\"liner-continer\">\n\t\t\t\t<h4 class=\"woodmart-title-container title  wd-font-weight- wd-fontsize-l\" >Specifikationer<\/h4>\n\t\t\t\t\t\t\t<\/div>\n\t\t\t\n\t\t\t\n\t\t\t\n\t\t<\/div>\n\t\t\n\t\t\n\t<div class=\"wpb_text_column wpb_content_element vc_custom_1645272193540\" >\n\t\t<div class=\"wpb_wrapper\">\n\t\t\t<table>\n<tbody>\n<tr>\n<th>Samling<\/th>\n<td>Wijher<\/td>\n<\/tr>\n<tr>\n<th>Farve:<\/th>\n<td>S\u00f8lv<\/td>\n<\/tr>\n<tr>\n<th>Materiale:<\/th>\n<td>Rustfrit st\u00e5l (304)<\/td>\n<\/tr>\n<tr>\n<th>Forsamling:<\/th>\n<td>Flydende<\/td>\n<\/tr>\n<tr>\n<th>H\u00f8jde:<\/th>\n<td>15 cm<\/td>\n<\/tr>\n<tr>\n<th>V\u00e6gafstand:<\/th>\n<td>1 cm<\/td>\n<\/tr>\n<tr>\n<th>Garanti:<\/th>\n<td>1 \u00e5r<\/td>\n<\/tr>\n<\/tbody>\n<\/table>\n\n\t\t<\/div>\n\t<\/div>\n<\/div><\/div><\/div><\/div><div data-vc-full-width=\"true\" data-vc-full-width-temp=\"true\" data-vc-full-width-init=\"false\" data-vc-stretch-content=\"true\" class=\"vc_row wpb_row vc_row-fluid vc_row-no-padding\"><div class=\"wpb_column vc_column_container vc_col-sm-12\"><div class=\"vc_column-inner\"><div class=\"wpb_wrapper\">\t\t\t<div id=\"wd-6a09bd7112ff1\" class=\"wd-row-divider wd-6a09bd7112ff1 dvr-position-bottom dvr-style-curved-line\">\n\t\t\t\t<svg xmlns=\"http:\/\/www.w3.org\/2000\/svg\" xmlns:xlink=\"http:\/\/www.w3.org\/1999\/xlink\" x=\"0px\" y=\"0px\"\n\t viewbox=\"0 0 100 100\" width=\"100%\" height=\"50px\" preserveaspectratio=\"none\">\n<path display=\"none\" d=\"M100,25.8V100H0V52.5c-4.9-6.8-9.5-13.8-15-19.7V101h125V20.9C106.3,22,103,23.7,100,25.8z\"\/>\n<path d=\"M100,100V0.8C77.8,21.4,71.3,70.5,38.6,70.5c-18.8,0-29.1-16.2-38.6-34V100H100z\"\/>\n<\/svg>\n\t\t\t\t\t\t\t<\/div>\n\t\t<\/div><\/div><\/div><\/div><div class=\"vc_row-full-width vc_clearfix\"><\/div><\/section><div class=\"vc_row-full-width vc_clearfix\"><\/div><div class=\"vc_row wpb_row vc_row-fluid vc_custom_1497864642484\"><div class=\"wpb_column vc_column_container vc_col-sm-6\"><div class=\"vc_column-inner vc_custom_1497864611596\"><div class=\"wpb_wrapper\">\n\t\t<div id=\"wd-620f9b194f007\" class=\"title-wrapper wd-wpb wd-set-mb reset-last-child  wd-rs-620f9b194f007 wd-title-color-primary wd-title-style-default text-center vc_custom_1645189980507 wd-underline-colored\">\n\t\t\t\n\t\t\t<div class=\"liner-continer\">\n\t\t\t\t<h4 class=\"woodmart-title-container title  wd-font-weight- wd-fontsize-xxl\" >Sort<\/h4>\n\t\t\t\t\t\t\t<\/div>\n\t\t\t\n\t\t\t\t\t\t\t<div class=\"title-after_title reset-last-child  wd-fontsize-s\">Matsort husnummer<br \/>\nModerne og trendy udseende.<\/div>\n\t\t\t\n\t\t\t\n\t\t<\/div>\n\t\t\n\t\t<div class=\"vc_empty_space\"   style=\"height: 25px\"><span class=\"vc_empty_space_inner\"><\/span><\/div>\t\t<div id=\"gallery_838\" class=\"wd-images-gallery wd-wpb wd-rs-621008e4a51e4\" style=\"--wd-justify-content:center;--wd-align-items:center;\">\n\t\t\t\n\t\t\t<div class=\"wd-grid-g\" style=\"--wd-col-lg:1;--wd-col-md:1;--wd-col-sm:1;--wd-gap-lg:0px;\">\n\t\t\t\t\n\t\t\t\t\t\t\t\t\t\t\t\t\t\t\t<div class=\"wd-gallery-item wd-col\">\n\t\t\t\t\t\t\t\t\t\t\t\t\t\t<a href=\"\/da\/product\/wijher-sort-15-cm\/\" data-elementor-open-lightbox=\"no\" data-index=\"1\" data-width=\"607\" data-height=\"800\" \n\t\t\t\t\t\t\t\t\t\t\t\t\t\t\t\t\t\t\t\t>\n\t\t\t\t\t\t\t\t\n\t\t\t\t\t\t\t\t<img loading=\"lazy\" decoding=\"async\" width=\"228\" height=\"300\" src=\"https:\/\/www.altag.nl\/wp-content\/uploads\/2022\/01\/wijher-zwart5-228x300.jpg\" class=\"wd-gallery-image image-1\" alt=\"Wijher Husnummer Sort 15 cm rustfrit st\u00e5l - husnummer 5\" srcset=\"https:\/\/www.altag.nl\/wp-content\/uploads\/2022\/01\/wijher-zwart5-228x300.jpg 228w, https:\/\/www.altag.nl\/wp-content\/uploads\/2022\/01\/wijher-zwart5-430x567.jpg 430w, https:\/\/www.altag.nl\/wp-content\/uploads\/2022\/01\/wijher-zwart5-75x99.jpg 75w, https:\/\/www.altag.nl\/wp-content\/uploads\/2022\/01\/wijher-zwart5.jpg 607w\" sizes=\"auto, (max-width: 228px) 100vw, 228px\" \/>\n\t\t\t\t\t\t\t\t\t\t\t\t\t\t\t<\/a>\n\t\t\t\t\t\t\t\t\t\t\t\t<\/div>\n\t\t\t\t\t\t\t\t\t\n\t\t\t\t\t\t\t<\/div>\n\n\t\t\t\t\t<\/div>\n\t\t<\/div><\/div><\/div><div class=\"wpb_column vc_column_container vc_col-sm-6\"><div class=\"vc_column-inner vc_custom_1497864622411\"><div class=\"wpb_wrapper\">\n\t\t<div id=\"wd-620fcd56c1a24\" class=\"title-wrapper wd-wpb wd-set-mb reset-last-child  wd-rs-620fcd56c1a24 wd-title-color-primary wd-title-style-default text-center vc_custom_1645203149284 wd-underline-colored\">\n\t\t\t\n\t\t\t<div class=\"liner-continer\">\n\t\t\t\t<h4 class=\"woodmart-title-container title  wd-font-weight- wd-fontsize-xxl\" >S\u00f8lv<\/h4>\n\t\t\t\t\t\t\t<\/div>\n\t\t\t\n\t\t\t\t\t\t\t<div class=\"title-after_title reset-last-child  wd-fontsize-s\">Husnummer i mat s\u00f8lv<br \/>\nKlassisk og robust udseende.<\/div>\n\t\t\t\n\t\t\t\n\t\t<\/div>\n\t\t\n\t\t<div class=\"vc_empty_space\"   style=\"height: 25px\"><span class=\"vc_empty_space_inner\"><\/span><\/div>\t\t<div id=\"gallery_168\" class=\"wd-images-gallery wd-wpb wd-rs-621008dde735d\" style=\"--wd-justify-content:center;--wd-align-items:center;\">\n\t\t\t\n\t\t\t<div class=\"wd-grid-g\" style=\"--wd-col-lg:1;--wd-col-md:1;--wd-col-sm:1;--wd-gap-lg:0px;\">\n\t\t\t\t\n\t\t\t\t\t\t\t\t\t\t\t\t\t\t\t<div class=\"wd-gallery-item wd-col\">\n\t\t\t\t\t\t\t\n\t\t\t\t\t\t\t\t<img loading=\"lazy\" decoding=\"async\" width=\"300\" height=\"300\" src=\"https:\/\/www.altag.nl\/wp-content\/uploads\/2022\/01\/wijher5-300x300.jpg\" class=\"wd-gallery-image image-1\" alt=\"Wijher Husnummer S\u00f8lv 15 cm rustfrit st\u00e5l - husnummer 5\" srcset=\"https:\/\/www.altag.nl\/wp-content\/uploads\/2022\/01\/wijher5-300x300.jpg 300w, https:\/\/www.altag.nl\/wp-content\/uploads\/2022\/01\/wijher5-430x430.jpg 430w, https:\/\/www.altag.nl\/wp-content\/uploads\/2022\/01\/wijher5-75x75.jpg 75w, https:\/\/www.altag.nl\/wp-content\/uploads\/2022\/01\/wijher5-150x150.jpg 150w, https:\/\/www.altag.nl\/wp-content\/uploads\/2022\/01\/wijher5.jpg 640w\" sizes=\"auto, (max-width: 300px) 100vw, 300px\" \/>\n\t\t\t\t\t\t\t\t\t\t\t\t\t\t<\/div>\n\t\t\t\t\t\t\t\t\t\n\t\t\t\t\t\t\t<\/div>\n\n\t\t\t\t\t<\/div>\n\t\t<\/div><\/div><\/div><\/div><div class=\"vc_row wpb_row vc_row-fluid\"><div class=\"wpb_column vc_column_container vc_col-sm-12\"><div class=\"vc_column-inner\"><div class=\"wpb_wrapper\"><div class=\"vc_separator wpb_content_element vc_separator_align_center vc_sep_width_100 vc_sep_pos_align_center vc_separator_no_text vc_sep_color_grey\" ><span class=\"vc_sep_holder vc_sep_holder_l\"><span class=\"vc_sep_line\"><\/span><\/span><span class=\"vc_sep_holder vc_sep_holder_r\"><span class=\"vc_sep_line\"><\/span><\/span>\n<\/div><\/div><\/div><\/div><\/div><div class=\"vc_row wpb_row vc_row-fluid\"><div class=\"wpb_column vc_column_container vc_col-sm-6\"><div class=\"vc_column-inner\"><div class=\"wpb_wrapper\">\n\t\t<div id=\"wd-605f446f0a20a\" class=\"title-wrapper wd-wpb wd-set-mb reset-last-child  wd-rs-605f446f0a20a wd-title-color-default wd-title-style-default text-left vc_custom_1616856174702 wd-underline-colored\">\n\t\t\t\n\t\t\t<div class=\"liner-continer\">\n\t\t\t\t<h4 class=\"woodmart-title-container title  wd-font-weight- wd-fontsize-m\" ><strong>Fordele<\/strong><\/h4>\n\t\t\t\t\t\t\t<\/div>\n\t\t\t\n\t\t\t\n\t\t\t\n\t\t<\/div>\n\t\t\n\t\t\n\t<div class=\"wpb_text_column wpb_content_element\" >\n\t\t<div class=\"wpb_wrapper\">\n\t\t\t<p><strong>Flot design, let at l\u00e6se:<\/strong><br \/>\nDe sorte &amp; guld-husnumre er \u00e5rets trend!<br \/>\nTakket v\u00e6re vores brede sortiment tilbyder vi et passende husnummer til enhver boligtype, varierende i forskellige farver og h\u00f8jder.<\/p>\n<p><strong>Anti-rust, lang levetid:<\/strong><br \/>\nP\u00e5 grund af den specielle legering er alle vores husnumre vejrbestandige.<\/p>\n<p><strong>Montering, p\u00e5 ethvert materiale:<\/strong><br \/>\nVores husnumre kan monteres p\u00e5 forskellige overflader (murstensv\u00e6g, gips eller tr\u00e6plade), ved hj\u00e6lp af de medf\u00f8lgende monteringsmaterialer. Dette g\u00f8r installationen meget nem!<\/p>\n\n\t\t<\/div>\n\t<\/div>\n<\/div><\/div><\/div><div class=\"wpb_column vc_column_container vc_col-sm-6\"><div class=\"vc_column-inner\"><div class=\"wpb_wrapper\">\n\t\t<div id=\"wd-605f4432a0513\" class=\"title-wrapper wd-wpb wd-set-mb reset-last-child  wd-rs-605f4432a0513 wd-title-color-default wd-title-style-default text-left vc_custom_1616856125128 wd-underline-colored\">\n\t\t\t\n\t\t\t<div class=\"liner-continer\">\n\t\t\t\t<h4 class=\"woodmart-title-container title  wd-font-weight- wd-fontsize-m\" ><strong>Pakkens indhold<\/strong><\/h4>\n\t\t\t\t\t\t\t<\/div>\n\t\t\t\n\t\t\t\n\t\t\t\n\t\t<\/div>\n\t\t\n\t\t\n\t<div class=\"wpb_text_column wpb_content_element\" >\n\t\t<div class=\"wpb_wrapper\">\n\t\t\t<p>\u2022 Husnummer<br \/>\n\u2022 Monteringsmateriale: skruer og propper<\/p>\n\n\t\t<\/div>\n\t<\/div>\n<\/div><\/div><\/div><\/div>\n<\/div>","protected":false},"excerpt":{"rendered":"<p>Oplev vores mangfoldige samling af moderne husnumre i forskellige former og st\u00f8rrelser, inklusive stilfulde farver som sort, guld, s\u00f8lv, bronze og kobber. Giv dit hjem et unikt look med husnumre, der passer perfekt til dine pr\u00e6ferencer. V\u00e6lg mellem en r\u00e6kke stilarter for at finde det ideelle husnummer, der matcher din hovedd\u00f8r. G\u00f8r dit hus lettere at finde med stilfulde og funktionelle husnumre. Bestil i dag og giv dit hjem et strejf af personlighed og elegance.<\/p>","protected":false},"featured_media":13106,"template":"","meta":[],"product_brand":[],"product_cat":[175],"product_tag":[208,210,241,220,222,212],"class_list":{"0":"post-7497","1":"product","2":"type-product","3":"status-publish","4":"has-post-thumbnail","6":"product_cat-huisnummers","7":"product_tag-15-cm","8":"product_tag-huisnummer","9":"product_tag-roestvrij-staal","10":"product_tag-rvs","11":"product_tag-wijher","12":"product_tag-zilver","14":"first","15":"instock","16":"sale","17":"taxable","18":"shipping-taxable","19":"purchasable","20":"product-type-variable"},"yoast_head":"<!-- This site is optimized with the Yoast SEO plugin v27.6 - https:\/\/yoast.com\/product\/yoast-seo-wordpress\/ -->\n<title>RVS huisnummer<\/title>\n<meta name=\"description\" content=\"RVS huisnummer nodig? Verkrijgbaar in diverse vormen, kleuren en maten. \u2713Morgen in huis \u2713Gratis verzending \u2713Achteraf betalen\" \/>\n<meta name=\"robots\" content=\"index, follow, max-snippet:-1, max-image-preview:large, max-video-preview:-1\" \/>\n<link rel=\"canonical\" href=\"https:\/\/www.altag.nl\/da\/product\/wijher-solv-15-cm\/\" \/>\n<meta property=\"og:locale\" content=\"da_DK\" \/>\n<meta property=\"og:type\" content=\"article\" \/>\n<meta property=\"og:title\" content=\"RVS huisnummer\" \/>\n<meta property=\"og:description\" content=\"RVS huisnummer nodig? Verkrijgbaar in diverse vormen, kleuren en maten. \u2713Morgen in huis \u2713Gratis verzending \u2713Achteraf betalen\" \/>\n<meta property=\"og:url\" content=\"https:\/\/www.altag.nl\/da\/product\/wijher-solv-15-cm\/\" \/>\n<meta property=\"og:site_name\" content=\"ALTAG\" \/>\n<meta property=\"article:modified_time\" content=\"2025-02-04T14:41:28+00:00\" \/>\n<meta property=\"og:image\" content=\"https:\/\/www.altag.nl\/wp-content\/uploads\/2022\/01\/RVS-huisnummer-15-cm-huisnummer-zilver-modern-sfeerfoto4-scaled.webp\" \/>\n\t<meta property=\"og:image:width\" content=\"2560\" \/>\n\t<meta property=\"og:image:height\" content=\"2560\" \/>\n\t<meta property=\"og:image:type\" content=\"image\/webp\" \/>\n<meta name=\"twitter:card\" content=\"summary_large_image\" \/>\n<meta name=\"twitter:label1\" content=\"Estimeret l\u00e6setid\" \/>\n\t<meta name=\"twitter:data1\" content=\"2 minutter\" \/>\n<script type=\"application\/ld+json\" class=\"yoast-schema-graph\">{\"@context\":\"https:\\\/\\\/schema.org\",\"@graph\":[{\"@type\":[\"WebPage\",\"ItemPage\"],\"@id\":\"https:\\\/\\\/www.altag.nl\\\/product\\\/wijher-zilver-15-cm\\\/\",\"url\":\"https:\\\/\\\/www.altag.nl\\\/product\\\/wijher-zilver-15-cm\\\/\",\"name\":\"RVS huisnummer\",\"isPartOf\":{\"@id\":\"https:\\\/\\\/www.altag.nl\\\/#website\"},\"primaryImageOfPage\":{\"@id\":\"https:\\\/\\\/www.altag.nl\\\/product\\\/wijher-zilver-15-cm\\\/#primaryimage\"},\"image\":{\"@id\":\"https:\\\/\\\/www.altag.nl\\\/product\\\/wijher-zilver-15-cm\\\/#primaryimage\"},\"thumbnailUrl\":\"https:\\\/\\\/www.altag.nl\\\/wp-content\\\/uploads\\\/2022\\\/01\\\/RVS-huisnummer-15-cm-huisnummer-zilver-modern-sfeerfoto4-scaled.webp\",\"datePublished\":\"2022-01-20T10:56:22+00:00\",\"dateModified\":\"2025-02-04T14:41:28+00:00\",\"description\":\"RVS huisnummer nodig? Verkrijgbaar in diverse vormen, kleuren en maten. \u2713Morgen in huis \u2713Gratis verzending \u2713Achteraf betalen\",\"breadcrumb\":{\"@id\":\"https:\\\/\\\/www.altag.nl\\\/product\\\/wijher-zilver-15-cm\\\/#breadcrumb\"},\"inLanguage\":\"da-DK\",\"potentialAction\":[{\"@type\":\"ReadAction\",\"target\":[\"https:\\\/\\\/www.altag.nl\\\/product\\\/wijher-zilver-15-cm\\\/\"]}]},{\"@type\":\"ImageObject\",\"inLanguage\":\"da-DK\",\"@id\":\"https:\\\/\\\/www.altag.nl\\\/product\\\/wijher-zilver-15-cm\\\/#primaryimage\",\"url\":\"https:\\\/\\\/www.altag.nl\\\/wp-content\\\/uploads\\\/2022\\\/01\\\/RVS-huisnummer-15-cm-huisnummer-zilver-modern-sfeerfoto4-scaled.webp\",\"contentUrl\":\"https:\\\/\\\/www.altag.nl\\\/wp-content\\\/uploads\\\/2022\\\/01\\\/RVS-huisnummer-15-cm-huisnummer-zilver-modern-sfeerfoto4-scaled.webp\",\"width\":2560,\"height\":2560,\"caption\":\"RVS huisnummer 15 cm - huisnummer zilver modern -sfeerfoto4\"},{\"@type\":\"BreadcrumbList\",\"@id\":\"https:\\\/\\\/www.altag.nl\\\/product\\\/wijher-zilver-15-cm\\\/#breadcrumb\",\"itemListElement\":[{\"@type\":\"ListItem\",\"position\":1,\"name\":\"Home\",\"item\":\"https:\\\/\\\/www.altag.nl\\\/\"},{\"@type\":\"ListItem\",\"position\":2,\"name\":\"Ons assortiment\",\"item\":\"https:\\\/\\\/www.altag.nl\\\/shop\\\/\"},{\"@type\":\"ListItem\",\"position\":3,\"name\":\"Wijher Zilver 15 cm\"}]},{\"@type\":\"WebSite\",\"@id\":\"https:\\\/\\\/www.altag.nl\\\/#website\",\"url\":\"https:\\\/\\\/www.altag.nl\\\/\",\"name\":\"ALTAG\",\"description\":\"Moderne Huisnummers\",\"publisher\":{\"@id\":\"https:\\\/\\\/www.altag.nl\\\/#organization\"},\"potentialAction\":[{\"@type\":\"SearchAction\",\"target\":{\"@type\":\"EntryPoint\",\"urlTemplate\":\"https:\\\/\\\/www.altag.nl\\\/?s={search_term_string}\"},\"query-input\":{\"@type\":\"PropertyValueSpecification\",\"valueRequired\":true,\"valueName\":\"search_term_string\"}}],\"inLanguage\":\"da-DK\"},{\"@type\":\"Organization\",\"@id\":\"https:\\\/\\\/www.altag.nl\\\/#organization\",\"name\":\"Altag\",\"url\":\"https:\\\/\\\/www.altag.nl\\\/\",\"logo\":{\"@type\":\"ImageObject\",\"inLanguage\":\"da-DK\",\"@id\":\"https:\\\/\\\/www.altag.nl\\\/#\\\/schema\\\/logo\\\/image\\\/\",\"url\":\"https:\\\/\\\/www.altag.nl\\\/wp-content\\\/uploads\\\/2022\\\/10\\\/cropped-favicon-altag.png\",\"contentUrl\":\"https:\\\/\\\/www.altag.nl\\\/wp-content\\\/uploads\\\/2022\\\/10\\\/cropped-favicon-altag.png\",\"width\":512,\"height\":512,\"caption\":\"Altag\"},\"image\":{\"@id\":\"https:\\\/\\\/www.altag.nl\\\/#\\\/schema\\\/logo\\\/image\\\/\"}}]}<\/script>\n<!-- \/ Yoast SEO plugin. -->","yoast_head_json":{"title":"Husnummer i rustfrit st\u00e5l","description":"Har du brug for et husnummer i rustfrit st\u00e5l? F\u00e5s i forskellige former, farver og st\u00f8rrelser. \u2713Leveret i morgen \u2713Gratis fragt \u2713Betal bagefter","robots":{"index":"index","follow":"follow","max-snippet":"max-snippet:-1","max-image-preview":"max-image-preview:large","max-video-preview":"max-video-preview:-1"},"canonical":"https:\/\/www.altag.nl\/da\/product\/wijher-solv-15-cm\/","og_locale":"da_DK","og_type":"article","og_title":"RVS huisnummer","og_description":"RVS huisnummer nodig? Verkrijgbaar in diverse vormen, kleuren en maten. \u2713Morgen in huis \u2713Gratis verzending \u2713Achteraf betalen","og_url":"https:\/\/www.altag.nl\/da\/product\/wijher-solv-15-cm\/","og_site_name":"ALTAG","article_modified_time":"2025-02-04T14:41:28+00:00","og_image":[{"width":2560,"height":2560,"url":"https:\/\/www.altag.nl\/wp-content\/uploads\/2022\/01\/RVS-huisnummer-15-cm-huisnummer-zilver-modern-sfeerfoto4-scaled.webp","type":"image\/webp"}],"twitter_card":"summary_large_image","twitter_misc":{"Estimeret l\u00e6setid":"2 minutter"},"schema":{"@context":"https:\/\/schema.org","@graph":[{"@type":["WebPage","ItemPage"],"@id":"https:\/\/www.altag.nl\/product\/wijher-zilver-15-cm\/","url":"https:\/\/www.altag.nl\/product\/wijher-zilver-15-cm\/","name":"Husnummer i rustfrit st\u00e5l","isPartOf":{"@id":"https:\/\/www.altag.nl\/#website"},"primaryImageOfPage":{"@id":"https:\/\/www.altag.nl\/product\/wijher-zilver-15-cm\/#primaryimage"},"image":{"@id":"https:\/\/www.altag.nl\/product\/wijher-zilver-15-cm\/#primaryimage"},"thumbnailUrl":"https:\/\/www.altag.nl\/wp-content\/uploads\/2022\/01\/RVS-huisnummer-15-cm-huisnummer-zilver-modern-sfeerfoto4-scaled.webp","datePublished":"2022-01-20T10:56:22+00:00","dateModified":"2025-02-04T14:41:28+00:00","description":"Har du brug for et husnummer i rustfrit st\u00e5l? F\u00e5s i forskellige former, farver og st\u00f8rrelser. \u2713Leveret i morgen \u2713Gratis fragt \u2713Betal bagefter","breadcrumb":{"@id":"https:\/\/www.altag.nl\/product\/wijher-zilver-15-cm\/#breadcrumb"},"inLanguage":"da-DK","potentialAction":[{"@type":"ReadAction","target":["https:\/\/www.altag.nl\/product\/wijher-zilver-15-cm\/"]}]},{"@type":"ImageObject","inLanguage":"da-DK","@id":"https:\/\/www.altag.nl\/product\/wijher-zilver-15-cm\/#primaryimage","url":"https:\/\/www.altag.nl\/wp-content\/uploads\/2022\/01\/RVS-huisnummer-15-cm-huisnummer-zilver-modern-sfeerfoto4-scaled.webp","contentUrl":"https:\/\/www.altag.nl\/wp-content\/uploads\/2022\/01\/RVS-huisnummer-15-cm-huisnummer-zilver-modern-sfeerfoto4-scaled.webp","width":2560,"height":2560,"caption":"RVS huisnummer 15 cm - huisnummer zilver modern -sfeerfoto4"},{"@type":"BreadcrumbList","@id":"https:\/\/www.altag.nl\/product\/wijher-zilver-15-cm\/#breadcrumb","itemListElement":[{"@type":"ListItem","position":1,"name":"Home","item":"https:\/\/www.altag.nl\/"},{"@type":"ListItem","position":2,"name":"Ons assortiment","item":"https:\/\/www.altag.nl\/shop\/"},{"@type":"ListItem","position":3,"name":"Wijher Zilver 15 cm"}]},{"@type":"WebSite","@id":"https:\/\/www.altag.nl\/#website","url":"https:\/\/www.altag.nl\/","name":"ALTAG","description":"Moderne husnumre","publisher":{"@id":"https:\/\/www.altag.nl\/#organization"},"potentialAction":[{"@type":"SearchAction","target":{"@type":"EntryPoint","urlTemplate":"https:\/\/www.altag.nl\/?s={search_term_string}"},"query-input":{"@type":"PropertyValueSpecification","valueRequired":true,"valueName":"search_term_string"}}],"inLanguage":"da-DK"},{"@type":"Organization","@id":"https:\/\/www.altag.nl\/#organization","name":"Altag","url":"https:\/\/www.altag.nl\/","logo":{"@type":"ImageObject","inLanguage":"da-DK","@id":"https:\/\/www.altag.nl\/#\/schema\/logo\/image\/","url":"https:\/\/www.altag.nl\/wp-content\/uploads\/2022\/10\/cropped-favicon-altag.png","contentUrl":"https:\/\/www.altag.nl\/wp-content\/uploads\/2022\/10\/cropped-favicon-altag.png","width":512,"height":512,"caption":"Altag"},"image":{"@id":"https:\/\/www.altag.nl\/#\/schema\/logo\/image\/"}}]}},"_links":{"self":[{"href":"https:\/\/www.altag.nl\/da\/wp-json\/wp\/v2\/product\/7497","targetHints":{"allow":["GET"]}}],"collection":[{"href":"https:\/\/www.altag.nl\/da\/wp-json\/wp\/v2\/product"}],"about":[{"href":"https:\/\/www.altag.nl\/da\/wp-json\/wp\/v2\/types\/product"}],"wp:featuredmedia":[{"embeddable":true,"href":"https:\/\/www.altag.nl\/da\/wp-json\/wp\/v2\/media\/13106"}],"wp:attachment":[{"href":"https:\/\/www.altag.nl\/da\/wp-json\/wp\/v2\/media?parent=7497"}],"wp:term":[{"taxonomy":"product_brand","embeddable":true,"href":"https:\/\/www.altag.nl\/da\/wp-json\/wp\/v2\/product_brand?post=7497"},{"taxonomy":"product_cat","embeddable":true,"href":"https:\/\/www.altag.nl\/da\/wp-json\/wp\/v2\/product_cat?post=7497"},{"taxonomy":"product_tag","embeddable":true,"href":"https:\/\/www.altag.nl\/da\/wp-json\/wp\/v2\/product_tag?post=7497"}],"curies":[{"name":"wp","href":"https:\/\/api.w.org\/{rel}","templated":true}]}}